{"id":44473,"date":"2017-09-19T12:46:12","date_gmt":"2017-09-19T10:46:12","guid":{"rendered":"http:\/\/larindev.com\/bluergo\/fr\/prodotti\/senza%20categoria\/schaltnetzteil-green-energy-power"},"modified":"2017-11-17T16:11:20","modified_gmt":"2017-11-17T15:11:20","slug":"alimentation-smps-green-energy-power","status":"publish","type":"product","link":"https:\/\/bluergo.it\/fr\/prodotti\/automatisation-domotique-et-industriel\/alimentation-smps-green-energy-power","title":{"rendered":"Alimentation SMPS: Green Energy Power"},"content":{"rendered":"<div class=\"wpb-content-wrapper\"><p>[vc_row][vc_column]<div class=\"edgtf-unordered-list  edgtf-circle\"><ul>\n<li>Tension en entr\u00e9e: 100-240 Vac<\/li>\n<li>Fr\u00e9quence: 50-60 Hz<\/li>\n<li>Max puissance \u00e0 vide: 0,2 W@230Vac<\/li>\n<li>Precision de tension en sortie: 2%<\/li>\n<li>Gamme de tension en sortie: 3,3-5 -9- 12-15- 24 Vdc<\/li>\n<li>Maxi TA: 50 \/ 70\u00b0C<\/li>\n<li>Isolation sortie\/entr\u00e9e: 4kV<\/li>\n<li>Dimensions: EI30 &#8211; EI38<\/li>\n<li>Standard: EN60950, EN61558, EN60335, EN55022<\/li>\n<\/ul>\n<\/div>[\/vc_column][\/vc_row]<\/p>\n<\/div>","protected":false},"excerpt":{"rendered":"<p>La s\u00e9rie GEP de Bluergo est une ligne d\u2019alimentation pour circuits imprim\u00e9s qui se propose comme alternative au traditionnel transformateur stratifi\u00e9 avec beaucoup d\u2019avantages : dimensions standards par rapport au transformateurs traditionnels, haute efficience, haute densit\u00e9 de puissance, qui unies aux caract\u00e9ristiques de fonctionnement avec entendue tension d\u2019alimentation, repr\u00e9sentent des prestations favorables pour quelconque type d\u2019application (industrielles, automation domestique).<\/p>\n","protected":false},"featured_media":44117,"template":"","meta":{"_acf_changed":false},"product_brand":[],"product_cat":[104],"product_tag":[],"class_list":{"0":"post-44473","1":"product","2":"type-product","3":"status-publish","4":"has-post-thumbnail","6":"product_cat-automatisation-domotique-et-industriel","8":"first","9":"instock","10":"shipping-taxable","11":"product-type-simple"},"acf":[],"yoast_head":"<!-- This site is optimized with the Yoast SEO plugin v27.4 - https:\/\/yoast.com\/product\/yoast-seo-wordpress\/ -->\n<title>Alimentation SMPS: Green Energy Power - Bluergo: Ing\u00e9nierie \u00e9lectromagn\u00e9tique<\/title>\n<meta name=\"robots\" content=\"index, follow, max-snippet:-1, max-image-preview:large, max-video-preview:-1\" \/>\n<link rel=\"canonical\" href=\"https:\/\/bluergo.it\/fr\/prodotti\/automatisation-domotique-et-industriel\/alimentation-smps-green-energy-power\" \/>\n<meta property=\"og:locale\" content=\"fr_FR\" \/>\n<meta property=\"og:type\" content=\"article\" \/>\n<meta property=\"og:title\" content=\"Alimentation SMPS: Green Energy Power - Bluergo: Ing\u00e9nierie \u00e9lectromagn\u00e9tique\" \/>\n<meta property=\"og:description\" content=\"La s\u00e9rie GEP de Bluergo est une ligne d\u2019alimentation pour circuits imprim\u00e9s qui se propose comme alternative au traditionnel transformateur stratifi\u00e9 avec beaucoup d\u2019avantages : dimensions standards par rapport au transformateurs traditionnels, haute efficience, haute densit\u00e9 de puissance, qui unies aux caract\u00e9ristiques de fonctionnement avec entendue tension d\u2019alimentation, repr\u00e9sentent des prestations favorables pour quelconque type d\u2019application (industrielles, automation domestique).\" \/>\n<meta property=\"og:url\" content=\"https:\/\/bluergo.it\/fr\/prodotti\/automatisation-domotique-et-industriel\/alimentation-smps-green-energy-power\" \/>\n<meta property=\"og:site_name\" content=\"Bluergo: Ing\u00e9nierie \u00e9lectromagn\u00e9tique\" \/>\n<meta property=\"article:modified_time\" content=\"2017-11-17T15:11:20+00:00\" \/>\n<meta property=\"og:image\" content=\"https:\/\/bluergo.it\/wp-content\/uploads\/2017\/09\/11_GDX_3118.jpg\" \/>\n\t<meta property=\"og:image:width\" content=\"969\" \/>\n\t<meta property=\"og:image:height\" content=\"875\" \/>\n\t<meta property=\"og:image:type\" content=\"image\/jpeg\" \/>\n<meta name=\"twitter:card\" content=\"summary_large_image\" \/>\n<script type=\"application\/ld+json\" class=\"yoast-schema-graph\">{\"@context\":\"https:\\\/\\\/schema.org\",\"@graph\":[{\"@type\":\"WebPage\",\"@id\":\"https:\\\/\\\/bluergo.it\\\/fr\\\/prodotti\\\/automatisation-domotique-et-industriel\\\/alimentation-smps-green-energy-power\",\"url\":\"https:\\\/\\\/bluergo.it\\\/fr\\\/prodotti\\\/automatisation-domotique-et-industriel\\\/alimentation-smps-green-energy-power\",\"name\":\"Alimentation SMPS: Green Energy Power - Bluergo: Ing\u00e9nierie \u00e9lectromagn\u00e9tique\",\"isPartOf\":{\"@id\":\"https:\\\/\\\/bluergo.it\\\/#website\"},\"primaryImageOfPage\":{\"@id\":\"https:\\\/\\\/bluergo.it\\\/fr\\\/prodotti\\\/automatisation-domotique-et-industriel\\\/alimentation-smps-green-energy-power#primaryimage\"},\"image\":{\"@id\":\"https:\\\/\\\/bluergo.it\\\/fr\\\/prodotti\\\/automatisation-domotique-et-industriel\\\/alimentation-smps-green-energy-power#primaryimage\"},\"thumbnailUrl\":\"https:\\\/\\\/bluergo.it\\\/wp-content\\\/uploads\\\/2017\\\/09\\\/11_GDX_3118.jpg\",\"datePublished\":\"2017-09-19T10:46:12+00:00\",\"dateModified\":\"2017-11-17T15:11:20+00:00\",\"breadcrumb\":{\"@id\":\"https:\\\/\\\/bluergo.it\\\/fr\\\/prodotti\\\/automatisation-domotique-et-industriel\\\/alimentation-smps-green-energy-power#breadcrumb\"},\"inLanguage\":\"fr-FR\",\"potentialAction\":[{\"@type\":\"ReadAction\",\"target\":[\"https:\\\/\\\/bluergo.it\\\/fr\\\/prodotti\\\/automatisation-domotique-et-industriel\\\/alimentation-smps-green-energy-power\"]}]},{\"@type\":\"ImageObject\",\"inLanguage\":\"fr-FR\",\"@id\":\"https:\\\/\\\/bluergo.it\\\/fr\\\/prodotti\\\/automatisation-domotique-et-industriel\\\/alimentation-smps-green-energy-power#primaryimage\",\"url\":\"https:\\\/\\\/bluergo.it\\\/wp-content\\\/uploads\\\/2017\\\/09\\\/11_GDX_3118.jpg\",\"contentUrl\":\"https:\\\/\\\/bluergo.it\\\/wp-content\\\/uploads\\\/2017\\\/09\\\/11_GDX_3118.jpg\",\"width\":969,\"height\":875,\"caption\":\"Alimentatori da circuito stampato: Green Energy Power\"},{\"@type\":\"BreadcrumbList\",\"@id\":\"https:\\\/\\\/bluergo.it\\\/fr\\\/prodotti\\\/automatisation-domotique-et-industriel\\\/alimentation-smps-green-energy-power#breadcrumb\",\"itemListElement\":[{\"@type\":\"ListItem\",\"position\":1,\"name\":\"Home\",\"item\":\"https:\\\/\\\/bluergo.it\\\/fr\"},{\"@type\":\"ListItem\",\"position\":2,\"name\":\"Prodotti\",\"item\":\"https:\\\/\\\/bluergo.it\\\/shop\"},{\"@type\":\"ListItem\",\"position\":3,\"name\":\"Alimentation SMPS: Green Energy Power\"}]},{\"@type\":\"WebSite\",\"@id\":\"https:\\\/\\\/bluergo.it\\\/#website\",\"url\":\"https:\\\/\\\/bluergo.it\\\/\",\"name\":\"Bluergo: Ing\u00e9nierie \u00e9lectromagn\u00e9tique\",\"description\":\"Conception et production de composants \u00e9lectromagn\u00e9tiques\",\"potentialAction\":[{\"@type\":\"SearchAction\",\"target\":{\"@type\":\"EntryPoint\",\"urlTemplate\":\"https:\\\/\\\/bluergo.it\\\/?s={search_term_string}\"},\"query-input\":{\"@type\":\"PropertyValueSpecification\",\"valueRequired\":true,\"valueName\":\"search_term_string\"}}],\"inLanguage\":\"fr-FR\"}]}<\/script>\n<!-- \/ Yoast SEO plugin. -->","yoast_head_json":{"title":"Alimentation SMPS: Green Energy Power - Bluergo: Ing\u00e9nierie \u00e9lectromagn\u00e9tique","robots":{"index":"index","follow":"follow","max-snippet":"max-snippet:-1","max-image-preview":"max-image-preview:large","max-video-preview":"max-video-preview:-1"},"canonical":"https:\/\/bluergo.it\/fr\/prodotti\/automatisation-domotique-et-industriel\/alimentation-smps-green-energy-power","og_locale":"fr_FR","og_type":"article","og_title":"Alimentation SMPS: Green Energy Power - Bluergo: Ing\u00e9nierie \u00e9lectromagn\u00e9tique","og_description":"La s\u00e9rie GEP de Bluergo est une ligne d\u2019alimentation pour circuits imprim\u00e9s qui se propose comme alternative au traditionnel transformateur stratifi\u00e9 avec beaucoup d\u2019avantages : dimensions standards par rapport au transformateurs traditionnels, haute efficience, haute densit\u00e9 de puissance, qui unies aux caract\u00e9ristiques de fonctionnement avec entendue tension d\u2019alimentation, repr\u00e9sentent des prestations favorables pour quelconque type d\u2019application (industrielles, automation domestique).","og_url":"https:\/\/bluergo.it\/fr\/prodotti\/automatisation-domotique-et-industriel\/alimentation-smps-green-energy-power","og_site_name":"Bluergo: Ing\u00e9nierie \u00e9lectromagn\u00e9tique","article_modified_time":"2017-11-17T15:11:20+00:00","og_image":[{"width":969,"height":875,"url":"https:\/\/bluergo.it\/wp-content\/uploads\/2017\/09\/11_GDX_3118.jpg","type":"image\/jpeg"}],"twitter_card":"summary_large_image","schema":{"@context":"https:\/\/schema.org","@graph":[{"@type":"WebPage","@id":"https:\/\/bluergo.it\/fr\/prodotti\/automatisation-domotique-et-industriel\/alimentation-smps-green-energy-power","url":"https:\/\/bluergo.it\/fr\/prodotti\/automatisation-domotique-et-industriel\/alimentation-smps-green-energy-power","name":"Alimentation SMPS: Green Energy Power - Bluergo: Ing\u00e9nierie \u00e9lectromagn\u00e9tique","isPartOf":{"@id":"https:\/\/bluergo.it\/#website"},"primaryImageOfPage":{"@id":"https:\/\/bluergo.it\/fr\/prodotti\/automatisation-domotique-et-industriel\/alimentation-smps-green-energy-power#primaryimage"},"image":{"@id":"https:\/\/bluergo.it\/fr\/prodotti\/automatisation-domotique-et-industriel\/alimentation-smps-green-energy-power#primaryimage"},"thumbnailUrl":"https:\/\/bluergo.it\/wp-content\/uploads\/2017\/09\/11_GDX_3118.jpg","datePublished":"2017-09-19T10:46:12+00:00","dateModified":"2017-11-17T15:11:20+00:00","breadcrumb":{"@id":"https:\/\/bluergo.it\/fr\/prodotti\/automatisation-domotique-et-industriel\/alimentation-smps-green-energy-power#breadcrumb"},"inLanguage":"fr-FR","potentialAction":[{"@type":"ReadAction","target":["https:\/\/bluergo.it\/fr\/prodotti\/automatisation-domotique-et-industriel\/alimentation-smps-green-energy-power"]}]},{"@type":"ImageObject","inLanguage":"fr-FR","@id":"https:\/\/bluergo.it\/fr\/prodotti\/automatisation-domotique-et-industriel\/alimentation-smps-green-energy-power#primaryimage","url":"https:\/\/bluergo.it\/wp-content\/uploads\/2017\/09\/11_GDX_3118.jpg","contentUrl":"https:\/\/bluergo.it\/wp-content\/uploads\/2017\/09\/11_GDX_3118.jpg","width":969,"height":875,"caption":"Alimentatori da circuito stampato: Green Energy Power"},{"@type":"BreadcrumbList","@id":"https:\/\/bluergo.it\/fr\/prodotti\/automatisation-domotique-et-industriel\/alimentation-smps-green-energy-power#breadcrumb","itemListElement":[{"@type":"ListItem","position":1,"name":"Home","item":"https:\/\/bluergo.it\/fr"},{"@type":"ListItem","position":2,"name":"Prodotti","item":"https:\/\/bluergo.it\/shop"},{"@type":"ListItem","position":3,"name":"Alimentation SMPS: Green Energy Power"}]},{"@type":"WebSite","@id":"https:\/\/bluergo.it\/#website","url":"https:\/\/bluergo.it\/","name":"Bluergo: Ing\u00e9nierie \u00e9lectromagn\u00e9tique","description":"Conception et production de composants \u00e9lectromagn\u00e9tiques","potentialAction":[{"@type":"SearchAction","target":{"@type":"EntryPoint","urlTemplate":"https:\/\/bluergo.it\/?s={search_term_string}"},"query-input":{"@type":"PropertyValueSpecification","valueRequired":true,"valueName":"search_term_string"}}],"inLanguage":"fr-FR"}]}},"_links":{"self":[{"href":"https:\/\/bluergo.it\/fr\/wp-json\/wp\/v2\/product\/44473","targetHints":{"allow":["GET"]}}],"collection":[{"href":"https:\/\/bluergo.it\/fr\/wp-json\/wp\/v2\/product"}],"about":[{"href":"https:\/\/bluergo.it\/fr\/wp-json\/wp\/v2\/types\/product"}],"wp:featuredmedia":[{"embeddable":true,"href":"https:\/\/bluergo.it\/fr\/wp-json\/wp\/v2\/media\/44117"}],"wp:attachment":[{"href":"https:\/\/bluergo.it\/fr\/wp-json\/wp\/v2\/media?parent=44473"}],"wp:term":[{"taxonomy":"product_brand","embeddable":true,"href":"https:\/\/bluergo.it\/fr\/wp-json\/wp\/v2\/product_brand?post=44473"},{"taxonomy":"product_cat","embeddable":true,"href":"https:\/\/bluergo.it\/fr\/wp-json\/wp\/v2\/product_cat?post=44473"},{"taxonomy":"product_tag","embeddable":true,"href":"https:\/\/bluergo.it\/fr\/wp-json\/wp\/v2\/product_tag?post=44473"}],"curies":[{"name":"wp","href":"https:\/\/api.w.org\/{rel}","templated":true}]}}