{"id":44467,"date":"2017-09-19T12:40:03","date_gmt":"2017-09-19T10:40:03","guid":{"rendered":"http:\/\/larindev.com\/bluergo\/fr\/prodotti\/senza%20categoria\/ferrit-transformatoren"},"modified":"2017-11-10T18:00:06","modified_gmt":"2017-11-10T17:00:06","slug":"transformateurs-en-ferrite","status":"publish","type":"product","link":"https:\/\/bluergo.it\/fr\/prodotti\/automatisation-domotique-et-industriel\/transformateurs-en-ferrite","title":{"rendered":"Transformateurs en ferrite"},"content":{"rendered":"<div class=\"wpb-content-wrapper\"><p>[vc_row][vc_column]<div class=\"edgtf-unordered-list  edgtf-circle\"><ul>\n<li>Fr\u00e9quence: 20-500 KHz<\/li>\n<li>Puissance maximale: 1W< 450W<\/li>\n<li>Maxiale TA: 40 \/ 70\u00b0C<\/li>\n<li>Isolation entr\u00e9e et sortie: 4kV<\/li>\n<li>Standards: EN 61558-1 \/ 2-16<\/li>\n<\/ul>\n<\/div>[\/vc_column][\/vc_row]<\/p>\n<\/div>","protected":false},"excerpt":{"rendered":"<p>Bluergo produits aussi transformateurs en ferrite pour fr\u00e9quences sup\u00e9rieures \u00e0 500KHz. Possibilit\u00e9 de personnalisation sur sp\u00e9cifique requ\u00eate du client pour alimentation SMPS, transformateurs de courant et transformateurs d\u2019impulsion. Transformateurs standards d\u2019application connues des plus grands producteurs de semiconducteurs.<\/p>\n","protected":false},"featured_media":44516,"template":"","meta":{"_acf_changed":false},"product_brand":[],"product_cat":[104],"product_tag":[],"class_list":{"0":"post-44467","1":"product","2":"type-product","3":"status-publish","4":"has-post-thumbnail","6":"product_cat-automatisation-domotique-et-industriel","8":"first","9":"instock","10":"shipping-taxable","11":"product-type-simple"},"acf":[],"yoast_head":"<!-- This site is optimized with the Yoast SEO plugin v27.4 - https:\/\/yoast.com\/product\/yoast-seo-wordpress\/ -->\n<title>Transformateurs en ferrite - Bluergo: Ing\u00e9nierie \u00e9lectromagn\u00e9tique<\/title>\n<meta name=\"robots\" content=\"index, follow, max-snippet:-1, max-image-preview:large, max-video-preview:-1\" \/>\n<link rel=\"canonical\" href=\"https:\/\/bluergo.it\/fr\/prodotti\/automatisation-domotique-et-industriel\/transformateurs-en-ferrite\" \/>\n<meta property=\"og:locale\" content=\"fr_FR\" \/>\n<meta property=\"og:type\" content=\"article\" \/>\n<meta property=\"og:title\" content=\"Transformateurs en ferrite - Bluergo: Ing\u00e9nierie \u00e9lectromagn\u00e9tique\" \/>\n<meta property=\"og:description\" content=\"Bluergo produits aussi transformateurs en ferrite pour fr\u00e9quences sup\u00e9rieures \u00e0 500KHz. Possibilit\u00e9 de personnalisation sur sp\u00e9cifique requ\u00eate du client pour alimentation SMPS, transformateurs de courant et transformateurs d\u2019impulsion. Transformateurs standards d\u2019application connues des plus grands producteurs de semiconducteurs.\" \/>\n<meta property=\"og:url\" content=\"https:\/\/bluergo.it\/fr\/prodotti\/automatisation-domotique-et-industriel\/transformateurs-en-ferrite\" \/>\n<meta property=\"og:site_name\" content=\"Bluergo: Ing\u00e9nierie \u00e9lectromagn\u00e9tique\" \/>\n<meta property=\"article:modified_time\" content=\"2017-11-10T17:00:06+00:00\" \/>\n<meta property=\"og:image\" content=\"https:\/\/bluergo.it\/wp-content\/uploads\/2017\/09\/GDX_3220-1.jpg\" \/>\n\t<meta property=\"og:image:width\" content=\"969\" \/>\n\t<meta property=\"og:image:height\" content=\"875\" \/>\n\t<meta property=\"og:image:type\" content=\"image\/jpeg\" \/>\n<meta name=\"twitter:card\" content=\"summary_large_image\" \/>\n<script type=\"application\/ld+json\" class=\"yoast-schema-graph\">{\"@context\":\"https:\\\/\\\/schema.org\",\"@graph\":[{\"@type\":\"WebPage\",\"@id\":\"https:\\\/\\\/bluergo.it\\\/fr\\\/prodotti\\\/automatisation-domotique-et-industriel\\\/transformateurs-en-ferrite\",\"url\":\"https:\\\/\\\/bluergo.it\\\/fr\\\/prodotti\\\/automatisation-domotique-et-industriel\\\/transformateurs-en-ferrite\",\"name\":\"Transformateurs en ferrite - Bluergo: Ing\u00e9nierie \u00e9lectromagn\u00e9tique\",\"isPartOf\":{\"@id\":\"https:\\\/\\\/bluergo.it\\\/#website\"},\"primaryImageOfPage\":{\"@id\":\"https:\\\/\\\/bluergo.it\\\/fr\\\/prodotti\\\/automatisation-domotique-et-industriel\\\/transformateurs-en-ferrite#primaryimage\"},\"image\":{\"@id\":\"https:\\\/\\\/bluergo.it\\\/fr\\\/prodotti\\\/automatisation-domotique-et-industriel\\\/transformateurs-en-ferrite#primaryimage\"},\"thumbnailUrl\":\"https:\\\/\\\/bluergo.it\\\/wp-content\\\/uploads\\\/2017\\\/09\\\/GDX_3220-1.jpg\",\"datePublished\":\"2017-09-19T10:40:03+00:00\",\"dateModified\":\"2017-11-10T17:00:06+00:00\",\"breadcrumb\":{\"@id\":\"https:\\\/\\\/bluergo.it\\\/fr\\\/prodotti\\\/automatisation-domotique-et-industriel\\\/transformateurs-en-ferrite#breadcrumb\"},\"inLanguage\":\"fr-FR\",\"potentialAction\":[{\"@type\":\"ReadAction\",\"target\":[\"https:\\\/\\\/bluergo.it\\\/fr\\\/prodotti\\\/automatisation-domotique-et-industriel\\\/transformateurs-en-ferrite\"]}]},{\"@type\":\"ImageObject\",\"inLanguage\":\"fr-FR\",\"@id\":\"https:\\\/\\\/bluergo.it\\\/fr\\\/prodotti\\\/automatisation-domotique-et-industriel\\\/transformateurs-en-ferrite#primaryimage\",\"url\":\"https:\\\/\\\/bluergo.it\\\/wp-content\\\/uploads\\\/2017\\\/09\\\/GDX_3220-1.jpg\",\"contentUrl\":\"https:\\\/\\\/bluergo.it\\\/wp-content\\\/uploads\\\/2017\\\/09\\\/GDX_3220-1.jpg\",\"width\":969,\"height\":875},{\"@type\":\"BreadcrumbList\",\"@id\":\"https:\\\/\\\/bluergo.it\\\/fr\\\/prodotti\\\/automatisation-domotique-et-industriel\\\/transformateurs-en-ferrite#breadcrumb\",\"itemListElement\":[{\"@type\":\"ListItem\",\"position\":1,\"name\":\"Home\",\"item\":\"https:\\\/\\\/bluergo.it\\\/fr\"},{\"@type\":\"ListItem\",\"position\":2,\"name\":\"Prodotti\",\"item\":\"https:\\\/\\\/bluergo.it\\\/shop\"},{\"@type\":\"ListItem\",\"position\":3,\"name\":\"Transformateurs en ferrite\"}]},{\"@type\":\"WebSite\",\"@id\":\"https:\\\/\\\/bluergo.it\\\/#website\",\"url\":\"https:\\\/\\\/bluergo.it\\\/\",\"name\":\"Bluergo: Ing\u00e9nierie \u00e9lectromagn\u00e9tique\",\"description\":\"Conception et production de composants \u00e9lectromagn\u00e9tiques\",\"potentialAction\":[{\"@type\":\"SearchAction\",\"target\":{\"@type\":\"EntryPoint\",\"urlTemplate\":\"https:\\\/\\\/bluergo.it\\\/?s={search_term_string}\"},\"query-input\":{\"@type\":\"PropertyValueSpecification\",\"valueRequired\":true,\"valueName\":\"search_term_string\"}}],\"inLanguage\":\"fr-FR\"}]}<\/script>\n<!-- \/ Yoast SEO plugin. -->","yoast_head_json":{"title":"Transformateurs en ferrite - Bluergo: Ing\u00e9nierie \u00e9lectromagn\u00e9tique","robots":{"index":"index","follow":"follow","max-snippet":"max-snippet:-1","max-image-preview":"max-image-preview:large","max-video-preview":"max-video-preview:-1"},"canonical":"https:\/\/bluergo.it\/fr\/prodotti\/automatisation-domotique-et-industriel\/transformateurs-en-ferrite","og_locale":"fr_FR","og_type":"article","og_title":"Transformateurs en ferrite - Bluergo: Ing\u00e9nierie \u00e9lectromagn\u00e9tique","og_description":"Bluergo produits aussi transformateurs en ferrite pour fr\u00e9quences sup\u00e9rieures \u00e0 500KHz. Possibilit\u00e9 de personnalisation sur sp\u00e9cifique requ\u00eate du client pour alimentation SMPS, transformateurs de courant et transformateurs d\u2019impulsion. Transformateurs standards d\u2019application connues des plus grands producteurs de semiconducteurs.","og_url":"https:\/\/bluergo.it\/fr\/prodotti\/automatisation-domotique-et-industriel\/transformateurs-en-ferrite","og_site_name":"Bluergo: Ing\u00e9nierie \u00e9lectromagn\u00e9tique","article_modified_time":"2017-11-10T17:00:06+00:00","og_image":[{"width":969,"height":875,"url":"https:\/\/bluergo.it\/wp-content\/uploads\/2017\/09\/GDX_3220-1.jpg","type":"image\/jpeg"}],"twitter_card":"summary_large_image","schema":{"@context":"https:\/\/schema.org","@graph":[{"@type":"WebPage","@id":"https:\/\/bluergo.it\/fr\/prodotti\/automatisation-domotique-et-industriel\/transformateurs-en-ferrite","url":"https:\/\/bluergo.it\/fr\/prodotti\/automatisation-domotique-et-industriel\/transformateurs-en-ferrite","name":"Transformateurs en ferrite - Bluergo: Ing\u00e9nierie \u00e9lectromagn\u00e9tique","isPartOf":{"@id":"https:\/\/bluergo.it\/#website"},"primaryImageOfPage":{"@id":"https:\/\/bluergo.it\/fr\/prodotti\/automatisation-domotique-et-industriel\/transformateurs-en-ferrite#primaryimage"},"image":{"@id":"https:\/\/bluergo.it\/fr\/prodotti\/automatisation-domotique-et-industriel\/transformateurs-en-ferrite#primaryimage"},"thumbnailUrl":"https:\/\/bluergo.it\/wp-content\/uploads\/2017\/09\/GDX_3220-1.jpg","datePublished":"2017-09-19T10:40:03+00:00","dateModified":"2017-11-10T17:00:06+00:00","breadcrumb":{"@id":"https:\/\/bluergo.it\/fr\/prodotti\/automatisation-domotique-et-industriel\/transformateurs-en-ferrite#breadcrumb"},"inLanguage":"fr-FR","potentialAction":[{"@type":"ReadAction","target":["https:\/\/bluergo.it\/fr\/prodotti\/automatisation-domotique-et-industriel\/transformateurs-en-ferrite"]}]},{"@type":"ImageObject","inLanguage":"fr-FR","@id":"https:\/\/bluergo.it\/fr\/prodotti\/automatisation-domotique-et-industriel\/transformateurs-en-ferrite#primaryimage","url":"https:\/\/bluergo.it\/wp-content\/uploads\/2017\/09\/GDX_3220-1.jpg","contentUrl":"https:\/\/bluergo.it\/wp-content\/uploads\/2017\/09\/GDX_3220-1.jpg","width":969,"height":875},{"@type":"BreadcrumbList","@id":"https:\/\/bluergo.it\/fr\/prodotti\/automatisation-domotique-et-industriel\/transformateurs-en-ferrite#breadcrumb","itemListElement":[{"@type":"ListItem","position":1,"name":"Home","item":"https:\/\/bluergo.it\/fr"},{"@type":"ListItem","position":2,"name":"Prodotti","item":"https:\/\/bluergo.it\/shop"},{"@type":"ListItem","position":3,"name":"Transformateurs en ferrite"}]},{"@type":"WebSite","@id":"https:\/\/bluergo.it\/#website","url":"https:\/\/bluergo.it\/","name":"Bluergo: Ing\u00e9nierie \u00e9lectromagn\u00e9tique","description":"Conception et production de composants \u00e9lectromagn\u00e9tiques","potentialAction":[{"@type":"SearchAction","target":{"@type":"EntryPoint","urlTemplate":"https:\/\/bluergo.it\/?s={search_term_string}"},"query-input":{"@type":"PropertyValueSpecification","valueRequired":true,"valueName":"search_term_string"}}],"inLanguage":"fr-FR"}]}},"_links":{"self":[{"href":"https:\/\/bluergo.it\/fr\/wp-json\/wp\/v2\/product\/44467","targetHints":{"allow":["GET"]}}],"collection":[{"href":"https:\/\/bluergo.it\/fr\/wp-json\/wp\/v2\/product"}],"about":[{"href":"https:\/\/bluergo.it\/fr\/wp-json\/wp\/v2\/types\/product"}],"wp:featuredmedia":[{"embeddable":true,"href":"https:\/\/bluergo.it\/fr\/wp-json\/wp\/v2\/media\/44516"}],"wp:attachment":[{"href":"https:\/\/bluergo.it\/fr\/wp-json\/wp\/v2\/media?parent=44467"}],"wp:term":[{"taxonomy":"product_brand","embeddable":true,"href":"https:\/\/bluergo.it\/fr\/wp-json\/wp\/v2\/product_brand?post=44467"},{"taxonomy":"product_cat","embeddable":true,"href":"https:\/\/bluergo.it\/fr\/wp-json\/wp\/v2\/product_cat?post=44467"},{"taxonomy":"product_tag","embeddable":true,"href":"https:\/\/bluergo.it\/fr\/wp-json\/wp\/v2\/product_tag?post=44467"}],"curies":[{"name":"wp","href":"https:\/\/api.w.org\/{rel}","templated":true}]}}