{"id":44449,"date":"2017-09-19T11:12:01","date_gmt":"2017-09-19T09:12:01","guid":{"rendered":"http:\/\/larindev.com\/bluergo\/fr\/prodotti\/senza%20categoria\/spulen-fuer-ipg-mehrventile-und-ipg-cng-reduzierer"},"modified":"2017-11-17T14:49:55","modified_gmt":"2017-11-17T13:49:55","slug":"bobine-pour-multi-vannes-et-reducteurs-gncgpl","status":"publish","type":"product","link":"https:\/\/bluergo.it\/fr\/prodotti\/automotive-fr\/bobine-pour-multi-vannes-et-reducteurs-gncgpl","title":{"rendered":"Bobine pour multi-vannes et reducteurs GNC\/GPL"},"content":{"rendered":"<div class=\"wpb-content-wrapper\"><p>[vc_row][vc_column]<div class=\"edgtf-unordered-list  edgtf-circle\"><ul>\n<li>Tension nominale:<br \/>\n&#8211; 12Vdc<br \/>\n&#8211; 24Vdc<\/li>\n<li>Tension nominale:<br \/>\n&#8211; Continuelle : Max 11-13-15-17W<br \/>\n&#8211; Possibilit\u00e9 d\u2019autres option sur requ\u00eate<\/li>\n<li>R\u00e9sistance d\u2019enroulement Sol\u00e9no\u00efde: 11-13-9-8.5<\/li>\n<li>Classe d\u2019isolation:<br \/>\n&#8211; Sol\u00e9no\u00efde: Classe F; Classe H<br \/>\n&#8211; Fil de cuivre=&gt;200\u00b0<\/li>\n<li>Typologie de connexion int\u00e9gr\u00e9e:<br \/>\n&#8211; AMP super seal IP67<br \/>\n&#8211; Faston 6.3&#215;0.8 IP30<\/li>\n<li>Tension nominale: Mat\u00e9riel FeZn<\/li>\n<li>Isolation sol\u00e9no\u00efd:<br \/>\n&#8211; Bobine PA+GF<br \/>\n&#8211; Encapsulant: Nylon renforc\u00e9, ou alternative<\/li>\n<\/ul>\n<p>Personnalisation des parties m\u00e9talliques et des bobines sur requ\u00eate.<\/p>\n<\/div>[\/vc_column][\/vc_row]<\/p>\n<\/div>","protected":false},"excerpt":{"rendered":"<p>Les bobines pour multi-vannes et r\u00e9ducteurs de syst\u00e8mes GNC\/GPL sont disponibles en diff\u00e9rentes configurations selon les exigences du client.<br \/>\nLa personnalisation des param\u00e8tres \u00e9lectriques et fonctionnels permet au client une libert\u00e9 maximale sous l\u2019aspect technique.<br \/>\nTous les mat\u00e9riels utilis\u00e9s respectent les s\u00e9v\u00e8res tests du secteur Automotive.<br \/>\nCe type de bobine peut aussi trouver applications dans d\u2019autres secteurs, comme par exemple le secteur hydraulique et pneumatique.<\/p>\n","protected":false},"featured_media":44099,"template":"","meta":{"_acf_changed":false},"product_brand":[],"product_cat":[100],"product_tag":[],"class_list":{"0":"post-44449","1":"product","2":"type-product","3":"status-publish","4":"has-post-thumbnail","6":"product_cat-automotive-fr","8":"first","9":"instock","10":"shipping-taxable","11":"product-type-simple"},"acf":[],"yoast_head":"<!-- This site is optimized with the Yoast SEO plugin v27.4 - https:\/\/yoast.com\/product\/yoast-seo-wordpress\/ -->\n<title>Bobine pour multi-vannes et reducteurs GNC\/GPL - Bluergo: Ing\u00e9nierie \u00e9lectromagn\u00e9tique<\/title>\n<meta name=\"robots\" content=\"index, follow, max-snippet:-1, max-image-preview:large, max-video-preview:-1\" \/>\n<link rel=\"canonical\" href=\"https:\/\/bluergo.it\/fr\/prodotti\/automotive-fr\/bobine-pour-multi-vannes-et-reducteurs-gncgpl\" \/>\n<meta property=\"og:locale\" content=\"fr_FR\" \/>\n<meta property=\"og:type\" content=\"article\" \/>\n<meta property=\"og:title\" content=\"Bobine pour multi-vannes et reducteurs GNC\/GPL - Bluergo: Ing\u00e9nierie \u00e9lectromagn\u00e9tique\" \/>\n<meta property=\"og:description\" content=\"Les bobines pour multi-vannes et r\u00e9ducteurs de syst\u00e8mes GNC\/GPL sont disponibles en diff\u00e9rentes configurations selon les exigences du client. La personnalisation des param\u00e8tres \u00e9lectriques et fonctionnels permet au client une libert\u00e9 maximale sous l\u2019aspect technique. Tous les mat\u00e9riels utilis\u00e9s respectent les s\u00e9v\u00e8res tests du secteur Automotive. Ce type de bobine peut aussi trouver applications dans d\u2019autres secteurs, comme par exemple le secteur hydraulique et pneumatique.\" \/>\n<meta property=\"og:url\" content=\"https:\/\/bluergo.it\/fr\/prodotti\/automotive-fr\/bobine-pour-multi-vannes-et-reducteurs-gncgpl\" \/>\n<meta property=\"og:site_name\" content=\"Bluergo: Ing\u00e9nierie \u00e9lectromagn\u00e9tique\" \/>\n<meta property=\"article:modified_time\" content=\"2017-11-17T13:49:55+00:00\" \/>\n<meta property=\"og:image\" content=\"https:\/\/bluergo.it\/wp-content\/uploads\/2017\/09\/6_GDX_3158.jpg\" \/>\n\t<meta property=\"og:image:width\" content=\"969\" \/>\n\t<meta property=\"og:image:height\" content=\"875\" \/>\n\t<meta property=\"og:image:type\" content=\"image\/jpeg\" \/>\n<meta name=\"twitter:card\" content=\"summary_large_image\" \/>\n<meta name=\"twitter:label1\" content=\"Dur\u00e9e de lecture estim\u00e9e\" \/>\n\t<meta name=\"twitter:data1\" content=\"1 minute\" \/>\n<script type=\"application\/ld+json\" class=\"yoast-schema-graph\">{\"@context\":\"https:\\\/\\\/schema.org\",\"@graph\":[{\"@type\":\"WebPage\",\"@id\":\"https:\\\/\\\/bluergo.it\\\/fr\\\/prodotti\\\/automotive-fr\\\/bobine-pour-multi-vannes-et-reducteurs-gncgpl\",\"url\":\"https:\\\/\\\/bluergo.it\\\/fr\\\/prodotti\\\/automotive-fr\\\/bobine-pour-multi-vannes-et-reducteurs-gncgpl\",\"name\":\"Bobine pour multi-vannes et reducteurs GNC\\\/GPL - Bluergo: Ing\u00e9nierie \u00e9lectromagn\u00e9tique\",\"isPartOf\":{\"@id\":\"https:\\\/\\\/bluergo.it\\\/#website\"},\"primaryImageOfPage\":{\"@id\":\"https:\\\/\\\/bluergo.it\\\/fr\\\/prodotti\\\/automotive-fr\\\/bobine-pour-multi-vannes-et-reducteurs-gncgpl#primaryimage\"},\"image\":{\"@id\":\"https:\\\/\\\/bluergo.it\\\/fr\\\/prodotti\\\/automotive-fr\\\/bobine-pour-multi-vannes-et-reducteurs-gncgpl#primaryimage\"},\"thumbnailUrl\":\"https:\\\/\\\/bluergo.it\\\/wp-content\\\/uploads\\\/2017\\\/09\\\/6_GDX_3158.jpg\",\"datePublished\":\"2017-09-19T09:12:01+00:00\",\"dateModified\":\"2017-11-17T13:49:55+00:00\",\"breadcrumb\":{\"@id\":\"https:\\\/\\\/bluergo.it\\\/fr\\\/prodotti\\\/automotive-fr\\\/bobine-pour-multi-vannes-et-reducteurs-gncgpl#breadcrumb\"},\"inLanguage\":\"fr-FR\",\"potentialAction\":[{\"@type\":\"ReadAction\",\"target\":[\"https:\\\/\\\/bluergo.it\\\/fr\\\/prodotti\\\/automotive-fr\\\/bobine-pour-multi-vannes-et-reducteurs-gncgpl\"]}]},{\"@type\":\"ImageObject\",\"inLanguage\":\"fr-FR\",\"@id\":\"https:\\\/\\\/bluergo.it\\\/fr\\\/prodotti\\\/automotive-fr\\\/bobine-pour-multi-vannes-et-reducteurs-gncgpl#primaryimage\",\"url\":\"https:\\\/\\\/bluergo.it\\\/wp-content\\\/uploads\\\/2017\\\/09\\\/6_GDX_3158.jpg\",\"contentUrl\":\"https:\\\/\\\/bluergo.it\\\/wp-content\\\/uploads\\\/2017\\\/09\\\/6_GDX_3158.jpg\",\"width\":969,\"height\":875,\"caption\":\"Bobine multivalvole LPG e riduttori LPG CNG\"},{\"@type\":\"BreadcrumbList\",\"@id\":\"https:\\\/\\\/bluergo.it\\\/fr\\\/prodotti\\\/automotive-fr\\\/bobine-pour-multi-vannes-et-reducteurs-gncgpl#breadcrumb\",\"itemListElement\":[{\"@type\":\"ListItem\",\"position\":1,\"name\":\"Home\",\"item\":\"https:\\\/\\\/bluergo.it\\\/fr\"},{\"@type\":\"ListItem\",\"position\":2,\"name\":\"Prodotti\",\"item\":\"https:\\\/\\\/bluergo.it\\\/shop\"},{\"@type\":\"ListItem\",\"position\":3,\"name\":\"Bobine pour multi-vannes et reducteurs GNC\\\/GPL\"}]},{\"@type\":\"WebSite\",\"@id\":\"https:\\\/\\\/bluergo.it\\\/#website\",\"url\":\"https:\\\/\\\/bluergo.it\\\/\",\"name\":\"Bluergo: Ing\u00e9nierie \u00e9lectromagn\u00e9tique\",\"description\":\"Conception et production de composants \u00e9lectromagn\u00e9tiques\",\"potentialAction\":[{\"@type\":\"SearchAction\",\"target\":{\"@type\":\"EntryPoint\",\"urlTemplate\":\"https:\\\/\\\/bluergo.it\\\/?s={search_term_string}\"},\"query-input\":{\"@type\":\"PropertyValueSpecification\",\"valueRequired\":true,\"valueName\":\"search_term_string\"}}],\"inLanguage\":\"fr-FR\"}]}<\/script>\n<!-- \/ Yoast SEO plugin. -->","yoast_head_json":{"title":"Bobine pour multi-vannes et reducteurs GNC\/GPL - Bluergo: Ing\u00e9nierie \u00e9lectromagn\u00e9tique","robots":{"index":"index","follow":"follow","max-snippet":"max-snippet:-1","max-image-preview":"max-image-preview:large","max-video-preview":"max-video-preview:-1"},"canonical":"https:\/\/bluergo.it\/fr\/prodotti\/automotive-fr\/bobine-pour-multi-vannes-et-reducteurs-gncgpl","og_locale":"fr_FR","og_type":"article","og_title":"Bobine pour multi-vannes et reducteurs GNC\/GPL - Bluergo: Ing\u00e9nierie \u00e9lectromagn\u00e9tique","og_description":"Les bobines pour multi-vannes et r\u00e9ducteurs de syst\u00e8mes GNC\/GPL sont disponibles en diff\u00e9rentes configurations selon les exigences du client. La personnalisation des param\u00e8tres \u00e9lectriques et fonctionnels permet au client une libert\u00e9 maximale sous l\u2019aspect technique. Tous les mat\u00e9riels utilis\u00e9s respectent les s\u00e9v\u00e8res tests du secteur Automotive. Ce type de bobine peut aussi trouver applications dans d\u2019autres secteurs, comme par exemple le secteur hydraulique et pneumatique.","og_url":"https:\/\/bluergo.it\/fr\/prodotti\/automotive-fr\/bobine-pour-multi-vannes-et-reducteurs-gncgpl","og_site_name":"Bluergo: Ing\u00e9nierie \u00e9lectromagn\u00e9tique","article_modified_time":"2017-11-17T13:49:55+00:00","og_image":[{"width":969,"height":875,"url":"https:\/\/bluergo.it\/wp-content\/uploads\/2017\/09\/6_GDX_3158.jpg","type":"image\/jpeg"}],"twitter_card":"summary_large_image","twitter_misc":{"Dur\u00e9e de lecture estim\u00e9e":"1 minute"},"schema":{"@context":"https:\/\/schema.org","@graph":[{"@type":"WebPage","@id":"https:\/\/bluergo.it\/fr\/prodotti\/automotive-fr\/bobine-pour-multi-vannes-et-reducteurs-gncgpl","url":"https:\/\/bluergo.it\/fr\/prodotti\/automotive-fr\/bobine-pour-multi-vannes-et-reducteurs-gncgpl","name":"Bobine pour multi-vannes et reducteurs GNC\/GPL - Bluergo: Ing\u00e9nierie \u00e9lectromagn\u00e9tique","isPartOf":{"@id":"https:\/\/bluergo.it\/#website"},"primaryImageOfPage":{"@id":"https:\/\/bluergo.it\/fr\/prodotti\/automotive-fr\/bobine-pour-multi-vannes-et-reducteurs-gncgpl#primaryimage"},"image":{"@id":"https:\/\/bluergo.it\/fr\/prodotti\/automotive-fr\/bobine-pour-multi-vannes-et-reducteurs-gncgpl#primaryimage"},"thumbnailUrl":"https:\/\/bluergo.it\/wp-content\/uploads\/2017\/09\/6_GDX_3158.jpg","datePublished":"2017-09-19T09:12:01+00:00","dateModified":"2017-11-17T13:49:55+00:00","breadcrumb":{"@id":"https:\/\/bluergo.it\/fr\/prodotti\/automotive-fr\/bobine-pour-multi-vannes-et-reducteurs-gncgpl#breadcrumb"},"inLanguage":"fr-FR","potentialAction":[{"@type":"ReadAction","target":["https:\/\/bluergo.it\/fr\/prodotti\/automotive-fr\/bobine-pour-multi-vannes-et-reducteurs-gncgpl"]}]},{"@type":"ImageObject","inLanguage":"fr-FR","@id":"https:\/\/bluergo.it\/fr\/prodotti\/automotive-fr\/bobine-pour-multi-vannes-et-reducteurs-gncgpl#primaryimage","url":"https:\/\/bluergo.it\/wp-content\/uploads\/2017\/09\/6_GDX_3158.jpg","contentUrl":"https:\/\/bluergo.it\/wp-content\/uploads\/2017\/09\/6_GDX_3158.jpg","width":969,"height":875,"caption":"Bobine multivalvole LPG e riduttori LPG CNG"},{"@type":"BreadcrumbList","@id":"https:\/\/bluergo.it\/fr\/prodotti\/automotive-fr\/bobine-pour-multi-vannes-et-reducteurs-gncgpl#breadcrumb","itemListElement":[{"@type":"ListItem","position":1,"name":"Home","item":"https:\/\/bluergo.it\/fr"},{"@type":"ListItem","position":2,"name":"Prodotti","item":"https:\/\/bluergo.it\/shop"},{"@type":"ListItem","position":3,"name":"Bobine pour multi-vannes et reducteurs GNC\/GPL"}]},{"@type":"WebSite","@id":"https:\/\/bluergo.it\/#website","url":"https:\/\/bluergo.it\/","name":"Bluergo: Ing\u00e9nierie \u00e9lectromagn\u00e9tique","description":"Conception et production de composants \u00e9lectromagn\u00e9tiques","potentialAction":[{"@type":"SearchAction","target":{"@type":"EntryPoint","urlTemplate":"https:\/\/bluergo.it\/?s={search_term_string}"},"query-input":{"@type":"PropertyValueSpecification","valueRequired":true,"valueName":"search_term_string"}}],"inLanguage":"fr-FR"}]}},"_links":{"self":[{"href":"https:\/\/bluergo.it\/fr\/wp-json\/wp\/v2\/product\/44449","targetHints":{"allow":["GET"]}}],"collection":[{"href":"https:\/\/bluergo.it\/fr\/wp-json\/wp\/v2\/product"}],"about":[{"href":"https:\/\/bluergo.it\/fr\/wp-json\/wp\/v2\/types\/product"}],"wp:featuredmedia":[{"embeddable":true,"href":"https:\/\/bluergo.it\/fr\/wp-json\/wp\/v2\/media\/44099"}],"wp:attachment":[{"href":"https:\/\/bluergo.it\/fr\/wp-json\/wp\/v2\/media?parent=44449"}],"wp:term":[{"taxonomy":"product_brand","embeddable":true,"href":"https:\/\/bluergo.it\/fr\/wp-json\/wp\/v2\/product_brand?post=44449"},{"taxonomy":"product_cat","embeddable":true,"href":"https:\/\/bluergo.it\/fr\/wp-json\/wp\/v2\/product_cat?post=44449"},{"taxonomy":"product_tag","embeddable":true,"href":"https:\/\/bluergo.it\/fr\/wp-json\/wp\/v2\/product_tag?post=44449"}],"curies":[{"name":"wp","href":"https:\/\/api.w.org\/{rel}","templated":true}]}}