{"id":44333,"date":"2017-09-19T12:01:49","date_gmt":"2017-09-19T10:01:49","guid":{"rendered":"http:\/\/larindev.com\/bluergo\/fr\/prodotti\/senza%20categoria\/transformatoren-und-einphasen-transformatoren"},"modified":"2017-11-17T16:14:04","modified_gmt":"2017-11-17T15:14:04","slug":"transformateurs-monophase-disolation-et-de-securite","status":"publish","type":"product","link":"https:\/\/bluergo.it\/fr\/prodotti\/automatisation-domotique-et-industriel\/transformateurs-monophase-disolation-et-de-securite","title":{"rendered":"Transformateurs monophase d&rsquo;isolation et de securite"},"content":{"rendered":"<div class=\"wpb-content-wrapper\"><p>[vc_row][vc_column]<div class=\"edgtf-unordered-list  edgtf-circle\"><ul>\n<li>Tension en entr\u00e9e: 100 o 240 Vac<\/li>\n<li>Fr\u00e9quence : 50-60 Hz<\/li>\n<li>Puissance : 14VA 450VA<\/li>\n<li>Maxi TA : 40 \/ 70\u00b0C<\/li>\n<li>Isolation sortie\/entr\u00e9e : 4KV<\/li>\n<li>D\u00e9gr\u00e9e d\u2019inflammabilit\u00e9 : HB75 &#8211; V0 (GW 600-850)<\/li>\n<li>Standards : EN 61558-1 \/ 2-6 EN 61558-1 \/ 2-4<\/li>\n<\/ul>\n<\/div>[\/vc_column][\/vc_row]<\/p>\n<\/div>","protected":false},"excerpt":{"rendered":"<p>Bluergo est sp\u00e9cialis\u00e9e dans la production de transformateur monophas\u00e9 d\u2019isolation et de s\u00e9curit\u00e9 pour emploie domestiques et industriels. &#8211; (EN 61558-1 \/ 2-4), (EN 61558-1 \/ 2-6). Autotransformateur.<br \/>\nTransformateur en requ\u00eate avec dimensions standards, Classe B et classe en service continuel, et transformateur en service intermittent.<br \/>\nIl y a la possibilit\u00e9 de diff\u00e9rents connexions, faston, c\u00e2bles ou d\u2019autres types sur requ\u00eate. L\u2019enroulement peut etre fait avec fil de cuivre, aluminium ou CCA.<\/p>\n","protected":false},"featured_media":44518,"template":"","meta":{"_acf_changed":false},"product_brand":[],"product_cat":[104],"product_tag":[],"class_list":{"0":"post-44333","1":"product","2":"type-product","3":"status-publish","4":"has-post-thumbnail","6":"product_cat-automatisation-domotique-et-industriel","8":"first","9":"instock","10":"shipping-taxable","11":"product-type-simple"},"acf":[],"yoast_head":"<!-- This site is optimized with the Yoast SEO plugin v27.4 - https:\/\/yoast.com\/product\/yoast-seo-wordpress\/ -->\n<title>Transformateurs monophase d&#039;isolation et de securite - Bluergo: Ing\u00e9nierie \u00e9lectromagn\u00e9tique<\/title>\n<meta name=\"robots\" content=\"index, follow, max-snippet:-1, max-image-preview:large, max-video-preview:-1\" \/>\n<link rel=\"canonical\" href=\"https:\/\/bluergo.it\/fr\/prodotti\/automatisation-domotique-et-industriel\/transformateurs-monophase-disolation-et-de-securite\" \/>\n<meta property=\"og:locale\" content=\"fr_FR\" \/>\n<meta property=\"og:type\" content=\"article\" \/>\n<meta property=\"og:title\" content=\"Transformateurs monophase d&#039;isolation et de securite - Bluergo: Ing\u00e9nierie \u00e9lectromagn\u00e9tique\" \/>\n<meta property=\"og:description\" content=\"Bluergo est sp\u00e9cialis\u00e9e dans la production de transformateur monophas\u00e9 d\u2019isolation et de s\u00e9curit\u00e9 pour emploie domestiques et industriels. - (EN 61558-1 \/ 2-4), (EN 61558-1 \/ 2-6). Autotransformateur. Transformateur en requ\u00eate avec dimensions standards, Classe B et classe en service continuel, et transformateur en service intermittent. Il y a la possibilit\u00e9 de diff\u00e9rents connexions, faston, c\u00e2bles ou d\u2019autres types sur requ\u00eate. L\u2019enroulement peut etre fait avec fil de cuivre, aluminium ou CCA.\" \/>\n<meta property=\"og:url\" content=\"https:\/\/bluergo.it\/fr\/prodotti\/automatisation-domotique-et-industriel\/transformateurs-monophase-disolation-et-de-securite\" \/>\n<meta property=\"og:site_name\" content=\"Bluergo: Ing\u00e9nierie \u00e9lectromagn\u00e9tique\" \/>\n<meta property=\"article:modified_time\" content=\"2017-11-17T15:14:04+00:00\" \/>\n<meta property=\"og:image\" content=\"https:\/\/bluergo.it\/wp-content\/uploads\/2017\/09\/GDX_3226-1.jpg\" \/>\n\t<meta property=\"og:image:width\" content=\"969\" \/>\n\t<meta property=\"og:image:height\" content=\"875\" \/>\n\t<meta property=\"og:image:type\" content=\"image\/jpeg\" \/>\n<meta name=\"twitter:card\" content=\"summary_large_image\" \/>\n<script type=\"application\/ld+json\" class=\"yoast-schema-graph\">{\"@context\":\"https:\\\/\\\/schema.org\",\"@graph\":[{\"@type\":\"WebPage\",\"@id\":\"https:\\\/\\\/bluergo.it\\\/fr\\\/prodotti\\\/automatisation-domotique-et-industriel\\\/transformateurs-monophase-disolation-et-de-securite\",\"url\":\"https:\\\/\\\/bluergo.it\\\/fr\\\/prodotti\\\/automatisation-domotique-et-industriel\\\/transformateurs-monophase-disolation-et-de-securite\",\"name\":\"Transformateurs monophase d'isolation et de securite - Bluergo: Ing\u00e9nierie \u00e9lectromagn\u00e9tique\",\"isPartOf\":{\"@id\":\"https:\\\/\\\/bluergo.it\\\/#website\"},\"primaryImageOfPage\":{\"@id\":\"https:\\\/\\\/bluergo.it\\\/fr\\\/prodotti\\\/automatisation-domotique-et-industriel\\\/transformateurs-monophase-disolation-et-de-securite#primaryimage\"},\"image\":{\"@id\":\"https:\\\/\\\/bluergo.it\\\/fr\\\/prodotti\\\/automatisation-domotique-et-industriel\\\/transformateurs-monophase-disolation-et-de-securite#primaryimage\"},\"thumbnailUrl\":\"https:\\\/\\\/bluergo.it\\\/wp-content\\\/uploads\\\/2017\\\/09\\\/GDX_3226-1.jpg\",\"datePublished\":\"2017-09-19T10:01:49+00:00\",\"dateModified\":\"2017-11-17T15:14:04+00:00\",\"breadcrumb\":{\"@id\":\"https:\\\/\\\/bluergo.it\\\/fr\\\/prodotti\\\/automatisation-domotique-et-industriel\\\/transformateurs-monophase-disolation-et-de-securite#breadcrumb\"},\"inLanguage\":\"fr-FR\",\"potentialAction\":[{\"@type\":\"ReadAction\",\"target\":[\"https:\\\/\\\/bluergo.it\\\/fr\\\/prodotti\\\/automatisation-domotique-et-industriel\\\/transformateurs-monophase-disolation-et-de-securite\"]}]},{\"@type\":\"ImageObject\",\"inLanguage\":\"fr-FR\",\"@id\":\"https:\\\/\\\/bluergo.it\\\/fr\\\/prodotti\\\/automatisation-domotique-et-industriel\\\/transformateurs-monophase-disolation-et-de-securite#primaryimage\",\"url\":\"https:\\\/\\\/bluergo.it\\\/wp-content\\\/uploads\\\/2017\\\/09\\\/GDX_3226-1.jpg\",\"contentUrl\":\"https:\\\/\\\/bluergo.it\\\/wp-content\\\/uploads\\\/2017\\\/09\\\/GDX_3226-1.jpg\",\"width\":969,\"height\":875},{\"@type\":\"BreadcrumbList\",\"@id\":\"https:\\\/\\\/bluergo.it\\\/fr\\\/prodotti\\\/automatisation-domotique-et-industriel\\\/transformateurs-monophase-disolation-et-de-securite#breadcrumb\",\"itemListElement\":[{\"@type\":\"ListItem\",\"position\":1,\"name\":\"Home\",\"item\":\"https:\\\/\\\/bluergo.it\\\/fr\"},{\"@type\":\"ListItem\",\"position\":2,\"name\":\"Prodotti\",\"item\":\"https:\\\/\\\/bluergo.it\\\/shop\"},{\"@type\":\"ListItem\",\"position\":3,\"name\":\"Transformateurs monophase d&rsquo;isolation et de securite\"}]},{\"@type\":\"WebSite\",\"@id\":\"https:\\\/\\\/bluergo.it\\\/#website\",\"url\":\"https:\\\/\\\/bluergo.it\\\/\",\"name\":\"Bluergo: Ing\u00e9nierie \u00e9lectromagn\u00e9tique\",\"description\":\"Conception et production de composants \u00e9lectromagn\u00e9tiques\",\"potentialAction\":[{\"@type\":\"SearchAction\",\"target\":{\"@type\":\"EntryPoint\",\"urlTemplate\":\"https:\\\/\\\/bluergo.it\\\/?s={search_term_string}\"},\"query-input\":{\"@type\":\"PropertyValueSpecification\",\"valueRequired\":true,\"valueName\":\"search_term_string\"}}],\"inLanguage\":\"fr-FR\"}]}<\/script>\n<!-- \/ Yoast SEO plugin. -->","yoast_head_json":{"title":"Transformateurs monophase d'isolation et de securite - Bluergo: Ing\u00e9nierie \u00e9lectromagn\u00e9tique","robots":{"index":"index","follow":"follow","max-snippet":"max-snippet:-1","max-image-preview":"max-image-preview:large","max-video-preview":"max-video-preview:-1"},"canonical":"https:\/\/bluergo.it\/fr\/prodotti\/automatisation-domotique-et-industriel\/transformateurs-monophase-disolation-et-de-securite","og_locale":"fr_FR","og_type":"article","og_title":"Transformateurs monophase d'isolation et de securite - Bluergo: Ing\u00e9nierie \u00e9lectromagn\u00e9tique","og_description":"Bluergo est sp\u00e9cialis\u00e9e dans la production de transformateur monophas\u00e9 d\u2019isolation et de s\u00e9curit\u00e9 pour emploie domestiques et industriels. - (EN 61558-1 \/ 2-4), (EN 61558-1 \/ 2-6). Autotransformateur. Transformateur en requ\u00eate avec dimensions standards, Classe B et classe en service continuel, et transformateur en service intermittent. Il y a la possibilit\u00e9 de diff\u00e9rents connexions, faston, c\u00e2bles ou d\u2019autres types sur requ\u00eate. L\u2019enroulement peut etre fait avec fil de cuivre, aluminium ou CCA.","og_url":"https:\/\/bluergo.it\/fr\/prodotti\/automatisation-domotique-et-industriel\/transformateurs-monophase-disolation-et-de-securite","og_site_name":"Bluergo: Ing\u00e9nierie \u00e9lectromagn\u00e9tique","article_modified_time":"2017-11-17T15:14:04+00:00","og_image":[{"width":969,"height":875,"url":"https:\/\/bluergo.it\/wp-content\/uploads\/2017\/09\/GDX_3226-1.jpg","type":"image\/jpeg"}],"twitter_card":"summary_large_image","schema":{"@context":"https:\/\/schema.org","@graph":[{"@type":"WebPage","@id":"https:\/\/bluergo.it\/fr\/prodotti\/automatisation-domotique-et-industriel\/transformateurs-monophase-disolation-et-de-securite","url":"https:\/\/bluergo.it\/fr\/prodotti\/automatisation-domotique-et-industriel\/transformateurs-monophase-disolation-et-de-securite","name":"Transformateurs monophase d'isolation et de securite - Bluergo: Ing\u00e9nierie \u00e9lectromagn\u00e9tique","isPartOf":{"@id":"https:\/\/bluergo.it\/#website"},"primaryImageOfPage":{"@id":"https:\/\/bluergo.it\/fr\/prodotti\/automatisation-domotique-et-industriel\/transformateurs-monophase-disolation-et-de-securite#primaryimage"},"image":{"@id":"https:\/\/bluergo.it\/fr\/prodotti\/automatisation-domotique-et-industriel\/transformateurs-monophase-disolation-et-de-securite#primaryimage"},"thumbnailUrl":"https:\/\/bluergo.it\/wp-content\/uploads\/2017\/09\/GDX_3226-1.jpg","datePublished":"2017-09-19T10:01:49+00:00","dateModified":"2017-11-17T15:14:04+00:00","breadcrumb":{"@id":"https:\/\/bluergo.it\/fr\/prodotti\/automatisation-domotique-et-industriel\/transformateurs-monophase-disolation-et-de-securite#breadcrumb"},"inLanguage":"fr-FR","potentialAction":[{"@type":"ReadAction","target":["https:\/\/bluergo.it\/fr\/prodotti\/automatisation-domotique-et-industriel\/transformateurs-monophase-disolation-et-de-securite"]}]},{"@type":"ImageObject","inLanguage":"fr-FR","@id":"https:\/\/bluergo.it\/fr\/prodotti\/automatisation-domotique-et-industriel\/transformateurs-monophase-disolation-et-de-securite#primaryimage","url":"https:\/\/bluergo.it\/wp-content\/uploads\/2017\/09\/GDX_3226-1.jpg","contentUrl":"https:\/\/bluergo.it\/wp-content\/uploads\/2017\/09\/GDX_3226-1.jpg","width":969,"height":875},{"@type":"BreadcrumbList","@id":"https:\/\/bluergo.it\/fr\/prodotti\/automatisation-domotique-et-industriel\/transformateurs-monophase-disolation-et-de-securite#breadcrumb","itemListElement":[{"@type":"ListItem","position":1,"name":"Home","item":"https:\/\/bluergo.it\/fr"},{"@type":"ListItem","position":2,"name":"Prodotti","item":"https:\/\/bluergo.it\/shop"},{"@type":"ListItem","position":3,"name":"Transformateurs monophase d&rsquo;isolation et de securite"}]},{"@type":"WebSite","@id":"https:\/\/bluergo.it\/#website","url":"https:\/\/bluergo.it\/","name":"Bluergo: Ing\u00e9nierie \u00e9lectromagn\u00e9tique","description":"Conception et production de composants \u00e9lectromagn\u00e9tiques","potentialAction":[{"@type":"SearchAction","target":{"@type":"EntryPoint","urlTemplate":"https:\/\/bluergo.it\/?s={search_term_string}"},"query-input":{"@type":"PropertyValueSpecification","valueRequired":true,"valueName":"search_term_string"}}],"inLanguage":"fr-FR"}]}},"_links":{"self":[{"href":"https:\/\/bluergo.it\/fr\/wp-json\/wp\/v2\/product\/44333","targetHints":{"allow":["GET"]}}],"collection":[{"href":"https:\/\/bluergo.it\/fr\/wp-json\/wp\/v2\/product"}],"about":[{"href":"https:\/\/bluergo.it\/fr\/wp-json\/wp\/v2\/types\/product"}],"wp:featuredmedia":[{"embeddable":true,"href":"https:\/\/bluergo.it\/fr\/wp-json\/wp\/v2\/media\/44518"}],"wp:attachment":[{"href":"https:\/\/bluergo.it\/fr\/wp-json\/wp\/v2\/media?parent=44333"}],"wp:term":[{"taxonomy":"product_brand","embeddable":true,"href":"https:\/\/bluergo.it\/fr\/wp-json\/wp\/v2\/product_brand?post=44333"},{"taxonomy":"product_cat","embeddable":true,"href":"https:\/\/bluergo.it\/fr\/wp-json\/wp\/v2\/product_cat?post=44333"},{"taxonomy":"product_tag","embeddable":true,"href":"https:\/\/bluergo.it\/fr\/wp-json\/wp\/v2\/product_tag?post=44333"}],"curies":[{"name":"wp","href":"https:\/\/api.w.org\/{rel}","templated":true}]}}