{"id":44321,"date":"2017-09-19T09:59:46","date_gmt":"2017-09-19T07:59:46","guid":{"rendered":"http:\/\/larindev.com\/bluergo\/fr\/prodotti\/senza%20categoria\/pfc-power-factor-control"},"modified":"2017-11-17T17:29:07","modified_gmt":"2017-11-17T16:29:07","slug":"pfc-correction-du-facteur-puissance","status":"publish","type":"product","link":"https:\/\/bluergo.it\/fr\/prodotti\/electromenager\/pfc-correction-du-facteur-puissance","title":{"rendered":"PFC \u2013 Correction du Facteur Puissance"},"content":{"rendered":"<div class=\"wpb-content-wrapper\"><p>[vc_row][vc_column]<div class=\"edgtf-unordered-list  edgtf-circle\"><ul>\n<li>Possibilit\u00e9 de conception avec valeur d\u2019inductance et de courant variables en fonction des dimensions et du fonctionnement demand\u00e9 du client.<\/li>\n<li>Possibilit\u00e9 de conception en 3 diff\u00e9rentes solutions:<br \/>\n&#8211; Cadre ouvert<br \/>\n&#8211; En r\u00e9sine<br \/>\n&#8211; Moul\u00e9s<\/li>\n<\/ul>\n<\/div>[\/vc_column][\/vc_row]<\/p>\n<\/div>","protected":false},"excerpt":{"rendered":"<p>Il s\u2019agit d\u2019inductances sur dimensions normalement utilis\u00e9es pour le transformateur monophas\u00e9s. Le but du PFC est exclusivement celui d\u2019am\u00e9liorer le rapport entre la puissance totale utilis\u00e9e dans un r\u00e9seau et celle qui ex\u00e9cute le travail, en r\u00e9duisant le composant non-actif, la puissance r\u00e9active. \u00c7a va am\u00e9liorer la prestation de la production et de la distribution de l\u2019\u00e9nergie \u00e9lectrique.<\/p>\n","protected":false},"featured_media":44513,"template":"","meta":{"_acf_changed":false},"product_brand":[],"product_cat":[98],"product_tag":[],"class_list":{"0":"post-44321","1":"product","2":"type-product","3":"status-publish","4":"has-post-thumbnail","6":"product_cat-electromenager","8":"first","9":"instock","10":"shipping-taxable","11":"product-type-simple"},"acf":[],"yoast_head":"<!-- This site is optimized with the Yoast SEO plugin v27.4 - https:\/\/yoast.com\/product\/yoast-seo-wordpress\/ -->\n<title>PFC \u2013 Correction du Facteur Puissance - Bluergo: Ing\u00e9nierie \u00e9lectromagn\u00e9tique<\/title>\n<meta name=\"robots\" content=\"index, follow, max-snippet:-1, max-image-preview:large, max-video-preview:-1\" \/>\n<link rel=\"canonical\" href=\"https:\/\/bluergo.it\/fr\/prodotti\/electromenager\/pfc-correction-du-facteur-puissance\" \/>\n<meta property=\"og:locale\" content=\"fr_FR\" \/>\n<meta property=\"og:type\" content=\"article\" \/>\n<meta property=\"og:title\" content=\"PFC \u2013 Correction du Facteur Puissance - Bluergo: Ing\u00e9nierie \u00e9lectromagn\u00e9tique\" \/>\n<meta property=\"og:description\" content=\"Il s\u2019agit d\u2019inductances sur dimensions normalement utilis\u00e9es pour le transformateur monophas\u00e9s. Le but du PFC est exclusivement celui d\u2019am\u00e9liorer le rapport entre la puissance totale utilis\u00e9e dans un r\u00e9seau et celle qui ex\u00e9cute le travail, en r\u00e9duisant le composant non-actif, la puissance r\u00e9active. \u00c7a va am\u00e9liorer la prestation de la production et de la distribution de l\u2019\u00e9nergie \u00e9lectrique.\" \/>\n<meta property=\"og:url\" content=\"https:\/\/bluergo.it\/fr\/prodotti\/electromenager\/pfc-correction-du-facteur-puissance\" \/>\n<meta property=\"og:site_name\" content=\"Bluergo: Ing\u00e9nierie \u00e9lectromagn\u00e9tique\" \/>\n<meta property=\"article:modified_time\" content=\"2017-11-17T16:29:07+00:00\" \/>\n<meta property=\"og:image\" content=\"https:\/\/bluergo.it\/wp-content\/uploads\/2017\/09\/GDX_3201.jpg\" \/>\n\t<meta property=\"og:image:width\" content=\"969\" \/>\n\t<meta property=\"og:image:height\" content=\"875\" \/>\n\t<meta property=\"og:image:type\" content=\"image\/jpeg\" \/>\n<meta name=\"twitter:card\" content=\"summary_large_image\" \/>\n<script type=\"application\/ld+json\" class=\"yoast-schema-graph\">{\"@context\":\"https:\\\/\\\/schema.org\",\"@graph\":[{\"@type\":\"WebPage\",\"@id\":\"https:\\\/\\\/bluergo.it\\\/fr\\\/prodotti\\\/electromenager\\\/pfc-correction-du-facteur-puissance\",\"url\":\"https:\\\/\\\/bluergo.it\\\/fr\\\/prodotti\\\/electromenager\\\/pfc-correction-du-facteur-puissance\",\"name\":\"PFC \u2013 Correction du Facteur Puissance - Bluergo: Ing\u00e9nierie \u00e9lectromagn\u00e9tique\",\"isPartOf\":{\"@id\":\"https:\\\/\\\/bluergo.it\\\/#website\"},\"primaryImageOfPage\":{\"@id\":\"https:\\\/\\\/bluergo.it\\\/fr\\\/prodotti\\\/electromenager\\\/pfc-correction-du-facteur-puissance#primaryimage\"},\"image\":{\"@id\":\"https:\\\/\\\/bluergo.it\\\/fr\\\/prodotti\\\/electromenager\\\/pfc-correction-du-facteur-puissance#primaryimage\"},\"thumbnailUrl\":\"https:\\\/\\\/bluergo.it\\\/wp-content\\\/uploads\\\/2017\\\/09\\\/GDX_3201.jpg\",\"datePublished\":\"2017-09-19T07:59:46+00:00\",\"dateModified\":\"2017-11-17T16:29:07+00:00\",\"breadcrumb\":{\"@id\":\"https:\\\/\\\/bluergo.it\\\/fr\\\/prodotti\\\/electromenager\\\/pfc-correction-du-facteur-puissance#breadcrumb\"},\"inLanguage\":\"fr-FR\",\"potentialAction\":[{\"@type\":\"ReadAction\",\"target\":[\"https:\\\/\\\/bluergo.it\\\/fr\\\/prodotti\\\/electromenager\\\/pfc-correction-du-facteur-puissance\"]}]},{\"@type\":\"ImageObject\",\"inLanguage\":\"fr-FR\",\"@id\":\"https:\\\/\\\/bluergo.it\\\/fr\\\/prodotti\\\/electromenager\\\/pfc-correction-du-facteur-puissance#primaryimage\",\"url\":\"https:\\\/\\\/bluergo.it\\\/wp-content\\\/uploads\\\/2017\\\/09\\\/GDX_3201.jpg\",\"contentUrl\":\"https:\\\/\\\/bluergo.it\\\/wp-content\\\/uploads\\\/2017\\\/09\\\/GDX_3201.jpg\",\"width\":969,\"height\":875},{\"@type\":\"BreadcrumbList\",\"@id\":\"https:\\\/\\\/bluergo.it\\\/fr\\\/prodotti\\\/electromenager\\\/pfc-correction-du-facteur-puissance#breadcrumb\",\"itemListElement\":[{\"@type\":\"ListItem\",\"position\":1,\"name\":\"Home\",\"item\":\"https:\\\/\\\/bluergo.it\\\/fr\"},{\"@type\":\"ListItem\",\"position\":2,\"name\":\"Prodotti\",\"item\":\"https:\\\/\\\/bluergo.it\\\/shop\"},{\"@type\":\"ListItem\",\"position\":3,\"name\":\"PFC \u2013 Correction du Facteur Puissance\"}]},{\"@type\":\"WebSite\",\"@id\":\"https:\\\/\\\/bluergo.it\\\/#website\",\"url\":\"https:\\\/\\\/bluergo.it\\\/\",\"name\":\"Bluergo: Ing\u00e9nierie \u00e9lectromagn\u00e9tique\",\"description\":\"Conception et production de composants \u00e9lectromagn\u00e9tiques\",\"potentialAction\":[{\"@type\":\"SearchAction\",\"target\":{\"@type\":\"EntryPoint\",\"urlTemplate\":\"https:\\\/\\\/bluergo.it\\\/?s={search_term_string}\"},\"query-input\":{\"@type\":\"PropertyValueSpecification\",\"valueRequired\":true,\"valueName\":\"search_term_string\"}}],\"inLanguage\":\"fr-FR\"}]}<\/script>\n<!-- \/ Yoast SEO plugin. -->","yoast_head_json":{"title":"PFC \u2013 Correction du Facteur Puissance - Bluergo: Ing\u00e9nierie \u00e9lectromagn\u00e9tique","robots":{"index":"index","follow":"follow","max-snippet":"max-snippet:-1","max-image-preview":"max-image-preview:large","max-video-preview":"max-video-preview:-1"},"canonical":"https:\/\/bluergo.it\/fr\/prodotti\/electromenager\/pfc-correction-du-facteur-puissance","og_locale":"fr_FR","og_type":"article","og_title":"PFC \u2013 Correction du Facteur Puissance - Bluergo: Ing\u00e9nierie \u00e9lectromagn\u00e9tique","og_description":"Il s\u2019agit d\u2019inductances sur dimensions normalement utilis\u00e9es pour le transformateur monophas\u00e9s. Le but du PFC est exclusivement celui d\u2019am\u00e9liorer le rapport entre la puissance totale utilis\u00e9e dans un r\u00e9seau et celle qui ex\u00e9cute le travail, en r\u00e9duisant le composant non-actif, la puissance r\u00e9active. \u00c7a va am\u00e9liorer la prestation de la production et de la distribution de l\u2019\u00e9nergie \u00e9lectrique.","og_url":"https:\/\/bluergo.it\/fr\/prodotti\/electromenager\/pfc-correction-du-facteur-puissance","og_site_name":"Bluergo: Ing\u00e9nierie \u00e9lectromagn\u00e9tique","article_modified_time":"2017-11-17T16:29:07+00:00","og_image":[{"width":969,"height":875,"url":"https:\/\/bluergo.it\/wp-content\/uploads\/2017\/09\/GDX_3201.jpg","type":"image\/jpeg"}],"twitter_card":"summary_large_image","schema":{"@context":"https:\/\/schema.org","@graph":[{"@type":"WebPage","@id":"https:\/\/bluergo.it\/fr\/prodotti\/electromenager\/pfc-correction-du-facteur-puissance","url":"https:\/\/bluergo.it\/fr\/prodotti\/electromenager\/pfc-correction-du-facteur-puissance","name":"PFC \u2013 Correction du Facteur Puissance - Bluergo: Ing\u00e9nierie \u00e9lectromagn\u00e9tique","isPartOf":{"@id":"https:\/\/bluergo.it\/#website"},"primaryImageOfPage":{"@id":"https:\/\/bluergo.it\/fr\/prodotti\/electromenager\/pfc-correction-du-facteur-puissance#primaryimage"},"image":{"@id":"https:\/\/bluergo.it\/fr\/prodotti\/electromenager\/pfc-correction-du-facteur-puissance#primaryimage"},"thumbnailUrl":"https:\/\/bluergo.it\/wp-content\/uploads\/2017\/09\/GDX_3201.jpg","datePublished":"2017-09-19T07:59:46+00:00","dateModified":"2017-11-17T16:29:07+00:00","breadcrumb":{"@id":"https:\/\/bluergo.it\/fr\/prodotti\/electromenager\/pfc-correction-du-facteur-puissance#breadcrumb"},"inLanguage":"fr-FR","potentialAction":[{"@type":"ReadAction","target":["https:\/\/bluergo.it\/fr\/prodotti\/electromenager\/pfc-correction-du-facteur-puissance"]}]},{"@type":"ImageObject","inLanguage":"fr-FR","@id":"https:\/\/bluergo.it\/fr\/prodotti\/electromenager\/pfc-correction-du-facteur-puissance#primaryimage","url":"https:\/\/bluergo.it\/wp-content\/uploads\/2017\/09\/GDX_3201.jpg","contentUrl":"https:\/\/bluergo.it\/wp-content\/uploads\/2017\/09\/GDX_3201.jpg","width":969,"height":875},{"@type":"BreadcrumbList","@id":"https:\/\/bluergo.it\/fr\/prodotti\/electromenager\/pfc-correction-du-facteur-puissance#breadcrumb","itemListElement":[{"@type":"ListItem","position":1,"name":"Home","item":"https:\/\/bluergo.it\/fr"},{"@type":"ListItem","position":2,"name":"Prodotti","item":"https:\/\/bluergo.it\/shop"},{"@type":"ListItem","position":3,"name":"PFC \u2013 Correction du Facteur Puissance"}]},{"@type":"WebSite","@id":"https:\/\/bluergo.it\/#website","url":"https:\/\/bluergo.it\/","name":"Bluergo: Ing\u00e9nierie \u00e9lectromagn\u00e9tique","description":"Conception et production de composants \u00e9lectromagn\u00e9tiques","potentialAction":[{"@type":"SearchAction","target":{"@type":"EntryPoint","urlTemplate":"https:\/\/bluergo.it\/?s={search_term_string}"},"query-input":{"@type":"PropertyValueSpecification","valueRequired":true,"valueName":"search_term_string"}}],"inLanguage":"fr-FR"}]}},"_links":{"self":[{"href":"https:\/\/bluergo.it\/fr\/wp-json\/wp\/v2\/product\/44321","targetHints":{"allow":["GET"]}}],"collection":[{"href":"https:\/\/bluergo.it\/fr\/wp-json\/wp\/v2\/product"}],"about":[{"href":"https:\/\/bluergo.it\/fr\/wp-json\/wp\/v2\/types\/product"}],"wp:featuredmedia":[{"embeddable":true,"href":"https:\/\/bluergo.it\/fr\/wp-json\/wp\/v2\/media\/44513"}],"wp:attachment":[{"href":"https:\/\/bluergo.it\/fr\/wp-json\/wp\/v2\/media?parent=44321"}],"wp:term":[{"taxonomy":"product_brand","embeddable":true,"href":"https:\/\/bluergo.it\/fr\/wp-json\/wp\/v2\/product_brand?post=44321"},{"taxonomy":"product_cat","embeddable":true,"href":"https:\/\/bluergo.it\/fr\/wp-json\/wp\/v2\/product_cat?post=44321"},{"taxonomy":"product_tag","embeddable":true,"href":"https:\/\/bluergo.it\/fr\/wp-json\/wp\/v2\/product_tag?post=44321"}],"curies":[{"name":"wp","href":"https:\/\/api.w.org\/{rel}","templated":true}]}}