{"id":44309,"date":"2017-09-18T15:53:54","date_gmt":"2017-09-18T13:53:54","guid":{"rendered":"http:\/\/larindev.com\/bluergo\/fr\/prodotti\/senza%20categoria\/statorspulen-fuer-getriebemotoren"},"modified":"2017-11-17T16:13:58","modified_gmt":"2017-11-17T15:13:58","slug":"bobines-statoriques-pour-motoreductuers","status":"publish","type":"product","link":"https:\/\/bluergo.it\/fr\/prodotti\/electromenager\/bobines-statoriques-pour-motoreductuers","title":{"rendered":"Bobines statoriques pour motoreductuers"},"content":{"rendered":"<div class=\"wpb-content-wrapper\"><p>[vc_row][vc_column]<div class=\"edgtf-unordered-list  edgtf-circle\"><ul>\n<li>Enroulements sur support en plastique. Disponible en plusieurs dimensions pour les diff\u00e9rentes utilisations finales.<\/li>\n<li>Enroulements avec fil de cuivre classe F H, diam\u00e8tres compris entre 0.09 et 0.8.<\/li>\n<li>Diff\u00e9rentes solutions de connexion: soudures \u00e0 l\u2019\u00e9tain, soudure \u00e9lectrique ou magmate.<\/li>\n<li>Possibilit\u00e9 de moulage pour assurer un majeur d\u00e9gr\u00e9e IP et une meilleure isolation \u00e9lectrique.<\/li>\n<li>Possibilit\u00e9 de protection contre la surcharge thermique.<\/li>\n<\/ul>\n<\/div>[\/vc_column][\/vc_row]<\/p>\n<\/div>","protected":false},"excerpt":{"rendered":"<p>Ce type de bobines statoriques sont pens\u00e9es pour \u00eatre utilis\u00e9es dans plusieurs applications, qui vont du motor\u00e9ducteur traditionnel jusqu\u2019aux \u00e9lectro-serrures et aux \u00e9lectrofreins pour volets roulants.<\/p>\n","protected":false},"featured_media":44512,"template":"","meta":{"_acf_changed":false},"product_brand":[],"product_cat":[98],"product_tag":[],"class_list":{"0":"post-44309","1":"product","2":"type-product","3":"status-publish","4":"has-post-thumbnail","6":"product_cat-electromenager","8":"first","9":"instock","10":"shipping-taxable","11":"product-type-simple"},"acf":[],"yoast_head":"<!-- This site is optimized with the Yoast SEO plugin v27.4 - https:\/\/yoast.com\/product\/yoast-seo-wordpress\/ -->\n<title>Bobines statoriques pour motoreductuers - Bluergo: Ing\u00e9nierie \u00e9lectromagn\u00e9tique<\/title>\n<meta name=\"description\" content=\"Ce sont des bobines con\u00e7ues pour \u00eatre utilis\u00e9es dans diff\u00e9rents environnements: motor\u00e9ducteur, \u00e9lectro-serrure ou \u00e9lectro-blocage pour volets roulants.\" \/>\n<meta name=\"robots\" content=\"index, follow, max-snippet:-1, max-image-preview:large, max-video-preview:-1\" \/>\n<link rel=\"canonical\" href=\"https:\/\/bluergo.it\/fr\/prodotti\/electromenager\/bobines-statoriques-pour-motoreductuers\" \/>\n<meta property=\"og:locale\" content=\"fr_FR\" \/>\n<meta property=\"og:type\" content=\"article\" \/>\n<meta property=\"og:title\" content=\"Bobines statoriques pour motoreductuers - Bluergo: Ing\u00e9nierie \u00e9lectromagn\u00e9tique\" \/>\n<meta property=\"og:description\" content=\"Ce sont des bobines con\u00e7ues pour \u00eatre utilis\u00e9es dans diff\u00e9rents environnements: motor\u00e9ducteur, \u00e9lectro-serrure ou \u00e9lectro-blocage pour volets roulants.\" \/>\n<meta property=\"og:url\" content=\"https:\/\/bluergo.it\/fr\/prodotti\/electromenager\/bobines-statoriques-pour-motoreductuers\" \/>\n<meta property=\"og:site_name\" content=\"Bluergo: Ing\u00e9nierie \u00e9lectromagn\u00e9tique\" \/>\n<meta property=\"article:modified_time\" content=\"2017-11-17T15:13:58+00:00\" \/>\n<meta property=\"og:image\" content=\"https:\/\/bluergo.it\/wp-content\/uploads\/2017\/09\/GDX_3235-1.jpg\" \/>\n\t<meta property=\"og:image:width\" content=\"969\" \/>\n\t<meta property=\"og:image:height\" content=\"875\" \/>\n\t<meta property=\"og:image:type\" content=\"image\/jpeg\" \/>\n<meta name=\"twitter:card\" content=\"summary_large_image\" \/>\n<script type=\"application\/ld+json\" class=\"yoast-schema-graph\">{\"@context\":\"https:\\\/\\\/schema.org\",\"@graph\":[{\"@type\":\"WebPage\",\"@id\":\"https:\\\/\\\/bluergo.it\\\/fr\\\/prodotti\\\/electromenager\\\/bobines-statoriques-pour-motoreductuers\",\"url\":\"https:\\\/\\\/bluergo.it\\\/fr\\\/prodotti\\\/electromenager\\\/bobines-statoriques-pour-motoreductuers\",\"name\":\"Bobines statoriques pour motoreductuers - Bluergo: Ing\u00e9nierie \u00e9lectromagn\u00e9tique\",\"isPartOf\":{\"@id\":\"https:\\\/\\\/bluergo.it\\\/#website\"},\"primaryImageOfPage\":{\"@id\":\"https:\\\/\\\/bluergo.it\\\/fr\\\/prodotti\\\/electromenager\\\/bobines-statoriques-pour-motoreductuers#primaryimage\"},\"image\":{\"@id\":\"https:\\\/\\\/bluergo.it\\\/fr\\\/prodotti\\\/electromenager\\\/bobines-statoriques-pour-motoreductuers#primaryimage\"},\"thumbnailUrl\":\"https:\\\/\\\/bluergo.it\\\/wp-content\\\/uploads\\\/2017\\\/09\\\/GDX_3235-1.jpg\",\"datePublished\":\"2017-09-18T13:53:54+00:00\",\"dateModified\":\"2017-11-17T15:13:58+00:00\",\"description\":\"Ce sont des bobines con\u00e7ues pour \u00eatre utilis\u00e9es dans diff\u00e9rents environnements: motor\u00e9ducteur, \u00e9lectro-serrure ou \u00e9lectro-blocage pour volets roulants.\",\"breadcrumb\":{\"@id\":\"https:\\\/\\\/bluergo.it\\\/fr\\\/prodotti\\\/electromenager\\\/bobines-statoriques-pour-motoreductuers#breadcrumb\"},\"inLanguage\":\"fr-FR\",\"potentialAction\":[{\"@type\":\"ReadAction\",\"target\":[\"https:\\\/\\\/bluergo.it\\\/fr\\\/prodotti\\\/electromenager\\\/bobines-statoriques-pour-motoreductuers\"]}]},{\"@type\":\"ImageObject\",\"inLanguage\":\"fr-FR\",\"@id\":\"https:\\\/\\\/bluergo.it\\\/fr\\\/prodotti\\\/electromenager\\\/bobines-statoriques-pour-motoreductuers#primaryimage\",\"url\":\"https:\\\/\\\/bluergo.it\\\/wp-content\\\/uploads\\\/2017\\\/09\\\/GDX_3235-1.jpg\",\"contentUrl\":\"https:\\\/\\\/bluergo.it\\\/wp-content\\\/uploads\\\/2017\\\/09\\\/GDX_3235-1.jpg\",\"width\":969,\"height\":875},{\"@type\":\"BreadcrumbList\",\"@id\":\"https:\\\/\\\/bluergo.it\\\/fr\\\/prodotti\\\/electromenager\\\/bobines-statoriques-pour-motoreductuers#breadcrumb\",\"itemListElement\":[{\"@type\":\"ListItem\",\"position\":1,\"name\":\"Home\",\"item\":\"https:\\\/\\\/bluergo.it\\\/fr\"},{\"@type\":\"ListItem\",\"position\":2,\"name\":\"Prodotti\",\"item\":\"https:\\\/\\\/bluergo.it\\\/shop\"},{\"@type\":\"ListItem\",\"position\":3,\"name\":\"Bobines statoriques pour motoreductuers\"}]},{\"@type\":\"WebSite\",\"@id\":\"https:\\\/\\\/bluergo.it\\\/#website\",\"url\":\"https:\\\/\\\/bluergo.it\\\/\",\"name\":\"Bluergo: Ing\u00e9nierie \u00e9lectromagn\u00e9tique\",\"description\":\"Conception et production de composants \u00e9lectromagn\u00e9tiques\",\"potentialAction\":[{\"@type\":\"SearchAction\",\"target\":{\"@type\":\"EntryPoint\",\"urlTemplate\":\"https:\\\/\\\/bluergo.it\\\/?s={search_term_string}\"},\"query-input\":{\"@type\":\"PropertyValueSpecification\",\"valueRequired\":true,\"valueName\":\"search_term_string\"}}],\"inLanguage\":\"fr-FR\"}]}<\/script>\n<!-- \/ Yoast SEO plugin. -->","yoast_head_json":{"title":"Bobines statoriques pour motoreductuers - Bluergo: Ing\u00e9nierie \u00e9lectromagn\u00e9tique","description":"Ce sont des bobines con\u00e7ues pour \u00eatre utilis\u00e9es dans diff\u00e9rents environnements: motor\u00e9ducteur, \u00e9lectro-serrure ou \u00e9lectro-blocage pour volets roulants.","robots":{"index":"index","follow":"follow","max-snippet":"max-snippet:-1","max-image-preview":"max-image-preview:large","max-video-preview":"max-video-preview:-1"},"canonical":"https:\/\/bluergo.it\/fr\/prodotti\/electromenager\/bobines-statoriques-pour-motoreductuers","og_locale":"fr_FR","og_type":"article","og_title":"Bobines statoriques pour motoreductuers - Bluergo: Ing\u00e9nierie \u00e9lectromagn\u00e9tique","og_description":"Ce sont des bobines con\u00e7ues pour \u00eatre utilis\u00e9es dans diff\u00e9rents environnements: motor\u00e9ducteur, \u00e9lectro-serrure ou \u00e9lectro-blocage pour volets roulants.","og_url":"https:\/\/bluergo.it\/fr\/prodotti\/electromenager\/bobines-statoriques-pour-motoreductuers","og_site_name":"Bluergo: Ing\u00e9nierie \u00e9lectromagn\u00e9tique","article_modified_time":"2017-11-17T15:13:58+00:00","og_image":[{"width":969,"height":875,"url":"https:\/\/bluergo.it\/wp-content\/uploads\/2017\/09\/GDX_3235-1.jpg","type":"image\/jpeg"}],"twitter_card":"summary_large_image","schema":{"@context":"https:\/\/schema.org","@graph":[{"@type":"WebPage","@id":"https:\/\/bluergo.it\/fr\/prodotti\/electromenager\/bobines-statoriques-pour-motoreductuers","url":"https:\/\/bluergo.it\/fr\/prodotti\/electromenager\/bobines-statoriques-pour-motoreductuers","name":"Bobines statoriques pour motoreductuers - Bluergo: Ing\u00e9nierie \u00e9lectromagn\u00e9tique","isPartOf":{"@id":"https:\/\/bluergo.it\/#website"},"primaryImageOfPage":{"@id":"https:\/\/bluergo.it\/fr\/prodotti\/electromenager\/bobines-statoriques-pour-motoreductuers#primaryimage"},"image":{"@id":"https:\/\/bluergo.it\/fr\/prodotti\/electromenager\/bobines-statoriques-pour-motoreductuers#primaryimage"},"thumbnailUrl":"https:\/\/bluergo.it\/wp-content\/uploads\/2017\/09\/GDX_3235-1.jpg","datePublished":"2017-09-18T13:53:54+00:00","dateModified":"2017-11-17T15:13:58+00:00","description":"Ce sont des bobines con\u00e7ues pour \u00eatre utilis\u00e9es dans diff\u00e9rents environnements: motor\u00e9ducteur, \u00e9lectro-serrure ou \u00e9lectro-blocage pour volets roulants.","breadcrumb":{"@id":"https:\/\/bluergo.it\/fr\/prodotti\/electromenager\/bobines-statoriques-pour-motoreductuers#breadcrumb"},"inLanguage":"fr-FR","potentialAction":[{"@type":"ReadAction","target":["https:\/\/bluergo.it\/fr\/prodotti\/electromenager\/bobines-statoriques-pour-motoreductuers"]}]},{"@type":"ImageObject","inLanguage":"fr-FR","@id":"https:\/\/bluergo.it\/fr\/prodotti\/electromenager\/bobines-statoriques-pour-motoreductuers#primaryimage","url":"https:\/\/bluergo.it\/wp-content\/uploads\/2017\/09\/GDX_3235-1.jpg","contentUrl":"https:\/\/bluergo.it\/wp-content\/uploads\/2017\/09\/GDX_3235-1.jpg","width":969,"height":875},{"@type":"BreadcrumbList","@id":"https:\/\/bluergo.it\/fr\/prodotti\/electromenager\/bobines-statoriques-pour-motoreductuers#breadcrumb","itemListElement":[{"@type":"ListItem","position":1,"name":"Home","item":"https:\/\/bluergo.it\/fr"},{"@type":"ListItem","position":2,"name":"Prodotti","item":"https:\/\/bluergo.it\/shop"},{"@type":"ListItem","position":3,"name":"Bobines statoriques pour motoreductuers"}]},{"@type":"WebSite","@id":"https:\/\/bluergo.it\/#website","url":"https:\/\/bluergo.it\/","name":"Bluergo: Ing\u00e9nierie \u00e9lectromagn\u00e9tique","description":"Conception et production de composants \u00e9lectromagn\u00e9tiques","potentialAction":[{"@type":"SearchAction","target":{"@type":"EntryPoint","urlTemplate":"https:\/\/bluergo.it\/?s={search_term_string}"},"query-input":{"@type":"PropertyValueSpecification","valueRequired":true,"valueName":"search_term_string"}}],"inLanguage":"fr-FR"}]}},"_links":{"self":[{"href":"https:\/\/bluergo.it\/fr\/wp-json\/wp\/v2\/product\/44309","targetHints":{"allow":["GET"]}}],"collection":[{"href":"https:\/\/bluergo.it\/fr\/wp-json\/wp\/v2\/product"}],"about":[{"href":"https:\/\/bluergo.it\/fr\/wp-json\/wp\/v2\/types\/product"}],"wp:featuredmedia":[{"embeddable":true,"href":"https:\/\/bluergo.it\/fr\/wp-json\/wp\/v2\/media\/44512"}],"wp:attachment":[{"href":"https:\/\/bluergo.it\/fr\/wp-json\/wp\/v2\/media?parent=44309"}],"wp:term":[{"taxonomy":"product_brand","embeddable":true,"href":"https:\/\/bluergo.it\/fr\/wp-json\/wp\/v2\/product_brand?post=44309"},{"taxonomy":"product_cat","embeddable":true,"href":"https:\/\/bluergo.it\/fr\/wp-json\/wp\/v2\/product_cat?post=44309"},{"taxonomy":"product_tag","embeddable":true,"href":"https:\/\/bluergo.it\/fr\/wp-json\/wp\/v2\/product_tag?post=44309"}],"curies":[{"name":"wp","href":"https:\/\/api.w.org\/{rel}","templated":true}]}}