{"id":44214,"date":"2015-10-21T11:37:21","date_gmt":"2015-10-21T11:37:21","guid":{"rendered":"http:\/\/larindev.com\/bluergo\/fr\/produits\/anwendung-haushaltsgeraete"},"modified":"2017-11-22T12:48:26","modified_gmt":"2017-11-22T11:48:26","slug":"electromenager","status":"publish","type":"page","link":"https:\/\/bluergo.it\/fr\/produits\/electromenager","title":{"rendered":"Electromenager"},"content":{"rendered":"<div class=\"wpb-content-wrapper\"><p>[vc_row el_class=\u00a0\u00bbpspace\u00a0\u00bb][vc_column]<div class=\"edgtf-elements-holder edgtf-two-columns edgtf-responsive-mode-1024\" style=\"background-color:#fbf8f6;\"><div class=\"edgtf-elements-holder-item edgtf-vertical-alignment-middle edgtf-horizontal-alignment-left\"  >\n\t<div class=\"edgtf-elements-holder-item-inner\">\n\t\t<div class=\"edgtf-elements-holder-item-content edgtf-elements-holder-custom-427540\" style=\"padding: 12% 9% 12.5% 11%\">\n\t\t\t\t\t\t<style type=\"text\/css\" data-type=\"edgtf-elements-custom-padding\" scoped>\n\t\t\t\t\t\t\t\t\t@media only screen and (min-width: 1024px) and (max-width: 1280px) {\n\t\t\t\t\t\t.edgtf-elements-holder .edgtf-elements-holder-item-content.edgtf-elements-holder-custom-427540 {\n\t\t\t\t\t\t\tpadding: 9% 9% 9% 10% !important;\n\t\t\t\t\t\t}\n\t\t\t\t\t}\n\t\t\t\t\t\t\t\t\t\t\t\t@media only screen and (min-width: 768px) and (max-width: 1024px) {\n\t\t\t\t\t.edgtf-elements-holder .edgtf-elements-holder-item-content.edgtf-elements-holder-custom-427540 {\n\t\t\t\t\t\tpadding: 10.5% 9% 10.5% 10% !important;\n\t\t\t\t\t}\n\t\t\t\t}\n\t\t\t\t\t\t\t\t\t\t\t\t@media only screen and (min-width: 600px) and (max-width: 768px) {\n\t\t\t\t\t.edgtf-elements-holder .edgtf-elements-holder-item-content.edgtf-elements-holder-custom-427540 {\n\t\t\t\t\t\tpadding: 11% 9% 11% 9% !important;\n\t\t\t\t\t}\n\t\t\t\t}\n\t\t\t\t\t\t\t\t\t\t\t\t@media only screen and (min-width: 480px) and (max-width: 600px) {\n\t\t\t\t\t.edgtf-elements-holder .edgtf-elements-holder-item-content.edgtf-elements-holder-custom-427540 {\n\t\t\t\t\t\tpadding: 11% 6% 11% 6% !important;\n\t\t\t\t\t}\n\t\t\t\t}\n\t\t\t\t\t\t\t\t\t\t\t\t@media only screen and (max-width: 480px) {\n\t\t\t\t\t.edgtf-elements-holder .edgtf-elements-holder-item-content.edgtf-elements-holder-custom-427540 {\n\t\t\t\t\t\tpadding: 16% 4% 15% 4% !important;\n\t\t\t\t\t}\n\t\t\t\t}\n\t\t\t\t\t\t\t\t<\/style>\n\t\t\t\t\t\t[vc_column_text]<\/p>\n<h2>Solutions pour fours, machines \u00e0 laver, lave-vaisselle<\/h2>\n<p>[\/vc_column_text]<div class=\"edgtf-separator-holder clearfix  edgtf-separator-center edgtf-separator-normal\">\n\t<div class=\"edgtf-separator\" style=\"border-color: #fbf8f6;border-width: 1px;margin-top: 19px;margin-bottom: 0px\"><\/div>\n<\/div>\n<div class=\"edgtf-separator-holder clearfix  edgtf-separator-center edgtf-separator-normal\">\n\t<div class=\"edgtf-separator\" style=\"border-color: #fbf8f6;border-width: 1px;margin-top: 30px;margin-bottom: 0px\"><\/div>\n<\/div>\n[vc_column_text]Sp\u00e9cialis\u00e9e dans l\u2019enroulement du fil en cuivre depuis plus de 30 ans, Bluergo d\u00e9veloppe et produit composants \u00e9lectromagn\u00e9tiques et \u00e9lectroniques pour le secteur de l\u2019\u00e9lectrom\u00e9nager, du blanc et du brun en particulier.<\/p>\n<p>La production pour l\u2019\u00e9lectrom\u00e9nager repr\u00e9sente le 45% de la production de l\u2019entreprise: en 8 machines \u00e0 laver sur 10 on peut trouver une bobine marqu\u00e9e Bluergo.<\/p>\n<p>Il s\u2019agit des bobines tachimetriques pour les machines \u00e0 laver, les \u00e9lectro-soupapes pour les pompes et les CPR (Compensation de Puissance R\u00e9active) pour moteurs et alimentation.[\/vc_column_text]<div class=\"edgtf-separator-holder clearfix  edgtf-separator-center edgtf-separator-normal\">\n\t<div class=\"edgtf-separator\" style=\"border-color: #fbf8f6;border-width: 1px;margin-top: 42px;margin-bottom: 0px\"><\/div>\n<\/div>\n<a href=\"#home-appliance\" target=\"_self\" style=\"font-weight: 400;margin: 0 18px 12px 0\" class=\"edgtf-btn edgtf-btn-medium edgtf-btn-solid edgtf-btn-custom-hover-bg edgtf-btn-custom-border-hover edgtf-btn-custom-hover-color edgtf-btn-icon\" data-hover-bg-color=\"#333333\" data-hover-color=\"#ffffff\" data-hover-border-color=\"#333333\" >\n    <span class=\"edgtf-btn-text\">D\u00c9COUVREZ LES PRODUITS<\/span>\n    <span aria-hidden=\"true\" class=\"edgtf-icon-font-elegant arrow_right edgtf-btn-icon-element\" ><\/span><\/a>\t\t<\/div>\n\t<\/div>\n<\/div><div class=\"edgtf-elements-holder-item edgtf-vertical-alignment-middle edgtf-horizontal-alignment-center\" style=\"background-color: #fbf8f6\" >\n\t<div class=\"edgtf-elements-holder-item-inner\">\n\t\t<div class=\"edgtf-elements-holder-item-content edgtf-elements-holder-custom-863363\" >\n\t\t\t\t\t\t<style type=\"text\/css\" data-type=\"edgtf-elements-custom-padding\" scoped>\n\t\t\t\t\t\t\t\t\t@media only screen and (min-width: 1024px) and (max-width: 1280px) {\n\t\t\t\t\t\t.edgtf-elements-holder .edgtf-elements-holder-item-content.edgtf-elements-holder-custom-863363 {\n\t\t\t\t\t\t\tpadding:  !important;\n\t\t\t\t\t\t}\n\t\t\t\t\t}\n\t\t\t\t\t\t\t\t\t\t\t\t@media only screen and (min-width: 768px) and (max-width: 1024px) {\n\t\t\t\t\t.edgtf-elements-holder .edgtf-elements-holder-item-content.edgtf-elements-holder-custom-863363 {\n\t\t\t\t\t\tpadding: 15% 0 !important;\n\t\t\t\t\t}\n\t\t\t\t}\n\t\t\t\t\t\t\t\t\t\t\t\t@media only screen and (min-width: 600px) and (max-width: 768px) {\n\t\t\t\t\t.edgtf-elements-holder .edgtf-elements-holder-item-content.edgtf-elements-holder-custom-863363 {\n\t\t\t\t\t\tpadding: 13% 0 !important;\n\t\t\t\t\t}\n\t\t\t\t}\n\t\t\t\t\t\t\t\t\t\t\t\t@media only screen and (min-width: 480px) and (max-width: 600px) {\n\t\t\t\t\t.edgtf-elements-holder .edgtf-elements-holder-item-content.edgtf-elements-holder-custom-863363 {\n\t\t\t\t\t\tpadding: 13% 0 !important;\n\t\t\t\t\t}\n\t\t\t\t}\n\t\t\t\t\t\t\t\t\t\t\t\t@media only screen and (max-width: 480px) {\n\t\t\t\t\t.edgtf-elements-holder .edgtf-elements-holder-item-content.edgtf-elements-holder-custom-863363 {\n\t\t\t\t\t\tpadding:  !important;\n\t\t\t\t\t}\n\t\t\t\t}\n\t\t\t\t\t\t\t\t<\/style>\n\t\t\t\t\t\t[vc_single_image image=\u00a0\u00bb44125&Prime; img_size=\u00a0\u00bblarge\u00a0\u00bb alignment=\u00a0\u00bbcenter\u00a0\u00bb]\t\t<\/div>\n\t<\/div>\n<\/div><\/div>[\/vc_column][\/vc_row][vc_row content_width=\u00a0\u00bbgrid\u00a0\u00bb anchor=\u00a0\u00bbhome-appliance\u00a0\u00bb css=\u00a0\u00bb.vc_custom_1505826199741{padding-top: 50px !important;padding-bottom: 50px !important;}\u00a0\u00bb el_id=\u00a0\u00bbhome-appliance\u00a0\u00bb][vc_column][vc_column_text css=\u00a0\u00bb.vc_custom_1506006530532{padding-top: 25px !important;padding-bottom: 75px !important;}\u00a0\u00bb]<\/p>\n<h2 style=\"text-align: center;\">PRODUITS<\/h2>\n<p>[\/vc_column_text]<div class=\"woocommerce columns-4 \"><ul class=\"products columns-4\">\n<li class=\"post-44321 product type-product status-publish has-post-thumbnail product_cat-electromenager first instock shipping-taxable product-type-simple\">\n\n\t\n    <div class=\"edgtf-product-featured-image-holder\">\n        \n\t\t<a class=\"edgtf-product-link-holder\" href=\"https:\/\/bluergo.it\/fr\/prodotti\/electromenager\/pfc-correction-du-facteur-puissance\">\n\n\t\t\t<img loading=\"lazy\" decoding=\"async\" width=\"300\" height=\"300\" src=\"https:\/\/bluergo.it\/wp-content\/uploads\/2017\/09\/GDX_3201-300x300.jpg\" class=\"attachment-woocommerce_thumbnail size-woocommerce_thumbnail\" alt=\"PFC \u2013 Correction du Facteur Puissance\" srcset=\"https:\/\/bluergo.it\/wp-content\/uploads\/2017\/09\/GDX_3201-300x300.jpg 300w, https:\/\/bluergo.it\/wp-content\/uploads\/2017\/09\/GDX_3201-150x150.jpg 150w, https:\/\/bluergo.it\/wp-content\/uploads\/2017\/09\/GDX_3201-180x180.jpg 180w, https:\/\/bluergo.it\/wp-content\/uploads\/2017\/09\/GDX_3201-600x600.jpg 600w, https:\/\/bluergo.it\/wp-content\/uploads\/2017\/09\/GDX_3201-550x550.jpg 550w\" sizes=\"auto, (max-width: 300px) 100vw, 300px\" \/>\t    <\/a>\n\n\t    <div class=\"edgtf-add-to-cart-holder\">\n\t        <div class=\"edgtf-add-to-cart-holder-inner\">\n\t            <div class=\"edgtf-add-to-cart-inner\">\n\t\t\t\t    <\/a><a href=\"https:\/\/bluergo.it\/fr\/prodotti\/electromenager\/pfc-correction-du-facteur-puissance\" aria-describedby=\"woocommerce_loop_add_to_cart_link_describedby_44321\" data-quantity=\"1\" class=\"button product_type_simple\" data-product_id=\"44321\" data-product_sku=\"\" aria-label=\"En savoir plus sur &ldquo;PFC \u2013 Correction du Facteur Puissance&rdquo;\" rel=\"nofollow\" data-success_message=\"\">Lire la suite<\/a>\t<span id=\"woocommerce_loop_add_to_cart_link_describedby_44321\" class=\"screen-reader-text\">\n\t\t\t<\/span>\n                <\/div>\n            <\/div>\n        <\/div>\n    <\/div>\n\n    <div class=\"edgtf-product-info-holder\">\n        <h6 class=\"edgtf-product-list-product-title\"><a href=\"https:\/\/bluergo.it\/fr\/prodotti\/electromenager\/pfc-correction-du-facteur-puissance\">PFC \u2013 Correction du Facteur Puissance<\/a><\/h6>\n    <\/div>\n<\/li><li class=\"post-44315 product type-product status-publish has-post-thumbnail product_cat-electromenager  instock shipping-taxable product-type-simple\">\n\n\t\n    <div class=\"edgtf-product-featured-image-holder\">\n        \n\t\t<a class=\"edgtf-product-link-holder\" href=\"https:\/\/bluergo.it\/fr\/prodotti\/electromenager\/bobines-tachimetriques\">\n\n\t\t\t<img loading=\"lazy\" decoding=\"async\" width=\"300\" height=\"300\" src=\"https:\/\/bluergo.it\/wp-content\/uploads\/2017\/09\/GDX_3247-1-300x300.jpg\" class=\"attachment-woocommerce_thumbnail size-woocommerce_thumbnail\" alt=\"Bobines tachimetriques\" srcset=\"https:\/\/bluergo.it\/wp-content\/uploads\/2017\/09\/GDX_3247-1-300x300.jpg 300w, https:\/\/bluergo.it\/wp-content\/uploads\/2017\/09\/GDX_3247-1-150x150.jpg 150w, https:\/\/bluergo.it\/wp-content\/uploads\/2017\/09\/GDX_3247-1-180x180.jpg 180w, https:\/\/bluergo.it\/wp-content\/uploads\/2017\/09\/GDX_3247-1-600x600.jpg 600w, https:\/\/bluergo.it\/wp-content\/uploads\/2017\/09\/GDX_3247-1-550x550.jpg 550w\" sizes=\"auto, (max-width: 300px) 100vw, 300px\" \/>\t    <\/a>\n\n\t    <div class=\"edgtf-add-to-cart-holder\">\n\t        <div class=\"edgtf-add-to-cart-holder-inner\">\n\t            <div class=\"edgtf-add-to-cart-inner\">\n\t\t\t\t    <\/a><a href=\"https:\/\/bluergo.it\/fr\/prodotti\/electromenager\/bobines-tachimetriques\" aria-describedby=\"woocommerce_loop_add_to_cart_link_describedby_44315\" data-quantity=\"1\" class=\"button product_type_simple\" data-product_id=\"44315\" data-product_sku=\"\" aria-label=\"En savoir plus sur &ldquo;Bobines tachimetriques&rdquo;\" rel=\"nofollow\" data-success_message=\"\">Lire la suite<\/a>\t<span id=\"woocommerce_loop_add_to_cart_link_describedby_44315\" class=\"screen-reader-text\">\n\t\t\t<\/span>\n                <\/div>\n            <\/div>\n        <\/div>\n    <\/div>\n\n    <div class=\"edgtf-product-info-holder\">\n        <h6 class=\"edgtf-product-list-product-title\"><a href=\"https:\/\/bluergo.it\/fr\/prodotti\/electromenager\/bobines-tachimetriques\">Bobines tachimetriques<\/a><\/h6>\n    <\/div>\n<\/li><li class=\"post-44309 product type-product status-publish has-post-thumbnail product_cat-electromenager  instock shipping-taxable product-type-simple\">\n\n\t\n    <div class=\"edgtf-product-featured-image-holder\">\n        \n\t\t<a class=\"edgtf-product-link-holder\" href=\"https:\/\/bluergo.it\/fr\/prodotti\/electromenager\/bobines-statoriques-pour-motoreductuers\">\n\n\t\t\t<img loading=\"lazy\" decoding=\"async\" width=\"300\" height=\"300\" src=\"https:\/\/bluergo.it\/wp-content\/uploads\/2017\/09\/GDX_3235-1-300x300.jpg\" class=\"attachment-woocommerce_thumbnail size-woocommerce_thumbnail\" alt=\"Bobines statoriques pour motoreductuers\" srcset=\"https:\/\/bluergo.it\/wp-content\/uploads\/2017\/09\/GDX_3235-1-300x300.jpg 300w, https:\/\/bluergo.it\/wp-content\/uploads\/2017\/09\/GDX_3235-1-150x150.jpg 150w, https:\/\/bluergo.it\/wp-content\/uploads\/2017\/09\/GDX_3235-1-180x180.jpg 180w, https:\/\/bluergo.it\/wp-content\/uploads\/2017\/09\/GDX_3235-1-600x600.jpg 600w, https:\/\/bluergo.it\/wp-content\/uploads\/2017\/09\/GDX_3235-1-550x550.jpg 550w\" sizes=\"auto, (max-width: 300px) 100vw, 300px\" \/>\t    <\/a>\n\n\t    <div class=\"edgtf-add-to-cart-holder\">\n\t        <div class=\"edgtf-add-to-cart-holder-inner\">\n\t            <div class=\"edgtf-add-to-cart-inner\">\n\t\t\t\t    <\/a><a href=\"https:\/\/bluergo.it\/fr\/prodotti\/electromenager\/bobines-statoriques-pour-motoreductuers\" aria-describedby=\"woocommerce_loop_add_to_cart_link_describedby_44309\" data-quantity=\"1\" class=\"button product_type_simple\" data-product_id=\"44309\" data-product_sku=\"\" aria-label=\"En savoir plus sur &ldquo;Bobines statoriques pour motoreductuers&rdquo;\" rel=\"nofollow\" data-success_message=\"\">Lire la suite<\/a>\t<span id=\"woocommerce_loop_add_to_cart_link_describedby_44309\" class=\"screen-reader-text\">\n\t\t\t<\/span>\n                <\/div>\n            <\/div>\n        <\/div>\n    <\/div>\n\n    <div class=\"edgtf-product-info-holder\">\n        <h6 class=\"edgtf-product-list-product-title\"><a href=\"https:\/\/bluergo.it\/fr\/prodotti\/electromenager\/bobines-statoriques-pour-motoreductuers\">Bobines statoriques pour motoreductuers<\/a><\/h6>\n    <\/div>\n<\/li><li class=\"post-44206 product type-product status-publish has-post-thumbnail product_cat-electromenager last instock shipping-taxable product-type-simple\">\n\n\t\n    <div class=\"edgtf-product-featured-image-holder\">\n        \n\t\t<a class=\"edgtf-product-link-holder\" href=\"https:\/\/bluergo.it\/fr\/prodotti\/electromenager\/bobines-statoriques-pour-pompes-de-vidange\">\n\n\t\t\t<img loading=\"lazy\" decoding=\"async\" width=\"300\" height=\"300\" src=\"https:\/\/bluergo.it\/wp-content\/uploads\/2015\/09\/GDX_3198-3-300x300.jpg\" class=\"attachment-woocommerce_thumbnail size-woocommerce_thumbnail\" alt=\"Bobines statoriques pour pompes de vidange\" srcset=\"https:\/\/bluergo.it\/wp-content\/uploads\/2015\/09\/GDX_3198-3-300x300.jpg 300w, https:\/\/bluergo.it\/wp-content\/uploads\/2015\/09\/GDX_3198-3-150x150.jpg 150w, https:\/\/bluergo.it\/wp-content\/uploads\/2015\/09\/GDX_3198-3-180x180.jpg 180w, https:\/\/bluergo.it\/wp-content\/uploads\/2015\/09\/GDX_3198-3-600x600.jpg 600w, https:\/\/bluergo.it\/wp-content\/uploads\/2015\/09\/GDX_3198-3-550x550.jpg 550w\" sizes=\"auto, (max-width: 300px) 100vw, 300px\" \/>\t    <\/a>\n\n\t    <div class=\"edgtf-add-to-cart-holder\">\n\t        <div class=\"edgtf-add-to-cart-holder-inner\">\n\t            <div class=\"edgtf-add-to-cart-inner\">\n\t\t\t\t    <\/a><a href=\"https:\/\/bluergo.it\/fr\/prodotti\/electromenager\/bobines-statoriques-pour-pompes-de-vidange\" aria-describedby=\"woocommerce_loop_add_to_cart_link_describedby_44206\" data-quantity=\"1\" class=\"button product_type_simple\" data-product_id=\"44206\" data-product_sku=\"\" aria-label=\"En savoir plus sur &ldquo;Bobines statoriques pour pompes de vidange&rdquo;\" rel=\"nofollow\" data-success_message=\"\">Lire la suite<\/a>\t<span id=\"woocommerce_loop_add_to_cart_link_describedby_44206\" class=\"screen-reader-text\">\n\t\t\t<\/span>\n                <\/div>\n            <\/div>\n        <\/div>\n    <\/div>\n\n    <div class=\"edgtf-product-info-holder\">\n        <h6 class=\"edgtf-product-list-product-title\"><a href=\"https:\/\/bluergo.it\/fr\/prodotti\/electromenager\/bobines-statoriques-pour-pompes-de-vidange\">Bobines statoriques pour pompes de vidange<\/a><\/h6>\n    <\/div>\n<\/li><\/ul>\n<\/div>[\/vc_column][\/vc_row]<\/p>\n<\/div>","protected":false},"excerpt":{"rendered":"<p>[vc_row el_class=\u00a0\u00bbpspace\u00a0\u00bb][vc_column][\/vc_column][\/vc_row][vc_row content_width=\u00a0\u00bbgrid\u00a0\u00bb anchor=\u00a0\u00bbhome-appliance\u00a0\u00bb css=\u00a0\u00bb.vc_custom_1505826199741{padding-top: 50px !important;padding-bottom: 50px !important;}\u00a0\u00bb el_id=\u00a0\u00bbhome-appliance\u00a0\u00bb][vc_column][vc_column_text css=\u00a0\u00bb.vc_custom_1506006530532{padding-top: 25px !important;padding-bottom: 75px !important;}\u00a0\u00bb] PRODUITS [\/vc_column_text][\/vc_column][\/vc_row]<\/p>\n","protected":false},"author":1,"featured_media":0,"parent":44199,"menu_order":0,"comment_status":"closed","ping_status":"closed","template":"full-width.php","meta":{"_acf_changed":false,"footnotes":""},"class_list":["post-44214","page","type-page","status-publish","hentry"],"acf":[],"yoast_head":"<!-- This site is optimized with the Yoast SEO plugin v27.4 - https:\/\/yoast.com\/product\/yoast-seo-wordpress\/ -->\n<title>Composants \u00e9lectriques pour Electromenager - Bluergo: Ing\u00e9nierie \u00e9lectromagn\u00e9tique<\/title>\n<meta name=\"description\" content=\"Il s\u2019agit des bobines tachimetriques pour les machines \u00e0 laver, les \u00e9lectro-soupapes pour les pompes et les CPR pour moteurs et alimentation.\" \/>\n<meta name=\"robots\" content=\"index, follow, max-snippet:-1, max-image-preview:large, max-video-preview:-1\" \/>\n<link rel=\"canonical\" href=\"https:\/\/bluergo.it\/fr\/produits\/electromenager\" \/>\n<meta property=\"og:locale\" content=\"fr_FR\" \/>\n<meta property=\"og:type\" content=\"article\" \/>\n<meta property=\"og:title\" content=\"Composants \u00e9lectriques pour Electromenager - Bluergo: Ing\u00e9nierie \u00e9lectromagn\u00e9tique\" \/>\n<meta property=\"og:description\" content=\"Il s\u2019agit des bobines tachimetriques pour les machines \u00e0 laver, les \u00e9lectro-soupapes pour les pompes et les CPR pour moteurs et alimentation.\" \/>\n<meta property=\"og:url\" content=\"https:\/\/bluergo.it\/fr\/produits\/electromenager\" \/>\n<meta property=\"og:site_name\" content=\"Bluergo: Ing\u00e9nierie \u00e9lectromagn\u00e9tique\" \/>\n<meta property=\"article:modified_time\" content=\"2017-11-22T11:48:26+00:00\" \/>\n<meta name=\"twitter:card\" content=\"summary_large_image\" \/>\n<meta name=\"twitter:label1\" content=\"Dur\u00e9e de lecture estim\u00e9e\" \/>\n\t<meta name=\"twitter:data1\" content=\"2 minutes\" \/>\n<script type=\"application\/ld+json\" class=\"yoast-schema-graph\">{\"@context\":\"https:\\\/\\\/schema.org\",\"@graph\":[{\"@type\":\"WebPage\",\"@id\":\"https:\\\/\\\/bluergo.it\\\/fr\\\/produits\\\/electromenager\",\"url\":\"https:\\\/\\\/bluergo.it\\\/fr\\\/produits\\\/electromenager\",\"name\":\"Composants \u00e9lectriques pour Electromenager - Bluergo: Ing\u00e9nierie \u00e9lectromagn\u00e9tique\",\"isPartOf\":{\"@id\":\"https:\\\/\\\/bluergo.it\\\/#website\"},\"datePublished\":\"2015-10-21T11:37:21+00:00\",\"dateModified\":\"2017-11-22T11:48:26+00:00\",\"description\":\"Il s\u2019agit des bobines tachimetriques pour les machines \u00e0 laver, les \u00e9lectro-soupapes pour les pompes et les CPR pour moteurs et alimentation.\",\"breadcrumb\":{\"@id\":\"https:\\\/\\\/bluergo.it\\\/fr\\\/produits\\\/electromenager#breadcrumb\"},\"inLanguage\":\"fr-FR\",\"potentialAction\":[{\"@type\":\"ReadAction\",\"target\":[\"https:\\\/\\\/bluergo.it\\\/fr\\\/produits\\\/electromenager\"]}]},{\"@type\":\"BreadcrumbList\",\"@id\":\"https:\\\/\\\/bluergo.it\\\/fr\\\/produits\\\/electromenager#breadcrumb\",\"itemListElement\":[{\"@type\":\"ListItem\",\"position\":1,\"name\":\"Home\",\"item\":\"https:\\\/\\\/bluergo.it\\\/fr\"},{\"@type\":\"ListItem\",\"position\":2,\"name\":\"Produits\",\"item\":\"https:\\\/\\\/bluergo.it\\\/fr\\\/produits\"},{\"@type\":\"ListItem\",\"position\":3,\"name\":\"Electromenager\"}]},{\"@type\":\"WebSite\",\"@id\":\"https:\\\/\\\/bluergo.it\\\/#website\",\"url\":\"https:\\\/\\\/bluergo.it\\\/\",\"name\":\"Bluergo: Ing\u00e9nierie \u00e9lectromagn\u00e9tique\",\"description\":\"Conception et production de composants \u00e9lectromagn\u00e9tiques\",\"potentialAction\":[{\"@type\":\"SearchAction\",\"target\":{\"@type\":\"EntryPoint\",\"urlTemplate\":\"https:\\\/\\\/bluergo.it\\\/?s={search_term_string}\"},\"query-input\":{\"@type\":\"PropertyValueSpecification\",\"valueRequired\":true,\"valueName\":\"search_term_string\"}}],\"inLanguage\":\"fr-FR\"}]}<\/script>\n<!-- \/ Yoast SEO plugin. -->","yoast_head_json":{"title":"Composants \u00e9lectriques pour Electromenager - Bluergo: Ing\u00e9nierie \u00e9lectromagn\u00e9tique","description":"Il s\u2019agit des bobines tachimetriques pour les machines \u00e0 laver, les \u00e9lectro-soupapes pour les pompes et les CPR pour moteurs et alimentation.","robots":{"index":"index","follow":"follow","max-snippet":"max-snippet:-1","max-image-preview":"max-image-preview:large","max-video-preview":"max-video-preview:-1"},"canonical":"https:\/\/bluergo.it\/fr\/produits\/electromenager","og_locale":"fr_FR","og_type":"article","og_title":"Composants \u00e9lectriques pour Electromenager - Bluergo: Ing\u00e9nierie \u00e9lectromagn\u00e9tique","og_description":"Il s\u2019agit des bobines tachimetriques pour les machines \u00e0 laver, les \u00e9lectro-soupapes pour les pompes et les CPR pour moteurs et alimentation.","og_url":"https:\/\/bluergo.it\/fr\/produits\/electromenager","og_site_name":"Bluergo: Ing\u00e9nierie \u00e9lectromagn\u00e9tique","article_modified_time":"2017-11-22T11:48:26+00:00","twitter_card":"summary_large_image","twitter_misc":{"Dur\u00e9e de lecture estim\u00e9e":"2 minutes"},"schema":{"@context":"https:\/\/schema.org","@graph":[{"@type":"WebPage","@id":"https:\/\/bluergo.it\/fr\/produits\/electromenager","url":"https:\/\/bluergo.it\/fr\/produits\/electromenager","name":"Composants \u00e9lectriques pour Electromenager - Bluergo: Ing\u00e9nierie \u00e9lectromagn\u00e9tique","isPartOf":{"@id":"https:\/\/bluergo.it\/#website"},"datePublished":"2015-10-21T11:37:21+00:00","dateModified":"2017-11-22T11:48:26+00:00","description":"Il s\u2019agit des bobines tachimetriques pour les machines \u00e0 laver, les \u00e9lectro-soupapes pour les pompes et les CPR pour moteurs et alimentation.","breadcrumb":{"@id":"https:\/\/bluergo.it\/fr\/produits\/electromenager#breadcrumb"},"inLanguage":"fr-FR","potentialAction":[{"@type":"ReadAction","target":["https:\/\/bluergo.it\/fr\/produits\/electromenager"]}]},{"@type":"BreadcrumbList","@id":"https:\/\/bluergo.it\/fr\/produits\/electromenager#breadcrumb","itemListElement":[{"@type":"ListItem","position":1,"name":"Home","item":"https:\/\/bluergo.it\/fr"},{"@type":"ListItem","position":2,"name":"Produits","item":"https:\/\/bluergo.it\/fr\/produits"},{"@type":"ListItem","position":3,"name":"Electromenager"}]},{"@type":"WebSite","@id":"https:\/\/bluergo.it\/#website","url":"https:\/\/bluergo.it\/","name":"Bluergo: Ing\u00e9nierie \u00e9lectromagn\u00e9tique","description":"Conception et production de composants \u00e9lectromagn\u00e9tiques","potentialAction":[{"@type":"SearchAction","target":{"@type":"EntryPoint","urlTemplate":"https:\/\/bluergo.it\/?s={search_term_string}"},"query-input":{"@type":"PropertyValueSpecification","valueRequired":true,"valueName":"search_term_string"}}],"inLanguage":"fr-FR"}]}},"_links":{"self":[{"href":"https:\/\/bluergo.it\/fr\/wp-json\/wp\/v2\/pages\/44214","targetHints":{"allow":["GET"]}}],"collection":[{"href":"https:\/\/bluergo.it\/fr\/wp-json\/wp\/v2\/pages"}],"about":[{"href":"https:\/\/bluergo.it\/fr\/wp-json\/wp\/v2\/types\/page"}],"author":[{"embeddable":true,"href":"https:\/\/bluergo.it\/fr\/wp-json\/wp\/v2\/users\/1"}],"replies":[{"embeddable":true,"href":"https:\/\/bluergo.it\/fr\/wp-json\/wp\/v2\/comments?post=44214"}],"version-history":[{"count":7,"href":"https:\/\/bluergo.it\/fr\/wp-json\/wp\/v2\/pages\/44214\/revisions"}],"predecessor-version":[{"id":44574,"href":"https:\/\/bluergo.it\/fr\/wp-json\/wp\/v2\/pages\/44214\/revisions\/44574"}],"up":[{"embeddable":true,"href":"https:\/\/bluergo.it\/fr\/wp-json\/wp\/v2\/pages\/44199"}],"wp:attachment":[{"href":"https:\/\/bluergo.it\/fr\/wp-json\/wp\/v2\/media?parent=44214"}],"curies":[{"name":"wp","href":"https:\/\/api.w.org\/{rel}","templated":true}]}}