{"id":44199,"date":"2015-10-21T11:36:12","date_gmt":"2015-10-21T09:36:12","guid":{"rendered":"http:\/\/larindev.com\/bluergo\/fr\/produkte"},"modified":"2017-11-14T15:10:55","modified_gmt":"2017-11-14T14:10:55","slug":"produits","status":"publish","type":"page","link":"https:\/\/bluergo.it\/fr\/produits","title":{"rendered":"Produits"},"content":{"rendered":"<div class=\"wpb-content-wrapper\"><p>[vc_row el_class=\u00a0\u00bbpspace\u00a0\u00bb][vc_column]<div class=\"edgtf-elements-holder edgtf-two-columns edgtf-responsive-mode-1024\" style=\"background-color:#fbf8f6;\"><div class=\"edgtf-elements-holder-item edgtf-vertical-alignment-middle edgtf-horizontal-alignment-left\"  >\n\t<div class=\"edgtf-elements-holder-item-inner\">\n\t\t<div class=\"edgtf-elements-holder-item-content edgtf-elements-holder-custom-593536\" style=\"padding: 12% 9% 12.5% 11%\">\n\t\t\t\t\t\t<style type=\"text\/css\" data-type=\"edgtf-elements-custom-padding\" scoped>\n\t\t\t\t\t\t\t\t\t@media only screen and (min-width: 1024px) and (max-width: 1280px) {\n\t\t\t\t\t\t.edgtf-elements-holder .edgtf-elements-holder-item-content.edgtf-elements-holder-custom-593536 {\n\t\t\t\t\t\t\tpadding: 9% 9% 9% 10% !important;\n\t\t\t\t\t\t}\n\t\t\t\t\t}\n\t\t\t\t\t\t\t\t\t\t\t\t@media only screen and (min-width: 768px) and (max-width: 1024px) {\n\t\t\t\t\t.edgtf-elements-holder .edgtf-elements-holder-item-content.edgtf-elements-holder-custom-593536 {\n\t\t\t\t\t\tpadding: 10.5% 9% 10.5% 10% !important;\n\t\t\t\t\t}\n\t\t\t\t}\n\t\t\t\t\t\t\t\t\t\t\t\t@media only screen and (min-width: 600px) and (max-width: 768px) {\n\t\t\t\t\t.edgtf-elements-holder .edgtf-elements-holder-item-content.edgtf-elements-holder-custom-593536 {\n\t\t\t\t\t\tpadding: 11% 9% 11% 9% !important;\n\t\t\t\t\t}\n\t\t\t\t}\n\t\t\t\t\t\t\t\t\t\t\t\t@media only screen and (min-width: 480px) and (max-width: 600px) {\n\t\t\t\t\t.edgtf-elements-holder .edgtf-elements-holder-item-content.edgtf-elements-holder-custom-593536 {\n\t\t\t\t\t\tpadding: 11% 6% 11% 6% !important;\n\t\t\t\t\t}\n\t\t\t\t}\n\t\t\t\t\t\t\t\t\t\t\t\t@media only screen and (max-width: 480px) {\n\t\t\t\t\t.edgtf-elements-holder .edgtf-elements-holder-item-content.edgtf-elements-holder-custom-593536 {\n\t\t\t\t\t\tpadding: 16% 4% 15% 4% !important;\n\t\t\t\t\t}\n\t\t\t\t}\n\t\t\t\t\t\t\t\t<\/style>\n\t\t\t\t\t\t[vc_column_text]<\/p>\n<h2>NOS PRODUITS<\/h2>\n<p>[\/vc_column_text]<div class=\"edgtf-separator-holder clearfix  edgtf-separator-center edgtf-separator-normal\">\n\t<div class=\"edgtf-separator\" style=\"border-color: #fbf8f6;border-width: 1px;margin-top: 19px;margin-bottom: 0px\"><\/div>\n<\/div>\n[vc_column_text]<\/p>\n<h4>De la personnalisation standard \u00e0 la personnalisation compl\u00e8te<\/h4>\n<p>[\/vc_column_text]<div class=\"edgtf-separator-holder clearfix  edgtf-separator-center edgtf-separator-normal\">\n\t<div class=\"edgtf-separator\" style=\"border-color: #fbf8f6;border-width: 1px;margin-top: 30px;margin-bottom: 0px\"><\/div>\n<\/div>\n[vc_column_text]Depuis plus de 30 ans, Bluergo d\u00e9veloppe et produit composants \u00e9lectromagn\u00e9tiques et \u00e9lectroniques. Concr\u00e8tement, il s\u2019agit d\u2019enroulement du fil en cuivre, qui peut varier selon les diff\u00e9rentes typologies de produits et de secteur.<\/p>\n<p>L\u2019entreprise utilise seulement mat\u00e9riaux de haute qualit\u00e9, avec le but de projeter solutions personnalis\u00e9es et innovatives.<br \/>\n[\/vc_column_text]<div class=\"edgtf-separator-holder clearfix  edgtf-separator-center edgtf-separator-normal\">\n\t<div class=\"edgtf-separator\" style=\"border-color: #fbf8f6;border-width: 1px;margin-top: 42px;margin-bottom: 0px\"><\/div>\n<\/div>\n\t\t<\/div>\n\t<\/div>\n<\/div><div class=\"edgtf-elements-holder-item edgtf-vertical-alignment-bottom edgtf-horizontal-alignment-center\" style=\"background-image: url(https:\/\/bluergo.it\/wp-content\/uploads\/2015\/10\/p.4.jpg)\" >\n\t<div class=\"edgtf-elements-holder-item-inner\">\n\t\t<div class=\"edgtf-elements-holder-item-content edgtf-elements-holder-custom-742972\" >\n\t\t\t\t\t\t<style type=\"text\/css\" data-type=\"edgtf-elements-custom-padding\" scoped>\n\t\t\t\t\t\t\t\t\t@media only screen and (min-width: 1024px) and (max-width: 1280px) {\n\t\t\t\t\t\t.edgtf-elements-holder .edgtf-elements-holder-item-content.edgtf-elements-holder-custom-742972 {\n\t\t\t\t\t\t\tpadding:  !important;\n\t\t\t\t\t\t}\n\t\t\t\t\t}\n\t\t\t\t\t\t\t\t\t\t\t\t@media only screen and (min-width: 768px) and (max-width: 1024px) {\n\t\t\t\t\t.edgtf-elements-holder .edgtf-elements-holder-item-content.edgtf-elements-holder-custom-742972 {\n\t\t\t\t\t\tpadding: 15% 0 !important;\n\t\t\t\t\t}\n\t\t\t\t}\n\t\t\t\t\t\t\t\t\t\t\t\t@media only screen and (min-width: 600px) and (max-width: 768px) {\n\t\t\t\t\t.edgtf-elements-holder .edgtf-elements-holder-item-content.edgtf-elements-holder-custom-742972 {\n\t\t\t\t\t\tpadding: 13% 0 !important;\n\t\t\t\t\t}\n\t\t\t\t}\n\t\t\t\t\t\t\t\t\t\t\t\t@media only screen and (min-width: 480px) and (max-width: 600px) {\n\t\t\t\t\t.edgtf-elements-holder .edgtf-elements-holder-item-content.edgtf-elements-holder-custom-742972 {\n\t\t\t\t\t\tpadding: 13% 0 !important;\n\t\t\t\t\t}\n\t\t\t\t}\n\t\t\t\t\t\t\t\t\t\t\t\t@media only screen and (max-width: 480px) {\n\t\t\t\t\t.edgtf-elements-holder .edgtf-elements-holder-item-content.edgtf-elements-holder-custom-742972 {\n\t\t\t\t\t\tpadding:  !important;\n\t\t\t\t\t}\n\t\t\t\t}\n\t\t\t\t\t\t\t\t<\/style>\n\t\t\t\t\t\t<div class=\"edgtf-separator-holder clearfix  edgtf-separator-center edgtf-separator-normal\">\n\t<div class=\"edgtf-separator\" style=\"border-color: #fbf8f6;border-width: 1px;margin-top: 250px;margin-bottom: 0px\"><\/div>\n<\/div>\n\t\t<\/div>\n\t<\/div>\n<\/div><\/div>[\/vc_column][\/vc_row][vc_row el_class=\u00a0\u00bbflex-stretch\u00a0\u00bb][vc_column css=\u00a0\u00bb.vc_custom_1505829133158{padding-top: 2% !important;padding-right: 5% !important;padding-bottom: 2% !important;padding-left: 5% !important;background-color: #476db1 !important;}\u00a0\u00bb offset=\u00a0\u00bbvc_col-lg-6 vc_col-md-6&Prime;]<div class=\"edgtf-separator-holder clearfix  edgtf-separator-center edgtf-separator-normal\">\n\t<div class=\"edgtf-separator\" style=\"border-color: #fbf8f6;border-width: 1px;margin-top: 42px;margin-bottom: 0px\"><\/div>\n<\/div>\n[vc_column_text]<\/p>\n<h3 style=\"color: #fff;\">PRODUITS PERSONALISES<\/h3>\n<p>[\/vc_column_text]<div class=\"edgtf-separator-holder clearfix  edgtf-separator-center edgtf-separator-normal\">\n\t<div class=\"edgtf-separator\" style=\"border-color: #fbf8f6;border-width: 1px;margin-top: 28px;margin-bottom: 0px\"><\/div>\n<\/div>\n<div class=\"edgtf-iwt clearfix edgtf-iwt-icon-left edgtf-iwt-icon-small edgtf-iwt-with-text-separator edgtf-iwt-vertical-middle\">\n    <div class=\"edgtf-iwt-icon-holder\">\n                    \n    <span class=\"edgtf-icon-shortcode normal\" style=\"margin: 0 5px 0 0\" data-hover-color=\"#476db1\" data-color=\"#ffffff\">\n        \n        <i class=\"edgtf-icon-linea-icon icon-software-layers2 edgtf-icon-element\" style=\"color: #ffffff;font-size:58px\" ><\/i>\n            <\/span>\n\n            <\/div>\n    <div class=\"edgtf-iwt-content-holder\" >\n                <div class=\"edgtf-iwt-text-holder\">\n            <p style=\"color: #ffffff\">Chaque produit Bluergo peut \u00eatre compl\u00e9tement personnalis\u00e9 et d\u00e9velopp\u00e9 sur demande, sur la base des diff\u00e9rentes exigences du client et selon le type d\u2019application finale.<\/p>\n\n                    <\/div>\n    <\/div>\n<\/div><div class=\"edgtf-separator-holder clearfix  edgtf-separator-center edgtf-separator-normal\">\n\t<div class=\"edgtf-separator\" style=\"border-color: #fbf8f6;border-width: 1px;margin-top: 40px;margin-bottom: 0px\"><\/div>\n<\/div>\n[\/vc_column][vc_column css=\u00a0\u00bb.vc_custom_1505829141978{padding-top: 2% !important;padding-right: 5% !important;padding-bottom: 2% !important;padding-left: 5% !important;background-color: #fbf8f6 !important;}\u00a0\u00bb offset=\u00a0\u00bbvc_col-lg-6 vc_col-md-6&Prime;]<div class=\"edgtf-separator-holder clearfix  edgtf-separator-center edgtf-separator-normal\">\n\t<div class=\"edgtf-separator\" style=\"border-color: #fbf8f6;border-width: 1px;margin-top: 42px;margin-bottom: 0px\"><\/div>\n<\/div>\n[vc_column_text]<\/p>\n<h3><span style=\"color: #476db1;\">LE@F: LA LIGNE DE PRODUITS STANDARDISES<\/span><\/h3>\n<p>[\/vc_column_text]<div class=\"edgtf-separator-holder clearfix  edgtf-separator-center edgtf-separator-normal\">\n\t<div class=\"edgtf-separator\" style=\"border-color: #fbf8f6;border-width: 1px;margin-top: 28px;margin-bottom: 0px\"><\/div>\n<\/div>\n<div class=\"edgtf-iwt clearfix edgtf-iwt-icon-left edgtf-iwt-icon-small edgtf-iwt-with-text-separator edgtf-iwt-vertical-middle\">\n    <div class=\"edgtf-iwt-icon-holder\">\n                    \n    <span class=\"edgtf-icon-shortcode normal\" style=\"margin: 0 5px 0 0\" data-hover-color=\"#476db1\" data-color=\"#414140\">\n        \n        <i class=\"edgtf-icon-linea-icon icon-software-reflect-horizontal edgtf-icon-element\" style=\"color: #414140;font-size:58px\" ><\/i>\n            <\/span>\n\n            <\/div>\n    <div class=\"edgtf-iwt-content-holder\" >\n                <div class=\"edgtf-iwt-text-holder\">\n            <p style=\"color: #414140\">Bluergo a introduit dans le march\u00e9 avec un propre marque, Le@f, une ligne de transformateurs encapsul\u00e9s taille EI30 - EI42 et d\u2019alimentation SMPS. Il s\u2019agit de transformateurs pour circuit imprim\u00e9 de petite et moyenne puissance.<\/p>\n\n                    <\/div>\n    <\/div>\n<\/div><div class=\"edgtf-separator-holder clearfix  edgtf-separator-center edgtf-separator-normal\">\n\t<div class=\"edgtf-separator\" style=\"border-color: #fbf8f6;border-width: 1px;margin-top: 40px;margin-bottom: 0px\"><\/div>\n<\/div>\n[\/vc_column][\/vc_row][vc_row css=\u00a0\u00bb.vc_custom_1505223416999{padding-top: 50px !important;padding-bottom: 75px !important;}\u00a0\u00bb][vc_column][vc_column_text css=\u00a0\u00bb.vc_custom_1506011712288{padding-top: 25px !important;padding-bottom: 75px !important;}\u00a0\u00bb]<\/p>\n<h2 style=\"text-align: center;\">PRODUITS<\/h2>\n<p>[\/vc_column_text][vc_row_inner][vc_column_inner width=\u00a0\u00bb1\/3&Prime;][vc_single_image image=\u00a0\u00bb44125&Prime; img_size=\u00a0\u00bbfull\u00a0\u00bb alignment=\u00a0\u00bbcenter\u00a0\u00bb onclick=\u00a0\u00bbcustom_link\u00a0\u00bb link=\u00a0\u00bbhttps:\/\/bluergo.it\/fr\/produits\/electromenager\u00a0\u00bb]<div class=\"edgtf-separator-holder clearfix  edgtf-separator-center edgtf-separator-normal\">\n\t<div class=\"edgtf-separator\" style=\"border-color: #fbf8f6;border-width: 1px;margin-top: 42px;margin-bottom: 0px\"><\/div>\n<\/div>\n[vc_column_text]<\/p>\n<h3 style=\"text-align: center;\"><a href=\"https:\/\/bluergo.it\/fr\/produits\/electromenager\"><span style=\"color: #476db1;\">ELECTROMENAGER<\/span><\/a><\/h3>\n<p>[\/vc_column_text]<div class=\"edgtf-separator-holder clearfix  edgtf-separator-center edgtf-separator-normal\">\n\t<div class=\"edgtf-separator\" style=\"border-color: #476db1;border-style: solid;width: 91px;border-width: 1px;margin-top: 15px;margin-bottom: 15px\"><\/div>\n<\/div>\n[vc_column_text css=\u00a0\u00bb.vc_custom_1505998732305{padding-right: 25px !important;padding-bottom: 25px !important;padding-left: 25px !important;}\u00a0\u00bb]<\/p>\n<p style=\"text-align: center;\">Sp\u00e9cialis\u00e9e dans l\u2019enroulement du fil en cuivre depuis plus de 30 ans, Bluergo d\u00e9veloppe et produit composants \u00e9lectromagn\u00e9tiques et \u00e9lectroniques pour le secteur de l\u2019\u00e9lectrom\u00e9nager, du blanc et du brun en particulier.<\/p>\n<p>[\/vc_column_text][\/vc_column_inner][vc_column_inner width=\u00a0\u00bb1\/3&Prime;][vc_single_image image=\u00a0\u00bb44128&Prime; img_size=\u00a0\u00bbfull\u00a0\u00bb alignment=\u00a0\u00bbcenter\u00a0\u00bb onclick=\u00a0\u00bbcustom_link\u00a0\u00bb link=\u00a0\u00bbhttps:\/\/bluergo.it\/fr\/produits\/automotive\u00a0\u00bb]<div class=\"edgtf-separator-holder clearfix  edgtf-separator-center edgtf-separator-normal\">\n\t<div class=\"edgtf-separator\" style=\"border-color: #fbf8f6;border-width: 1px;margin-top: 42px;margin-bottom: 0px\"><\/div>\n<\/div>\n[vc_column_text]<\/p>\n<h3 style=\"text-align: center;\"><a href=\"https:\/\/bluergo.it\/fr\/produits\/automotive\"><span style=\"color: #476db1;\">AUTOMOTIVE<\/span><\/a><\/h3>\n<p>[\/vc_column_text]<div class=\"edgtf-separator-holder clearfix  edgtf-separator-center edgtf-separator-normal\">\n\t<div class=\"edgtf-separator\" style=\"border-color: #476db1;border-style: solid;width: 91px;border-width: 1px;margin-top: 15px;margin-bottom: 15px\"><\/div>\n<\/div>\n[vc_column_text css=\u00a0\u00bb.vc_custom_1505998843535{padding-right: 25px !important;padding-bottom: 25px !important;padding-left: 25px !important;}\u00a0\u00bb]<\/p>\n<p style=\"text-align: center;\">Bluergo est sp\u00e9cialis\u00e9e dans la conception, le prototypage et la production de bobines moul\u00e9es pour le secteur de l\u2019automotive.<\/p>\n<p>[\/vc_column_text][\/vc_column_inner][vc_column_inner width=\u00a0\u00bb1\/3&Prime;][vc_single_image image=\u00a0\u00bb44130&Prime; img_size=\u00a0\u00bbfull\u00a0\u00bb alignment=\u00a0\u00bbcenter\u00a0\u00bb onclick=\u00a0\u00bbcustom_link\u00a0\u00bb link=\u00a0\u00bbhttps:\/\/bluergo.it\/fr\/produits\/automatisation-domotique\u00a0\u00bb]<div class=\"edgtf-separator-holder clearfix  edgtf-separator-center edgtf-separator-normal\">\n\t<div class=\"edgtf-separator\" style=\"border-color: #fbf8f6;border-width: 1px;margin-top: 42px;margin-bottom: 0px\"><\/div>\n<\/div>\n[vc_column_text]<\/p>\n<h3 style=\"text-align: center;\"><a href=\"https:\/\/bluergo.it\/fr\/produits\/automatisation-domotique\"><span style=\"color: #476db1;\">AUTOMATISATION<\/span><\/a><\/h3>\n<p>[\/vc_column_text]<div class=\"edgtf-separator-holder clearfix  edgtf-separator-center edgtf-separator-normal\">\n\t<div class=\"edgtf-separator\" style=\"border-color: #476db1;border-style: solid;width: 91px;border-width: 1px;margin-top: 15px;margin-bottom: 15px\"><\/div>\n<\/div>\n[vc_column_text css=\u00a0\u00bb.vc_custom_1505999021109{padding-right: 25px !important;padding-bottom: 25px !important;padding-left: 25px !important;}\u00a0\u00bb]<\/p>\n<p style=\"text-align: center;\">Bluergo est sp\u00e9cialis\u00e9e dans la conception, le prototypage et la production de transformateurs stratifi\u00e9s et d\u2019alimentation de diff\u00e9rentes tailles et dimensions, avec diff\u00e9rentes configurations techniques pour le secteur de la domotique et de l\u2019industriel.<\/p>\n<p>[\/vc_column_text][\/vc_column_inner][\/vc_row_inner][\/vc_column][\/vc_row]<\/p>\n<\/div>","protected":false},"excerpt":{"rendered":"<p>[vc_row el_class=\u00a0\u00bbpspace\u00a0\u00bb][vc_column][\/vc_column][\/vc_row][vc_row el_class=\u00a0\u00bbflex-stretch\u00a0\u00bb][vc_column css=\u00a0\u00bb.vc_custom_1505829133158{padding-top: 2% !important;padding-right: 5% !important;padding-bottom: 2% !important;padding-left: 5% !important;background-color: #476db1 !important;}\u00a0\u00bb offset=\u00a0\u00bbvc_col-lg-6 vc_col-md-6&Prime;][vc_column_text] PRODUITS PERSONALISES [\/vc_column_text][\/vc_column][vc_column css=\u00a0\u00bb.vc_custom_1505829141978{padding-top: 2% !important;padding-right: 5% !important;padding-bottom: 2% !important;padding-left: 5% !important;background-color: #fbf8f6 !important;}\u00a0\u00bb offset=\u00a0\u00bbvc_col-lg-6 vc_col-md-6&Prime;][vc_column_text] LE@F: LA LIGNE DE PRODUITS STANDARDISES [\/vc_column_text][\/vc_column][\/vc_row][vc_row css=\u00a0\u00bb.vc_custom_1505223416999{padding-top: 50px !important;padding-bottom: 75px !important;}\u00a0\u00bb][vc_column][vc_column_text css=\u00a0\u00bb.vc_custom_1506011712288{padding-top: [&hellip;]<\/p>\n","protected":false},"author":1,"featured_media":0,"parent":0,"menu_order":0,"comment_status":"closed","ping_status":"closed","template":"full-width.php","meta":{"_acf_changed":false,"footnotes":""},"class_list":["post-44199","page","type-page","status-publish","hentry"],"acf":[],"yoast_head":"<!-- This site is optimized with the Yoast SEO plugin v27.4 - https:\/\/yoast.com\/product\/yoast-seo-wordpress\/ -->\n<title>Composants \u00e9lectromagn\u00e9tiques et \u00e9lectroniques - Bluergo: Ing\u00e9nierie \u00e9lectromagn\u00e9tique<\/title>\n<meta name=\"description\" content=\"Bluergo con\u00e7oit et fabrique des composants \u00e9lectromagn\u00e9tiques, \u00e9lectroniques sur mesure dans les domaines \u00e9lectrom\u00e9nager, automobile, domotique.\" \/>\n<meta name=\"robots\" content=\"index, follow, max-snippet:-1, max-image-preview:large, max-video-preview:-1\" \/>\n<link rel=\"canonical\" href=\"https:\/\/bluergo.it\/fr\/produits\" \/>\n<meta property=\"og:locale\" content=\"fr_FR\" \/>\n<meta property=\"og:type\" content=\"article\" \/>\n<meta property=\"og:title\" content=\"Composants \u00e9lectromagn\u00e9tiques et \u00e9lectroniques - Bluergo: Ing\u00e9nierie \u00e9lectromagn\u00e9tique\" \/>\n<meta property=\"og:description\" content=\"Bluergo con\u00e7oit et fabrique des composants \u00e9lectromagn\u00e9tiques, \u00e9lectroniques sur mesure dans les domaines \u00e9lectrom\u00e9nager, automobile, domotique.\" \/>\n<meta property=\"og:url\" content=\"https:\/\/bluergo.it\/fr\/produits\" \/>\n<meta property=\"og:site_name\" content=\"Bluergo: Ing\u00e9nierie \u00e9lectromagn\u00e9tique\" \/>\n<meta property=\"article:modified_time\" content=\"2017-11-14T14:10:55+00:00\" \/>\n<meta name=\"twitter:card\" content=\"summary_large_image\" \/>\n<meta name=\"twitter:label1\" content=\"Dur\u00e9e de lecture estim\u00e9e\" \/>\n\t<meta name=\"twitter:data1\" content=\"5 minutes\" \/>\n<script type=\"application\/ld+json\" class=\"yoast-schema-graph\">{\"@context\":\"https:\\\/\\\/schema.org\",\"@graph\":[{\"@type\":\"WebPage\",\"@id\":\"https:\\\/\\\/bluergo.it\\\/fr\\\/produits\",\"url\":\"https:\\\/\\\/bluergo.it\\\/fr\\\/produits\",\"name\":\"Composants \u00e9lectromagn\u00e9tiques et \u00e9lectroniques - Bluergo: Ing\u00e9nierie \u00e9lectromagn\u00e9tique\",\"isPartOf\":{\"@id\":\"https:\\\/\\\/bluergo.it\\\/#website\"},\"datePublished\":\"2015-10-21T09:36:12+00:00\",\"dateModified\":\"2017-11-14T14:10:55+00:00\",\"description\":\"Bluergo con\u00e7oit et fabrique des composants \u00e9lectromagn\u00e9tiques, \u00e9lectroniques sur mesure dans les domaines \u00e9lectrom\u00e9nager, automobile, domotique.\",\"breadcrumb\":{\"@id\":\"https:\\\/\\\/bluergo.it\\\/fr\\\/produits#breadcrumb\"},\"inLanguage\":\"fr-FR\",\"potentialAction\":[{\"@type\":\"ReadAction\",\"target\":[\"https:\\\/\\\/bluergo.it\\\/fr\\\/produits\"]}]},{\"@type\":\"BreadcrumbList\",\"@id\":\"https:\\\/\\\/bluergo.it\\\/fr\\\/produits#breadcrumb\",\"itemListElement\":[{\"@type\":\"ListItem\",\"position\":1,\"name\":\"Home\",\"item\":\"https:\\\/\\\/bluergo.it\\\/fr\"},{\"@type\":\"ListItem\",\"position\":2,\"name\":\"Produits\"}]},{\"@type\":\"WebSite\",\"@id\":\"https:\\\/\\\/bluergo.it\\\/#website\",\"url\":\"https:\\\/\\\/bluergo.it\\\/\",\"name\":\"Bluergo: Ing\u00e9nierie \u00e9lectromagn\u00e9tique\",\"description\":\"Conception et production de composants \u00e9lectromagn\u00e9tiques\",\"potentialAction\":[{\"@type\":\"SearchAction\",\"target\":{\"@type\":\"EntryPoint\",\"urlTemplate\":\"https:\\\/\\\/bluergo.it\\\/?s={search_term_string}\"},\"query-input\":{\"@type\":\"PropertyValueSpecification\",\"valueRequired\":true,\"valueName\":\"search_term_string\"}}],\"inLanguage\":\"fr-FR\"}]}<\/script>\n<!-- \/ Yoast SEO plugin. -->","yoast_head_json":{"title":"Composants \u00e9lectromagn\u00e9tiques et \u00e9lectroniques - Bluergo: Ing\u00e9nierie \u00e9lectromagn\u00e9tique","description":"Bluergo con\u00e7oit et fabrique des composants \u00e9lectromagn\u00e9tiques, \u00e9lectroniques sur mesure dans les domaines \u00e9lectrom\u00e9nager, automobile, domotique.","robots":{"index":"index","follow":"follow","max-snippet":"max-snippet:-1","max-image-preview":"max-image-preview:large","max-video-preview":"max-video-preview:-1"},"canonical":"https:\/\/bluergo.it\/fr\/produits","og_locale":"fr_FR","og_type":"article","og_title":"Composants \u00e9lectromagn\u00e9tiques et \u00e9lectroniques - Bluergo: Ing\u00e9nierie \u00e9lectromagn\u00e9tique","og_description":"Bluergo con\u00e7oit et fabrique des composants \u00e9lectromagn\u00e9tiques, \u00e9lectroniques sur mesure dans les domaines \u00e9lectrom\u00e9nager, automobile, domotique.","og_url":"https:\/\/bluergo.it\/fr\/produits","og_site_name":"Bluergo: Ing\u00e9nierie \u00e9lectromagn\u00e9tique","article_modified_time":"2017-11-14T14:10:55+00:00","twitter_card":"summary_large_image","twitter_misc":{"Dur\u00e9e de lecture estim\u00e9e":"5 minutes"},"schema":{"@context":"https:\/\/schema.org","@graph":[{"@type":"WebPage","@id":"https:\/\/bluergo.it\/fr\/produits","url":"https:\/\/bluergo.it\/fr\/produits","name":"Composants \u00e9lectromagn\u00e9tiques et \u00e9lectroniques - Bluergo: Ing\u00e9nierie \u00e9lectromagn\u00e9tique","isPartOf":{"@id":"https:\/\/bluergo.it\/#website"},"datePublished":"2015-10-21T09:36:12+00:00","dateModified":"2017-11-14T14:10:55+00:00","description":"Bluergo con\u00e7oit et fabrique des composants \u00e9lectromagn\u00e9tiques, \u00e9lectroniques sur mesure dans les domaines \u00e9lectrom\u00e9nager, automobile, domotique.","breadcrumb":{"@id":"https:\/\/bluergo.it\/fr\/produits#breadcrumb"},"inLanguage":"fr-FR","potentialAction":[{"@type":"ReadAction","target":["https:\/\/bluergo.it\/fr\/produits"]}]},{"@type":"BreadcrumbList","@id":"https:\/\/bluergo.it\/fr\/produits#breadcrumb","itemListElement":[{"@type":"ListItem","position":1,"name":"Home","item":"https:\/\/bluergo.it\/fr"},{"@type":"ListItem","position":2,"name":"Produits"}]},{"@type":"WebSite","@id":"https:\/\/bluergo.it\/#website","url":"https:\/\/bluergo.it\/","name":"Bluergo: Ing\u00e9nierie \u00e9lectromagn\u00e9tique","description":"Conception et production de composants \u00e9lectromagn\u00e9tiques","potentialAction":[{"@type":"SearchAction","target":{"@type":"EntryPoint","urlTemplate":"https:\/\/bluergo.it\/?s={search_term_string}"},"query-input":{"@type":"PropertyValueSpecification","valueRequired":true,"valueName":"search_term_string"}}],"inLanguage":"fr-FR"}]}},"_links":{"self":[{"href":"https:\/\/bluergo.it\/fr\/wp-json\/wp\/v2\/pages\/44199","targetHints":{"allow":["GET"]}}],"collection":[{"href":"https:\/\/bluergo.it\/fr\/wp-json\/wp\/v2\/pages"}],"about":[{"href":"https:\/\/bluergo.it\/fr\/wp-json\/wp\/v2\/types\/page"}],"author":[{"embeddable":true,"href":"https:\/\/bluergo.it\/fr\/wp-json\/wp\/v2\/users\/1"}],"replies":[{"embeddable":true,"href":"https:\/\/bluergo.it\/fr\/wp-json\/wp\/v2\/comments?post=44199"}],"version-history":[{"count":6,"href":"https:\/\/bluergo.it\/fr\/wp-json\/wp\/v2\/pages\/44199\/revisions"}],"predecessor-version":[{"id":44481,"href":"https:\/\/bluergo.it\/fr\/wp-json\/wp\/v2\/pages\/44199\/revisions\/44481"}],"wp:attachment":[{"href":"https:\/\/bluergo.it\/fr\/wp-json\/wp\/v2\/media?parent=44199"}],"curies":[{"name":"wp","href":"https:\/\/api.w.org\/{rel}","templated":true}]}}