{"id":44329,"date":"2017-09-19T12:01:49","date_gmt":"2017-09-19T10:01:49","guid":{"rendered":"http:\/\/larindev.com\/bluergo\/en\/prodotti\/senza%20categoria\/trasformatori-e-autotrasformatori-monofase"},"modified":"2017-11-17T16:13:12","modified_gmt":"2017-11-17T15:13:12","slug":"single-phase-and-auto-transformers","status":"publish","type":"product","link":"https:\/\/bluergo.it\/en\/prodotti\/home-automation-domotic-and-industrial\/single-phase-and-auto-transformers","title":{"rendered":"Single-phase and auto transformers"},"content":{"rendered":"<div class=\"wpb-content-wrapper\"><p>[vc_row][vc_column]<div class=\"edgtf-unordered-list  edgtf-circle\"><ul>\n<li>Input Voltage: 100 o 240 Vac<\/li>\n<li>Frequency: 50-60 Hz<\/li>\n<li>Power: 14VA 450VA<\/li>\n<li>Max Operating ambient temperature: 40 \/ 70\u00b0C<\/li>\n<li>Input\/Output Isolation: 4KV<\/li>\n<li>Glow wire: HB75 &#8211; V0 (GW 600-850)<\/li>\n<li>Standards: EN 61558-1 \/ 2-6 EN 61558-1 \/ 2-4<\/li>\n<\/ul>\n<\/div>[\/vc_column][\/vc_row]<\/p>\n<\/div>","protected":false},"excerpt":{"rendered":"<p>Bluergo produziert Transformatoren f\u00fcr Industrie und Haushalt, einphasige Isolationstransformatoren (EN 61558-1 \/ 2-4), Einphasentransformatoren f\u00fcr Isolation und Sicherheit (EN 61558-1 \/ 2-6). Spartransformatoren.<br \/>\nTransformatoren nach Kundenwunsch mit Standardabmessungen, in der Klasse B f\u00fcr Dauerbetrieb, Klasse F f\u00fcr Dauerbetrieb und Transformatoren f\u00fcr Wechselbetrieb.<br \/>\nDie m\u00f6glichen Enden k\u00f6nnen vom Typ Faston, Kabel oder sonstige Anschl\u00fcsse sein. Wicklungen aus Kupfer, Aluminium, CCA (Copper Clad Aluminium).<\/p>\n","protected":false},"featured_media":44518,"template":"","meta":{"_acf_changed":false},"product_brand":[],"product_cat":[102],"product_tag":[],"class_list":{"0":"post-44329","1":"product","2":"type-product","3":"status-publish","4":"has-post-thumbnail","6":"product_cat-home-automation-domotic-and-industrial","8":"first","9":"instock","10":"shipping-taxable","11":"product-type-simple"},"acf":[],"yoast_head":"<!-- This site is optimized with the Yoast SEO plugin v27.4 - https:\/\/yoast.com\/product\/yoast-seo-wordpress\/ -->\n<title>Single-phase and auto transformers - Bluergo: Electromagnetic Engineering<\/title>\n<meta name=\"robots\" content=\"index, follow, max-snippet:-1, max-image-preview:large, max-video-preview:-1\" \/>\n<link rel=\"canonical\" href=\"https:\/\/bluergo.it\/en\/prodotti\/home-automation-domotic-and-industrial\/single-phase-and-auto-transformers\" \/>\n<meta property=\"og:locale\" content=\"en_US\" \/>\n<meta property=\"og:type\" content=\"article\" \/>\n<meta property=\"og:title\" content=\"Single-phase and auto transformers - Bluergo: Electromagnetic Engineering\" \/>\n<meta property=\"og:description\" content=\"Bluergo produziert Transformatoren f\u00fcr Industrie und Haushalt, einphasige Isolationstransformatoren (EN 61558-1 \/ 2-4), Einphasentransformatoren f\u00fcr Isolation und Sicherheit (EN 61558-1 \/ 2-6). Spartransformatoren. Transformatoren nach Kundenwunsch mit Standardabmessungen, in der Klasse B f\u00fcr Dauerbetrieb, Klasse F f\u00fcr Dauerbetrieb und Transformatoren f\u00fcr Wechselbetrieb. Die m\u00f6glichen Enden k\u00f6nnen vom Typ Faston, Kabel oder sonstige Anschl\u00fcsse sein. Wicklungen aus Kupfer, Aluminium, CCA (Copper Clad Aluminium).\" \/>\n<meta property=\"og:url\" content=\"https:\/\/bluergo.it\/en\/prodotti\/home-automation-domotic-and-industrial\/single-phase-and-auto-transformers\" \/>\n<meta property=\"og:site_name\" content=\"Bluergo: Electromagnetic Engineering\" \/>\n<meta property=\"article:modified_time\" content=\"2017-11-17T15:13:12+00:00\" \/>\n<meta property=\"og:image\" content=\"https:\/\/bluergo.it\/wp-content\/uploads\/2017\/09\/GDX_3226-1.jpg\" \/>\n\t<meta property=\"og:image:width\" content=\"969\" \/>\n\t<meta property=\"og:image:height\" content=\"875\" \/>\n\t<meta property=\"og:image:type\" content=\"image\/jpeg\" \/>\n<meta name=\"twitter:card\" content=\"summary_large_image\" \/>\n<script type=\"application\/ld+json\" class=\"yoast-schema-graph\">{\"@context\":\"https:\\\/\\\/schema.org\",\"@graph\":[{\"@type\":\"WebPage\",\"@id\":\"https:\\\/\\\/bluergo.it\\\/en\\\/prodotti\\\/home-automation-domotic-and-industrial\\\/single-phase-and-auto-transformers\",\"url\":\"https:\\\/\\\/bluergo.it\\\/en\\\/prodotti\\\/home-automation-domotic-and-industrial\\\/single-phase-and-auto-transformers\",\"name\":\"Single-phase and auto transformers - Bluergo: Electromagnetic Engineering\",\"isPartOf\":{\"@id\":\"https:\\\/\\\/bluergo.it\\\/#website\"},\"primaryImageOfPage\":{\"@id\":\"https:\\\/\\\/bluergo.it\\\/en\\\/prodotti\\\/home-automation-domotic-and-industrial\\\/single-phase-and-auto-transformers#primaryimage\"},\"image\":{\"@id\":\"https:\\\/\\\/bluergo.it\\\/en\\\/prodotti\\\/home-automation-domotic-and-industrial\\\/single-phase-and-auto-transformers#primaryimage\"},\"thumbnailUrl\":\"https:\\\/\\\/bluergo.it\\\/wp-content\\\/uploads\\\/2017\\\/09\\\/GDX_3226-1.jpg\",\"datePublished\":\"2017-09-19T10:01:49+00:00\",\"dateModified\":\"2017-11-17T15:13:12+00:00\",\"breadcrumb\":{\"@id\":\"https:\\\/\\\/bluergo.it\\\/en\\\/prodotti\\\/home-automation-domotic-and-industrial\\\/single-phase-and-auto-transformers#breadcrumb\"},\"inLanguage\":\"en-US\",\"potentialAction\":[{\"@type\":\"ReadAction\",\"target\":[\"https:\\\/\\\/bluergo.it\\\/en\\\/prodotti\\\/home-automation-domotic-and-industrial\\\/single-phase-and-auto-transformers\"]}]},{\"@type\":\"ImageObject\",\"inLanguage\":\"en-US\",\"@id\":\"https:\\\/\\\/bluergo.it\\\/en\\\/prodotti\\\/home-automation-domotic-and-industrial\\\/single-phase-and-auto-transformers#primaryimage\",\"url\":\"https:\\\/\\\/bluergo.it\\\/wp-content\\\/uploads\\\/2017\\\/09\\\/GDX_3226-1.jpg\",\"contentUrl\":\"https:\\\/\\\/bluergo.it\\\/wp-content\\\/uploads\\\/2017\\\/09\\\/GDX_3226-1.jpg\",\"width\":969,\"height\":875},{\"@type\":\"BreadcrumbList\",\"@id\":\"https:\\\/\\\/bluergo.it\\\/en\\\/prodotti\\\/home-automation-domotic-and-industrial\\\/single-phase-and-auto-transformers#breadcrumb\",\"itemListElement\":[{\"@type\":\"ListItem\",\"position\":1,\"name\":\"Home\",\"item\":\"https:\\\/\\\/bluergo.it\\\/en\"},{\"@type\":\"ListItem\",\"position\":2,\"name\":\"Prodotti\",\"item\":\"https:\\\/\\\/bluergo.it\\\/shop\"},{\"@type\":\"ListItem\",\"position\":3,\"name\":\"Single-phase and auto transformers\"}]},{\"@type\":\"WebSite\",\"@id\":\"https:\\\/\\\/bluergo.it\\\/#website\",\"url\":\"https:\\\/\\\/bluergo.it\\\/\",\"name\":\"Bluergo: Electromagnetic Engineering\",\"description\":\"Design and production of electromagnetic components\",\"potentialAction\":[{\"@type\":\"SearchAction\",\"target\":{\"@type\":\"EntryPoint\",\"urlTemplate\":\"https:\\\/\\\/bluergo.it\\\/?s={search_term_string}\"},\"query-input\":{\"@type\":\"PropertyValueSpecification\",\"valueRequired\":true,\"valueName\":\"search_term_string\"}}],\"inLanguage\":\"en-US\"}]}<\/script>\n<!-- \/ Yoast SEO plugin. -->","yoast_head_json":{"title":"Single-phase and auto transformers - Bluergo: Electromagnetic Engineering","robots":{"index":"index","follow":"follow","max-snippet":"max-snippet:-1","max-image-preview":"max-image-preview:large","max-video-preview":"max-video-preview:-1"},"canonical":"https:\/\/bluergo.it\/en\/prodotti\/home-automation-domotic-and-industrial\/single-phase-and-auto-transformers","og_locale":"en_US","og_type":"article","og_title":"Single-phase and auto transformers - Bluergo: Electromagnetic Engineering","og_description":"Bluergo produziert Transformatoren f\u00fcr Industrie und Haushalt, einphasige Isolationstransformatoren (EN 61558-1 \/ 2-4), Einphasentransformatoren f\u00fcr Isolation und Sicherheit (EN 61558-1 \/ 2-6). Spartransformatoren. Transformatoren nach Kundenwunsch mit Standardabmessungen, in der Klasse B f\u00fcr Dauerbetrieb, Klasse F f\u00fcr Dauerbetrieb und Transformatoren f\u00fcr Wechselbetrieb. Die m\u00f6glichen Enden k\u00f6nnen vom Typ Faston, Kabel oder sonstige Anschl\u00fcsse sein. Wicklungen aus Kupfer, Aluminium, CCA (Copper Clad Aluminium).","og_url":"https:\/\/bluergo.it\/en\/prodotti\/home-automation-domotic-and-industrial\/single-phase-and-auto-transformers","og_site_name":"Bluergo: Electromagnetic Engineering","article_modified_time":"2017-11-17T15:13:12+00:00","og_image":[{"width":969,"height":875,"url":"https:\/\/bluergo.it\/wp-content\/uploads\/2017\/09\/GDX_3226-1.jpg","type":"image\/jpeg"}],"twitter_card":"summary_large_image","schema":{"@context":"https:\/\/schema.org","@graph":[{"@type":"WebPage","@id":"https:\/\/bluergo.it\/en\/prodotti\/home-automation-domotic-and-industrial\/single-phase-and-auto-transformers","url":"https:\/\/bluergo.it\/en\/prodotti\/home-automation-domotic-and-industrial\/single-phase-and-auto-transformers","name":"Single-phase and auto transformers - Bluergo: Electromagnetic Engineering","isPartOf":{"@id":"https:\/\/bluergo.it\/#website"},"primaryImageOfPage":{"@id":"https:\/\/bluergo.it\/en\/prodotti\/home-automation-domotic-and-industrial\/single-phase-and-auto-transformers#primaryimage"},"image":{"@id":"https:\/\/bluergo.it\/en\/prodotti\/home-automation-domotic-and-industrial\/single-phase-and-auto-transformers#primaryimage"},"thumbnailUrl":"https:\/\/bluergo.it\/wp-content\/uploads\/2017\/09\/GDX_3226-1.jpg","datePublished":"2017-09-19T10:01:49+00:00","dateModified":"2017-11-17T15:13:12+00:00","breadcrumb":{"@id":"https:\/\/bluergo.it\/en\/prodotti\/home-automation-domotic-and-industrial\/single-phase-and-auto-transformers#breadcrumb"},"inLanguage":"en-US","potentialAction":[{"@type":"ReadAction","target":["https:\/\/bluergo.it\/en\/prodotti\/home-automation-domotic-and-industrial\/single-phase-and-auto-transformers"]}]},{"@type":"ImageObject","inLanguage":"en-US","@id":"https:\/\/bluergo.it\/en\/prodotti\/home-automation-domotic-and-industrial\/single-phase-and-auto-transformers#primaryimage","url":"https:\/\/bluergo.it\/wp-content\/uploads\/2017\/09\/GDX_3226-1.jpg","contentUrl":"https:\/\/bluergo.it\/wp-content\/uploads\/2017\/09\/GDX_3226-1.jpg","width":969,"height":875},{"@type":"BreadcrumbList","@id":"https:\/\/bluergo.it\/en\/prodotti\/home-automation-domotic-and-industrial\/single-phase-and-auto-transformers#breadcrumb","itemListElement":[{"@type":"ListItem","position":1,"name":"Home","item":"https:\/\/bluergo.it\/en"},{"@type":"ListItem","position":2,"name":"Prodotti","item":"https:\/\/bluergo.it\/shop"},{"@type":"ListItem","position":3,"name":"Single-phase and auto transformers"}]},{"@type":"WebSite","@id":"https:\/\/bluergo.it\/#website","url":"https:\/\/bluergo.it\/","name":"Bluergo: Electromagnetic Engineering","description":"Design and production of electromagnetic components","potentialAction":[{"@type":"SearchAction","target":{"@type":"EntryPoint","urlTemplate":"https:\/\/bluergo.it\/?s={search_term_string}"},"query-input":{"@type":"PropertyValueSpecification","valueRequired":true,"valueName":"search_term_string"}}],"inLanguage":"en-US"}]}},"_links":{"self":[{"href":"https:\/\/bluergo.it\/en\/wp-json\/wp\/v2\/product\/44329","targetHints":{"allow":["GET"]}}],"collection":[{"href":"https:\/\/bluergo.it\/en\/wp-json\/wp\/v2\/product"}],"about":[{"href":"https:\/\/bluergo.it\/en\/wp-json\/wp\/v2\/types\/product"}],"wp:featuredmedia":[{"embeddable":true,"href":"https:\/\/bluergo.it\/en\/wp-json\/wp\/v2\/media\/44518"}],"wp:attachment":[{"href":"https:\/\/bluergo.it\/en\/wp-json\/wp\/v2\/media?parent=44329"}],"wp:term":[{"taxonomy":"product_brand","embeddable":true,"href":"https:\/\/bluergo.it\/en\/wp-json\/wp\/v2\/product_brand?post=44329"},{"taxonomy":"product_cat","embeddable":true,"href":"https:\/\/bluergo.it\/en\/wp-json\/wp\/v2\/product_cat?post=44329"},{"taxonomy":"product_tag","embeddable":true,"href":"https:\/\/bluergo.it\/en\/wp-json\/wp\/v2\/product_tag?post=44329"}],"curies":[{"name":"wp","href":"https:\/\/api.w.org\/{rel}","templated":true}]}}