{"id":44447,"date":"2017-09-19T11:12:01","date_gmt":"2017-09-19T09:12:01","guid":{"rendered":"http:\/\/larindev.com\/bluergo\/de\/prodotti\/senza%20categoria\/coils-for-lpg-multi-valves-and-lpg-cng-reducer"},"modified":"2018-01-10T17:04:27","modified_gmt":"2018-01-10T16:04:27","slug":"spulen-fuer-ipg-mehrventile-und-ipg-cng-reduzierer","status":"publish","type":"product","link":"https:\/\/bluergo.it\/de\/prodotti\/automotive-de\/spulen-fuer-ipg-mehrventile-und-ipg-cng-reduzierer","title":{"rendered":"Spulen f\u00fcr LPG-Mehrfachventile und CNG-, LPG-Verdampfer"},"content":{"rendered":"<div class=\"wpb-content-wrapper\"><p>[vc_row][vc_column]<div class=\"edgtf-unordered-list  edgtf-circle\"><ul>\n<li>Nennspannungen: 12Vdc bis 24Vdc.<\/li>\n<li>Nennleistung: Dauerbetrieb: Max. 11-13-15-17W &#8211; Andere Optionen auf Anfrage.<\/li>\n<li>Magnetspulenwiderst\u00e4nde: 11-13-9-8.5.<\/li>\n<li>Isolierklasse: Zylinderspule Klasse F; Class H &#8211; Kupferdraht =&gt; 200.<\/li>\n<li>Integrierter Verbindungstyp: AMP super seal IP67 &#8211; Faston 6.3&#215;0.8 IP30.<\/li>\n<li>Metallteile: Material: FeZn (in der Spule implementiert).<\/li>\n<li>Magnetisolierung: Spule PA + GF &#8211; Verkapselungsmaterial: Verst\u00e4rktes Nylon oder Alternative.<\/li>\n<li>Anpassung von Metallteilen und Spulen auf Anfrage.<\/li>\n<\/ul>\n<\/div>[\/vc_column][\/vc_row]<\/p>\n<\/div>","protected":false},"excerpt":{"rendered":"<p>Die Spulen f\u00fcr Mehrfachventile und Verdampfer f\u00fcr LPG- und CNG-Anlagen sind in verschiedenen Konfigurationen verf\u00fcgbar, je nach den spezifischen Bed\u00fcrfnissen und W\u00fcnschen des Kunden.<br \/>\nDie Anpassung der elektrischen Kenngr\u00f6\u00dfen in puncto Abmessungen und Funktion erm\u00f6glicht dem Kunden maximale Freiheit in technischer Hinsicht.<\/p>\n<p>Alle verwendeten Materialien halten den h\u00e4rtesten Pr\u00fcfungen stand, die in der Automobilindustrie gefordert werden.<br \/>\nDiese Spulen k\u00f6nnen auch in anderen Bereichen eingesetzt werden, wie z. B. in Anwendungsbereichen der Hydraulik und Pneumatik.<\/p>\n","protected":false},"featured_media":44099,"template":"","meta":{"_acf_changed":false},"product_brand":[],"product_cat":[101],"product_tag":[],"class_list":{"0":"post-44447","1":"product","2":"type-product","3":"status-publish","4":"has-post-thumbnail","6":"product_cat-automotive-de","8":"first","9":"instock","10":"shipping-taxable","11":"product-type-simple"},"acf":[],"yoast_head":"<!-- This site is optimized with the Yoast SEO plugin v27.4 - https:\/\/yoast.com\/product\/yoast-seo-wordpress\/ -->\n<title>Spulen f\u00fcr LPG-Mehrfachventile und CNG-, LPG-Verdampfer - Bluergo: Elektromagnetische Verfahrenstechnik<\/title>\n<meta name=\"robots\" content=\"index, follow, max-snippet:-1, max-image-preview:large, max-video-preview:-1\" \/>\n<link rel=\"canonical\" href=\"https:\/\/bluergo.it\/de\/prodotti\/automotive-de\/spulen-fuer-ipg-mehrventile-und-ipg-cng-reduzierer\" \/>\n<meta property=\"og:locale\" content=\"de_DE\" \/>\n<meta property=\"og:type\" content=\"article\" \/>\n<meta property=\"og:title\" content=\"Spulen f\u00fcr LPG-Mehrfachventile und CNG-, LPG-Verdampfer - Bluergo: Elektromagnetische Verfahrenstechnik\" \/>\n<meta property=\"og:description\" content=\"Die Spulen f\u00fcr Mehrfachventile und Verdampfer f\u00fcr LPG- und CNG-Anlagen sind in verschiedenen Konfigurationen verf\u00fcgbar, je nach den spezifischen Bed\u00fcrfnissen und W\u00fcnschen des Kunden. Die Anpassung der elektrischen Kenngr\u00f6\u00dfen in puncto Abmessungen und Funktion erm\u00f6glicht dem Kunden maximale Freiheit in technischer Hinsicht.  Alle verwendeten Materialien halten den h\u00e4rtesten Pr\u00fcfungen stand, die in der Automobilindustrie gefordert werden. Diese Spulen k\u00f6nnen auch in anderen Bereichen eingesetzt werden, wie z. B. in Anwendungsbereichen der Hydraulik und Pneumatik.\" \/>\n<meta property=\"og:url\" content=\"https:\/\/bluergo.it\/de\/prodotti\/automotive-de\/spulen-fuer-ipg-mehrventile-und-ipg-cng-reduzierer\" \/>\n<meta property=\"og:site_name\" content=\"Bluergo: Elektromagnetische Verfahrenstechnik\" \/>\n<meta property=\"article:modified_time\" content=\"2018-01-10T16:04:27+00:00\" \/>\n<meta property=\"og:image\" content=\"https:\/\/bluergo.it\/wp-content\/uploads\/2017\/09\/6_GDX_3158.jpg\" \/>\n\t<meta property=\"og:image:width\" content=\"969\" \/>\n\t<meta property=\"og:image:height\" content=\"875\" \/>\n\t<meta property=\"og:image:type\" content=\"image\/jpeg\" \/>\n<meta name=\"twitter:card\" content=\"summary_large_image\" \/>\n<script type=\"application\/ld+json\" class=\"yoast-schema-graph\">{\"@context\":\"https:\\\/\\\/schema.org\",\"@graph\":[{\"@type\":\"WebPage\",\"@id\":\"https:\\\/\\\/bluergo.it\\\/de\\\/prodotti\\\/automotive-de\\\/spulen-fuer-ipg-mehrventile-und-ipg-cng-reduzierer\",\"url\":\"https:\\\/\\\/bluergo.it\\\/de\\\/prodotti\\\/automotive-de\\\/spulen-fuer-ipg-mehrventile-und-ipg-cng-reduzierer\",\"name\":\"Spulen f\u00fcr LPG-Mehrfachventile und CNG-, LPG-Verdampfer - Bluergo: Elektromagnetische Verfahrenstechnik\",\"isPartOf\":{\"@id\":\"https:\\\/\\\/bluergo.it\\\/#website\"},\"primaryImageOfPage\":{\"@id\":\"https:\\\/\\\/bluergo.it\\\/de\\\/prodotti\\\/automotive-de\\\/spulen-fuer-ipg-mehrventile-und-ipg-cng-reduzierer#primaryimage\"},\"image\":{\"@id\":\"https:\\\/\\\/bluergo.it\\\/de\\\/prodotti\\\/automotive-de\\\/spulen-fuer-ipg-mehrventile-und-ipg-cng-reduzierer#primaryimage\"},\"thumbnailUrl\":\"https:\\\/\\\/bluergo.it\\\/wp-content\\\/uploads\\\/2017\\\/09\\\/6_GDX_3158.jpg\",\"datePublished\":\"2017-09-19T09:12:01+00:00\",\"dateModified\":\"2018-01-10T16:04:27+00:00\",\"breadcrumb\":{\"@id\":\"https:\\\/\\\/bluergo.it\\\/de\\\/prodotti\\\/automotive-de\\\/spulen-fuer-ipg-mehrventile-und-ipg-cng-reduzierer#breadcrumb\"},\"inLanguage\":\"de\",\"potentialAction\":[{\"@type\":\"ReadAction\",\"target\":[\"https:\\\/\\\/bluergo.it\\\/de\\\/prodotti\\\/automotive-de\\\/spulen-fuer-ipg-mehrventile-und-ipg-cng-reduzierer\"]}]},{\"@type\":\"ImageObject\",\"inLanguage\":\"de\",\"@id\":\"https:\\\/\\\/bluergo.it\\\/de\\\/prodotti\\\/automotive-de\\\/spulen-fuer-ipg-mehrventile-und-ipg-cng-reduzierer#primaryimage\",\"url\":\"https:\\\/\\\/bluergo.it\\\/wp-content\\\/uploads\\\/2017\\\/09\\\/6_GDX_3158.jpg\",\"contentUrl\":\"https:\\\/\\\/bluergo.it\\\/wp-content\\\/uploads\\\/2017\\\/09\\\/6_GDX_3158.jpg\",\"width\":969,\"height\":875,\"caption\":\"Bobine multivalvole LPG e riduttori LPG CNG\"},{\"@type\":\"BreadcrumbList\",\"@id\":\"https:\\\/\\\/bluergo.it\\\/de\\\/prodotti\\\/automotive-de\\\/spulen-fuer-ipg-mehrventile-und-ipg-cng-reduzierer#breadcrumb\",\"itemListElement\":[{\"@type\":\"ListItem\",\"position\":1,\"name\":\"Home\",\"item\":\"https:\\\/\\\/bluergo.it\\\/de\"},{\"@type\":\"ListItem\",\"position\":2,\"name\":\"Prodotti\",\"item\":\"https:\\\/\\\/bluergo.it\\\/shop\"},{\"@type\":\"ListItem\",\"position\":3,\"name\":\"Spulen f\u00fcr LPG-Mehrfachventile und CNG-, LPG-Verdampfer\"}]},{\"@type\":\"WebSite\",\"@id\":\"https:\\\/\\\/bluergo.it\\\/#website\",\"url\":\"https:\\\/\\\/bluergo.it\\\/\",\"name\":\"Bluergo: Elektromagnetische Verfahrenstechnik\",\"description\":\"Design und Produktion von elektromagnetischen Komponenten\",\"potentialAction\":[{\"@type\":\"SearchAction\",\"target\":{\"@type\":\"EntryPoint\",\"urlTemplate\":\"https:\\\/\\\/bluergo.it\\\/?s={search_term_string}\"},\"query-input\":{\"@type\":\"PropertyValueSpecification\",\"valueRequired\":true,\"valueName\":\"search_term_string\"}}],\"inLanguage\":\"de\"}]}<\/script>\n<!-- \/ Yoast SEO plugin. -->","yoast_head_json":{"title":"Spulen f\u00fcr LPG-Mehrfachventile und CNG-, LPG-Verdampfer - Bluergo: Elektromagnetische Verfahrenstechnik","robots":{"index":"index","follow":"follow","max-snippet":"max-snippet:-1","max-image-preview":"max-image-preview:large","max-video-preview":"max-video-preview:-1"},"canonical":"https:\/\/bluergo.it\/de\/prodotti\/automotive-de\/spulen-fuer-ipg-mehrventile-und-ipg-cng-reduzierer","og_locale":"de_DE","og_type":"article","og_title":"Spulen f\u00fcr LPG-Mehrfachventile und CNG-, LPG-Verdampfer - Bluergo: Elektromagnetische Verfahrenstechnik","og_description":"Die Spulen f\u00fcr Mehrfachventile und Verdampfer f\u00fcr LPG- und CNG-Anlagen sind in verschiedenen Konfigurationen verf\u00fcgbar, je nach den spezifischen Bed\u00fcrfnissen und W\u00fcnschen des Kunden. Die Anpassung der elektrischen Kenngr\u00f6\u00dfen in puncto Abmessungen und Funktion erm\u00f6glicht dem Kunden maximale Freiheit in technischer Hinsicht.  Alle verwendeten Materialien halten den h\u00e4rtesten Pr\u00fcfungen stand, die in der Automobilindustrie gefordert werden. Diese Spulen k\u00f6nnen auch in anderen Bereichen eingesetzt werden, wie z. B. in Anwendungsbereichen der Hydraulik und Pneumatik.","og_url":"https:\/\/bluergo.it\/de\/prodotti\/automotive-de\/spulen-fuer-ipg-mehrventile-und-ipg-cng-reduzierer","og_site_name":"Bluergo: Elektromagnetische Verfahrenstechnik","article_modified_time":"2018-01-10T16:04:27+00:00","og_image":[{"width":969,"height":875,"url":"https:\/\/bluergo.it\/wp-content\/uploads\/2017\/09\/6_GDX_3158.jpg","type":"image\/jpeg"}],"twitter_card":"summary_large_image","schema":{"@context":"https:\/\/schema.org","@graph":[{"@type":"WebPage","@id":"https:\/\/bluergo.it\/de\/prodotti\/automotive-de\/spulen-fuer-ipg-mehrventile-und-ipg-cng-reduzierer","url":"https:\/\/bluergo.it\/de\/prodotti\/automotive-de\/spulen-fuer-ipg-mehrventile-und-ipg-cng-reduzierer","name":"Spulen f\u00fcr LPG-Mehrfachventile und CNG-, LPG-Verdampfer - Bluergo: Elektromagnetische Verfahrenstechnik","isPartOf":{"@id":"https:\/\/bluergo.it\/#website"},"primaryImageOfPage":{"@id":"https:\/\/bluergo.it\/de\/prodotti\/automotive-de\/spulen-fuer-ipg-mehrventile-und-ipg-cng-reduzierer#primaryimage"},"image":{"@id":"https:\/\/bluergo.it\/de\/prodotti\/automotive-de\/spulen-fuer-ipg-mehrventile-und-ipg-cng-reduzierer#primaryimage"},"thumbnailUrl":"https:\/\/bluergo.it\/wp-content\/uploads\/2017\/09\/6_GDX_3158.jpg","datePublished":"2017-09-19T09:12:01+00:00","dateModified":"2018-01-10T16:04:27+00:00","breadcrumb":{"@id":"https:\/\/bluergo.it\/de\/prodotti\/automotive-de\/spulen-fuer-ipg-mehrventile-und-ipg-cng-reduzierer#breadcrumb"},"inLanguage":"de","potentialAction":[{"@type":"ReadAction","target":["https:\/\/bluergo.it\/de\/prodotti\/automotive-de\/spulen-fuer-ipg-mehrventile-und-ipg-cng-reduzierer"]}]},{"@type":"ImageObject","inLanguage":"de","@id":"https:\/\/bluergo.it\/de\/prodotti\/automotive-de\/spulen-fuer-ipg-mehrventile-und-ipg-cng-reduzierer#primaryimage","url":"https:\/\/bluergo.it\/wp-content\/uploads\/2017\/09\/6_GDX_3158.jpg","contentUrl":"https:\/\/bluergo.it\/wp-content\/uploads\/2017\/09\/6_GDX_3158.jpg","width":969,"height":875,"caption":"Bobine multivalvole LPG e riduttori LPG CNG"},{"@type":"BreadcrumbList","@id":"https:\/\/bluergo.it\/de\/prodotti\/automotive-de\/spulen-fuer-ipg-mehrventile-und-ipg-cng-reduzierer#breadcrumb","itemListElement":[{"@type":"ListItem","position":1,"name":"Home","item":"https:\/\/bluergo.it\/de"},{"@type":"ListItem","position":2,"name":"Prodotti","item":"https:\/\/bluergo.it\/shop"},{"@type":"ListItem","position":3,"name":"Spulen f\u00fcr LPG-Mehrfachventile und CNG-, LPG-Verdampfer"}]},{"@type":"WebSite","@id":"https:\/\/bluergo.it\/#website","url":"https:\/\/bluergo.it\/","name":"Bluergo: Elektromagnetische Verfahrenstechnik","description":"Design und Produktion von elektromagnetischen Komponenten","potentialAction":[{"@type":"SearchAction","target":{"@type":"EntryPoint","urlTemplate":"https:\/\/bluergo.it\/?s={search_term_string}"},"query-input":{"@type":"PropertyValueSpecification","valueRequired":true,"valueName":"search_term_string"}}],"inLanguage":"de"}]}},"_links":{"self":[{"href":"https:\/\/bluergo.it\/de\/wp-json\/wp\/v2\/product\/44447","targetHints":{"allow":["GET"]}}],"collection":[{"href":"https:\/\/bluergo.it\/de\/wp-json\/wp\/v2\/product"}],"about":[{"href":"https:\/\/bluergo.it\/de\/wp-json\/wp\/v2\/types\/product"}],"wp:featuredmedia":[{"embeddable":true,"href":"https:\/\/bluergo.it\/de\/wp-json\/wp\/v2\/media\/44099"}],"wp:attachment":[{"href":"https:\/\/bluergo.it\/de\/wp-json\/wp\/v2\/media?parent=44447"}],"wp:term":[{"taxonomy":"product_brand","embeddable":true,"href":"https:\/\/bluergo.it\/de\/wp-json\/wp\/v2\/product_brand?post=44447"},{"taxonomy":"product_cat","embeddable":true,"href":"https:\/\/bluergo.it\/de\/wp-json\/wp\/v2\/product_cat?post=44447"},{"taxonomy":"product_tag","embeddable":true,"href":"https:\/\/bluergo.it\/de\/wp-json\/wp\/v2\/product_tag?post=44447"}],"curies":[{"name":"wp","href":"https:\/\/api.w.org\/{rel}","templated":true}]}}