{"id":44325,"date":"2017-09-19T11:01:08","date_gmt":"2017-09-19T09:01:08","guid":{"rendered":"http:\/\/larindev.com\/bluergo\/de\/prodotti\/senza%20categoria\/coils-for-lpgcng-systems"},"modified":"2018-01-10T17:01:46","modified_gmt":"2018-01-10T16:01:46","slug":"spulen-fuer-einspritzsysteme-lpgcgn","status":"publish","type":"product","link":"https:\/\/bluergo.it\/de\/prodotti\/automotive-de\/spulen-fuer-einspritzsysteme-lpgcgn","title":{"rendered":"Spulen f\u00fcr LPG\/CNG-Einspritzsysteme"},"content":{"rendered":"<div class=\"wpb-content-wrapper\"><p>[vc_row][vc_column]<div class=\"edgtf-unordered-list  edgtf-circle\"><ul>\n<li>Nennspannungen: 2Vdc bis 24Vdc.<\/li>\n<li>Nennleistung: Dauerbetrieb: max. 7,5W &#8211; Unterbrochener Betrieb: 144W; 72W; 48W.<\/li>\n<li>Andere Optionen auf Anfrage.<\/li>\n<li>Magnetspulenwiderst\u00e4nde: 1;1.8;2;3;12;19.<\/li>\n<li>Isolationsklasse: Magnet der Klasse F; Klasse H &#8211; Kupferdraht =&gt; 200\u00b0.<\/li>\n<li>Integrierter Verbindungstyp: AMP super seal IP67 &#8211; Faston 6.3&#215;0.8 IP30.<\/li>\n<li>Metallteile: separat mit Bohrl\u00f6chern (9+4 \/ 9+5 \/ 9+8 \/ 9+9) geliefert &#8211; Material FeZn.<\/li>\n<li>Magnetisolierung: Spule PA + GF &#8211; Verkapselungsmaterial: Verst\u00e4rktes Nylon oder Alternative.<\/li>\n<li>Anpassung von Metallteilen und Spulen auf Anfrage.<\/li>\n<\/ul>\n<\/div>[\/vc_column][\/vc_row]<\/p>\n<\/div>","protected":false},"excerpt":{"rendered":"<p>Die Spulen f\u00fcr LPG- und CNG-Einspritzsysteme sind in verschiedenen Konfigurationen verf\u00fcgbar, je nach den spezifischen Bed\u00fcrfnissen des Kunden.<br \/>\nDie Anpassung der elektrischen Kenngr\u00f6\u00dfen in puncto Abmessungen und Funktion erm\u00f6glicht dem Kunden maximale Freiheit in technischer Hinsicht.<\/p>\n<p>Alle verwendeten Materialien halten den h\u00e4rtesten Pr\u00fcfungen stand, die in der Automobilindustrie gefordert werden. Diese Spulen k\u00f6nnen auch in anderen Bereichen eingesetzt werden, wie z. B. in Anwendungsbereichen der Hydraulik und Pneumatik.<\/p>\n","protected":false},"featured_media":44096,"template":"","meta":{"_acf_changed":false},"product_brand":[],"product_cat":[101],"product_tag":[],"class_list":{"0":"post-44325","1":"product","2":"type-product","3":"status-publish","4":"has-post-thumbnail","6":"product_cat-automotive-de","8":"first","9":"instock","10":"shipping-taxable","11":"product-type-simple"},"acf":[],"yoast_head":"<!-- This site is optimized with the Yoast SEO plugin v27.4 - https:\/\/yoast.com\/product\/yoast-seo-wordpress\/ -->\n<title>Spulen f\u00fcr LPG\/CNG-Einspritzsysteme - Bluergo: Elektromagnetische Verfahrenstechnik<\/title>\n<meta name=\"robots\" content=\"index, follow, max-snippet:-1, max-image-preview:large, max-video-preview:-1\" \/>\n<link rel=\"canonical\" href=\"https:\/\/bluergo.it\/de\/prodotti\/automotive-de\/spulen-fuer-einspritzsysteme-lpgcgn\" \/>\n<meta property=\"og:locale\" content=\"de_DE\" \/>\n<meta property=\"og:type\" content=\"article\" \/>\n<meta property=\"og:title\" content=\"Spulen f\u00fcr LPG\/CNG-Einspritzsysteme - Bluergo: Elektromagnetische Verfahrenstechnik\" \/>\n<meta property=\"og:description\" content=\"Die Spulen f\u00fcr LPG- und CNG-Einspritzsysteme sind in verschiedenen Konfigurationen verf\u00fcgbar, je nach den spezifischen Bed\u00fcrfnissen des Kunden. Die Anpassung der elektrischen Kenngr\u00f6\u00dfen in puncto Abmessungen und Funktion erm\u00f6glicht dem Kunden maximale Freiheit in technischer Hinsicht.  Alle verwendeten Materialien halten den h\u00e4rtesten Pr\u00fcfungen stand, die in der Automobilindustrie gefordert werden. Diese Spulen k\u00f6nnen auch in anderen Bereichen eingesetzt werden, wie z. B. in Anwendungsbereichen der Hydraulik und Pneumatik.\" \/>\n<meta property=\"og:url\" content=\"https:\/\/bluergo.it\/de\/prodotti\/automotive-de\/spulen-fuer-einspritzsysteme-lpgcgn\" \/>\n<meta property=\"og:site_name\" content=\"Bluergo: Elektromagnetische Verfahrenstechnik\" \/>\n<meta property=\"article:modified_time\" content=\"2018-01-10T16:01:46+00:00\" \/>\n<meta property=\"og:image\" content=\"https:\/\/bluergo.it\/wp-content\/uploads\/2017\/09\/5_GDX_3159.jpg\" \/>\n\t<meta property=\"og:image:width\" content=\"969\" \/>\n\t<meta property=\"og:image:height\" content=\"875\" \/>\n\t<meta property=\"og:image:type\" content=\"image\/jpeg\" \/>\n<meta name=\"twitter:card\" content=\"summary_large_image\" \/>\n<script type=\"application\/ld+json\" class=\"yoast-schema-graph\">{\"@context\":\"https:\\\/\\\/schema.org\",\"@graph\":[{\"@type\":\"WebPage\",\"@id\":\"https:\\\/\\\/bluergo.it\\\/de\\\/prodotti\\\/automotive-de\\\/spulen-fuer-einspritzsysteme-lpgcgn\",\"url\":\"https:\\\/\\\/bluergo.it\\\/de\\\/prodotti\\\/automotive-de\\\/spulen-fuer-einspritzsysteme-lpgcgn\",\"name\":\"Spulen f\u00fcr LPG\\\/CNG-Einspritzsysteme - Bluergo: Elektromagnetische Verfahrenstechnik\",\"isPartOf\":{\"@id\":\"https:\\\/\\\/bluergo.it\\\/#website\"},\"primaryImageOfPage\":{\"@id\":\"https:\\\/\\\/bluergo.it\\\/de\\\/prodotti\\\/automotive-de\\\/spulen-fuer-einspritzsysteme-lpgcgn#primaryimage\"},\"image\":{\"@id\":\"https:\\\/\\\/bluergo.it\\\/de\\\/prodotti\\\/automotive-de\\\/spulen-fuer-einspritzsysteme-lpgcgn#primaryimage\"},\"thumbnailUrl\":\"https:\\\/\\\/bluergo.it\\\/wp-content\\\/uploads\\\/2017\\\/09\\\/5_GDX_3159.jpg\",\"datePublished\":\"2017-09-19T09:01:08+00:00\",\"dateModified\":\"2018-01-10T16:01:46+00:00\",\"breadcrumb\":{\"@id\":\"https:\\\/\\\/bluergo.it\\\/de\\\/prodotti\\\/automotive-de\\\/spulen-fuer-einspritzsysteme-lpgcgn#breadcrumb\"},\"inLanguage\":\"de\",\"potentialAction\":[{\"@type\":\"ReadAction\",\"target\":[\"https:\\\/\\\/bluergo.it\\\/de\\\/prodotti\\\/automotive-de\\\/spulen-fuer-einspritzsysteme-lpgcgn\"]}]},{\"@type\":\"ImageObject\",\"inLanguage\":\"de\",\"@id\":\"https:\\\/\\\/bluergo.it\\\/de\\\/prodotti\\\/automotive-de\\\/spulen-fuer-einspritzsysteme-lpgcgn#primaryimage\",\"url\":\"https:\\\/\\\/bluergo.it\\\/wp-content\\\/uploads\\\/2017\\\/09\\\/5_GDX_3159.jpg\",\"contentUrl\":\"https:\\\/\\\/bluergo.it\\\/wp-content\\\/uploads\\\/2017\\\/09\\\/5_GDX_3159.jpg\",\"width\":969,\"height\":875,\"caption\":\"Bobine per sistemi a iniezione LPG\\\/CNG\"},{\"@type\":\"BreadcrumbList\",\"@id\":\"https:\\\/\\\/bluergo.it\\\/de\\\/prodotti\\\/automotive-de\\\/spulen-fuer-einspritzsysteme-lpgcgn#breadcrumb\",\"itemListElement\":[{\"@type\":\"ListItem\",\"position\":1,\"name\":\"Home\",\"item\":\"https:\\\/\\\/bluergo.it\\\/de\"},{\"@type\":\"ListItem\",\"position\":2,\"name\":\"Prodotti\",\"item\":\"https:\\\/\\\/bluergo.it\\\/shop\"},{\"@type\":\"ListItem\",\"position\":3,\"name\":\"Spulen f\u00fcr LPG\\\/CNG-Einspritzsysteme\"}]},{\"@type\":\"WebSite\",\"@id\":\"https:\\\/\\\/bluergo.it\\\/#website\",\"url\":\"https:\\\/\\\/bluergo.it\\\/\",\"name\":\"Bluergo: Elektromagnetische Verfahrenstechnik\",\"description\":\"Design und Produktion von elektromagnetischen Komponenten\",\"potentialAction\":[{\"@type\":\"SearchAction\",\"target\":{\"@type\":\"EntryPoint\",\"urlTemplate\":\"https:\\\/\\\/bluergo.it\\\/?s={search_term_string}\"},\"query-input\":{\"@type\":\"PropertyValueSpecification\",\"valueRequired\":true,\"valueName\":\"search_term_string\"}}],\"inLanguage\":\"de\"}]}<\/script>\n<!-- \/ Yoast SEO plugin. -->","yoast_head_json":{"title":"Spulen f\u00fcr LPG\/CNG-Einspritzsysteme - Bluergo: Elektromagnetische Verfahrenstechnik","robots":{"index":"index","follow":"follow","max-snippet":"max-snippet:-1","max-image-preview":"max-image-preview:large","max-video-preview":"max-video-preview:-1"},"canonical":"https:\/\/bluergo.it\/de\/prodotti\/automotive-de\/spulen-fuer-einspritzsysteme-lpgcgn","og_locale":"de_DE","og_type":"article","og_title":"Spulen f\u00fcr LPG\/CNG-Einspritzsysteme - Bluergo: Elektromagnetische Verfahrenstechnik","og_description":"Die Spulen f\u00fcr LPG- und CNG-Einspritzsysteme sind in verschiedenen Konfigurationen verf\u00fcgbar, je nach den spezifischen Bed\u00fcrfnissen des Kunden. Die Anpassung der elektrischen Kenngr\u00f6\u00dfen in puncto Abmessungen und Funktion erm\u00f6glicht dem Kunden maximale Freiheit in technischer Hinsicht.  Alle verwendeten Materialien halten den h\u00e4rtesten Pr\u00fcfungen stand, die in der Automobilindustrie gefordert werden. Diese Spulen k\u00f6nnen auch in anderen Bereichen eingesetzt werden, wie z. B. in Anwendungsbereichen der Hydraulik und Pneumatik.","og_url":"https:\/\/bluergo.it\/de\/prodotti\/automotive-de\/spulen-fuer-einspritzsysteme-lpgcgn","og_site_name":"Bluergo: Elektromagnetische Verfahrenstechnik","article_modified_time":"2018-01-10T16:01:46+00:00","og_image":[{"width":969,"height":875,"url":"https:\/\/bluergo.it\/wp-content\/uploads\/2017\/09\/5_GDX_3159.jpg","type":"image\/jpeg"}],"twitter_card":"summary_large_image","schema":{"@context":"https:\/\/schema.org","@graph":[{"@type":"WebPage","@id":"https:\/\/bluergo.it\/de\/prodotti\/automotive-de\/spulen-fuer-einspritzsysteme-lpgcgn","url":"https:\/\/bluergo.it\/de\/prodotti\/automotive-de\/spulen-fuer-einspritzsysteme-lpgcgn","name":"Spulen f\u00fcr LPG\/CNG-Einspritzsysteme - Bluergo: Elektromagnetische Verfahrenstechnik","isPartOf":{"@id":"https:\/\/bluergo.it\/#website"},"primaryImageOfPage":{"@id":"https:\/\/bluergo.it\/de\/prodotti\/automotive-de\/spulen-fuer-einspritzsysteme-lpgcgn#primaryimage"},"image":{"@id":"https:\/\/bluergo.it\/de\/prodotti\/automotive-de\/spulen-fuer-einspritzsysteme-lpgcgn#primaryimage"},"thumbnailUrl":"https:\/\/bluergo.it\/wp-content\/uploads\/2017\/09\/5_GDX_3159.jpg","datePublished":"2017-09-19T09:01:08+00:00","dateModified":"2018-01-10T16:01:46+00:00","breadcrumb":{"@id":"https:\/\/bluergo.it\/de\/prodotti\/automotive-de\/spulen-fuer-einspritzsysteme-lpgcgn#breadcrumb"},"inLanguage":"de","potentialAction":[{"@type":"ReadAction","target":["https:\/\/bluergo.it\/de\/prodotti\/automotive-de\/spulen-fuer-einspritzsysteme-lpgcgn"]}]},{"@type":"ImageObject","inLanguage":"de","@id":"https:\/\/bluergo.it\/de\/prodotti\/automotive-de\/spulen-fuer-einspritzsysteme-lpgcgn#primaryimage","url":"https:\/\/bluergo.it\/wp-content\/uploads\/2017\/09\/5_GDX_3159.jpg","contentUrl":"https:\/\/bluergo.it\/wp-content\/uploads\/2017\/09\/5_GDX_3159.jpg","width":969,"height":875,"caption":"Bobine per sistemi a iniezione LPG\/CNG"},{"@type":"BreadcrumbList","@id":"https:\/\/bluergo.it\/de\/prodotti\/automotive-de\/spulen-fuer-einspritzsysteme-lpgcgn#breadcrumb","itemListElement":[{"@type":"ListItem","position":1,"name":"Home","item":"https:\/\/bluergo.it\/de"},{"@type":"ListItem","position":2,"name":"Prodotti","item":"https:\/\/bluergo.it\/shop"},{"@type":"ListItem","position":3,"name":"Spulen f\u00fcr LPG\/CNG-Einspritzsysteme"}]},{"@type":"WebSite","@id":"https:\/\/bluergo.it\/#website","url":"https:\/\/bluergo.it\/","name":"Bluergo: Elektromagnetische Verfahrenstechnik","description":"Design und Produktion von elektromagnetischen Komponenten","potentialAction":[{"@type":"SearchAction","target":{"@type":"EntryPoint","urlTemplate":"https:\/\/bluergo.it\/?s={search_term_string}"},"query-input":{"@type":"PropertyValueSpecification","valueRequired":true,"valueName":"search_term_string"}}],"inLanguage":"de"}]}},"_links":{"self":[{"href":"https:\/\/bluergo.it\/de\/wp-json\/wp\/v2\/product\/44325","targetHints":{"allow":["GET"]}}],"collection":[{"href":"https:\/\/bluergo.it\/de\/wp-json\/wp\/v2\/product"}],"about":[{"href":"https:\/\/bluergo.it\/de\/wp-json\/wp\/v2\/types\/product"}],"wp:featuredmedia":[{"embeddable":true,"href":"https:\/\/bluergo.it\/de\/wp-json\/wp\/v2\/media\/44096"}],"wp:attachment":[{"href":"https:\/\/bluergo.it\/de\/wp-json\/wp\/v2\/media?parent=44325"}],"wp:term":[{"taxonomy":"product_brand","embeddable":true,"href":"https:\/\/bluergo.it\/de\/wp-json\/wp\/v2\/product_brand?post=44325"},{"taxonomy":"product_cat","embeddable":true,"href":"https:\/\/bluergo.it\/de\/wp-json\/wp\/v2\/product_cat?post=44325"},{"taxonomy":"product_tag","embeddable":true,"href":"https:\/\/bluergo.it\/de\/wp-json\/wp\/v2\/product_tag?post=44325"}],"curies":[{"name":"wp","href":"https:\/\/api.w.org\/{rel}","templated":true}]}}