{"id":44319,"date":"2017-09-19T09:59:46","date_gmt":"2017-09-19T07:59:46","guid":{"rendered":"http:\/\/larindev.com\/bluergo\/de\/prodotti\/senza%20categoria\/pfc-power-factor-control"},"modified":"2018-01-10T16:51:23","modified_gmt":"2018-01-10T15:51:23","slug":"pfc-leistungsfaktorkorrekturfilter","status":"publish","type":"product","link":"https:\/\/bluergo.it\/de\/prodotti\/anwendung-haushaltsgerate\/pfc-leistungsfaktorkorrekturfilter","title":{"rendered":"PFC-Leistungsfaktorkorrekturfilter"},"content":{"rendered":"<div class=\"wpb-content-wrapper\"><p>[vc_row][vc_column]<div class=\"edgtf-unordered-list  edgtf-circle\"><ul>\n<li>Induktivit\u00e4ts- und Stromwerte k\u00f6nnen je nach der Art der Anwendung und den Abmessungen, die vom Endkunden angefordert werden, ebenfalls angepasst werden.<\/li>\n<li>Drei verschiedene Konstruktions- und Herstellungsl\u00f6sungen sind m\u00f6glich: Offener Rahmen &#8211; Vergossene Ausf\u00fchrung &#8211; Vergu\u00dfkapselung<\/li>\n<\/ul>\n<\/div>[\/vc_column][\/vc_row]<\/p>\n<\/div>","protected":false},"excerpt":{"rendered":"<p>Es handelt sich um Induktoren, die typischerweise f\u00fcr einphasige Transformatoren verwendet werden. Die Funktion besteht ausschlie\u00dflich darin, das Verh\u00e4ltnis zwischen Schein- und Wirkleistung  zu verbessern und somit die Anzahl der Komponenten zu reduzieren, die die spezifischen Eigenschaften dieser Schaltung beeinflusst (Blindleistung): Dies verbessert den Wirkungsgrad der Stromerzeugung und -verteilung.<\/p>\n","protected":false},"featured_media":44513,"template":"","meta":{"_acf_changed":false},"product_brand":[],"product_cat":[97],"product_tag":[],"class_list":{"0":"post-44319","1":"product","2":"type-product","3":"status-publish","4":"has-post-thumbnail","6":"product_cat-anwendung-haushaltsgerate","8":"first","9":"instock","10":"shipping-taxable","11":"product-type-simple"},"acf":[],"yoast_head":"<!-- This site is optimized with the Yoast SEO plugin v27.4 - https:\/\/yoast.com\/product\/yoast-seo-wordpress\/ -->\n<title>PFC-Leistungsfaktorkorrekturfilter - Bluergo: Elektromagnetische Verfahrenstechnik<\/title>\n<meta name=\"robots\" content=\"index, follow, max-snippet:-1, max-image-preview:large, max-video-preview:-1\" \/>\n<link rel=\"canonical\" href=\"https:\/\/bluergo.it\/de\/prodotti\/anwendung-haushaltsgerate\/pfc-leistungsfaktorkorrekturfilter\" \/>\n<meta property=\"og:locale\" content=\"de_DE\" \/>\n<meta property=\"og:type\" content=\"article\" \/>\n<meta property=\"og:title\" content=\"PFC-Leistungsfaktorkorrekturfilter - Bluergo: Elektromagnetische Verfahrenstechnik\" \/>\n<meta property=\"og:description\" content=\"Es handelt sich um Induktoren, die typischerweise f\u00fcr einphasige Transformatoren verwendet werden. Die Funktion besteht ausschlie\u00dflich darin, das Verh\u00e4ltnis zwischen Schein- und Wirkleistung zu verbessern und somit die Anzahl der Komponenten zu reduzieren, die die spezifischen Eigenschaften dieser Schaltung beeinflusst (Blindleistung): Dies verbessert den Wirkungsgrad der Stromerzeugung und -verteilung.\" \/>\n<meta property=\"og:url\" content=\"https:\/\/bluergo.it\/de\/prodotti\/anwendung-haushaltsgerate\/pfc-leistungsfaktorkorrekturfilter\" \/>\n<meta property=\"og:site_name\" content=\"Bluergo: Elektromagnetische Verfahrenstechnik\" \/>\n<meta property=\"article:modified_time\" content=\"2018-01-10T15:51:23+00:00\" \/>\n<meta property=\"og:image\" content=\"https:\/\/bluergo.it\/wp-content\/uploads\/2017\/09\/GDX_3201.jpg\" \/>\n\t<meta property=\"og:image:width\" content=\"969\" \/>\n\t<meta property=\"og:image:height\" content=\"875\" \/>\n\t<meta property=\"og:image:type\" content=\"image\/jpeg\" \/>\n<meta name=\"twitter:card\" content=\"summary_large_image\" \/>\n<script type=\"application\/ld+json\" class=\"yoast-schema-graph\">{\"@context\":\"https:\\\/\\\/schema.org\",\"@graph\":[{\"@type\":\"WebPage\",\"@id\":\"https:\\\/\\\/bluergo.it\\\/de\\\/prodotti\\\/anwendung-haushaltsgerate\\\/pfc-leistungsfaktorkorrekturfilter\",\"url\":\"https:\\\/\\\/bluergo.it\\\/de\\\/prodotti\\\/anwendung-haushaltsgerate\\\/pfc-leistungsfaktorkorrekturfilter\",\"name\":\"PFC-Leistungsfaktorkorrekturfilter - Bluergo: Elektromagnetische Verfahrenstechnik\",\"isPartOf\":{\"@id\":\"https:\\\/\\\/bluergo.it\\\/#website\"},\"primaryImageOfPage\":{\"@id\":\"https:\\\/\\\/bluergo.it\\\/de\\\/prodotti\\\/anwendung-haushaltsgerate\\\/pfc-leistungsfaktorkorrekturfilter#primaryimage\"},\"image\":{\"@id\":\"https:\\\/\\\/bluergo.it\\\/de\\\/prodotti\\\/anwendung-haushaltsgerate\\\/pfc-leistungsfaktorkorrekturfilter#primaryimage\"},\"thumbnailUrl\":\"https:\\\/\\\/bluergo.it\\\/wp-content\\\/uploads\\\/2017\\\/09\\\/GDX_3201.jpg\",\"datePublished\":\"2017-09-19T07:59:46+00:00\",\"dateModified\":\"2018-01-10T15:51:23+00:00\",\"breadcrumb\":{\"@id\":\"https:\\\/\\\/bluergo.it\\\/de\\\/prodotti\\\/anwendung-haushaltsgerate\\\/pfc-leistungsfaktorkorrekturfilter#breadcrumb\"},\"inLanguage\":\"de\",\"potentialAction\":[{\"@type\":\"ReadAction\",\"target\":[\"https:\\\/\\\/bluergo.it\\\/de\\\/prodotti\\\/anwendung-haushaltsgerate\\\/pfc-leistungsfaktorkorrekturfilter\"]}]},{\"@type\":\"ImageObject\",\"inLanguage\":\"de\",\"@id\":\"https:\\\/\\\/bluergo.it\\\/de\\\/prodotti\\\/anwendung-haushaltsgerate\\\/pfc-leistungsfaktorkorrekturfilter#primaryimage\",\"url\":\"https:\\\/\\\/bluergo.it\\\/wp-content\\\/uploads\\\/2017\\\/09\\\/GDX_3201.jpg\",\"contentUrl\":\"https:\\\/\\\/bluergo.it\\\/wp-content\\\/uploads\\\/2017\\\/09\\\/GDX_3201.jpg\",\"width\":969,\"height\":875},{\"@type\":\"BreadcrumbList\",\"@id\":\"https:\\\/\\\/bluergo.it\\\/de\\\/prodotti\\\/anwendung-haushaltsgerate\\\/pfc-leistungsfaktorkorrekturfilter#breadcrumb\",\"itemListElement\":[{\"@type\":\"ListItem\",\"position\":1,\"name\":\"Home\",\"item\":\"https:\\\/\\\/bluergo.it\\\/de\"},{\"@type\":\"ListItem\",\"position\":2,\"name\":\"Prodotti\",\"item\":\"https:\\\/\\\/bluergo.it\\\/shop\"},{\"@type\":\"ListItem\",\"position\":3,\"name\":\"PFC-Leistungsfaktorkorrekturfilter\"}]},{\"@type\":\"WebSite\",\"@id\":\"https:\\\/\\\/bluergo.it\\\/#website\",\"url\":\"https:\\\/\\\/bluergo.it\\\/\",\"name\":\"Bluergo: Elektromagnetische Verfahrenstechnik\",\"description\":\"Design und Produktion von elektromagnetischen Komponenten\",\"potentialAction\":[{\"@type\":\"SearchAction\",\"target\":{\"@type\":\"EntryPoint\",\"urlTemplate\":\"https:\\\/\\\/bluergo.it\\\/?s={search_term_string}\"},\"query-input\":{\"@type\":\"PropertyValueSpecification\",\"valueRequired\":true,\"valueName\":\"search_term_string\"}}],\"inLanguage\":\"de\"}]}<\/script>\n<!-- \/ Yoast SEO plugin. -->","yoast_head_json":{"title":"PFC-Leistungsfaktorkorrekturfilter - Bluergo: Elektromagnetische Verfahrenstechnik","robots":{"index":"index","follow":"follow","max-snippet":"max-snippet:-1","max-image-preview":"max-image-preview:large","max-video-preview":"max-video-preview:-1"},"canonical":"https:\/\/bluergo.it\/de\/prodotti\/anwendung-haushaltsgerate\/pfc-leistungsfaktorkorrekturfilter","og_locale":"de_DE","og_type":"article","og_title":"PFC-Leistungsfaktorkorrekturfilter - Bluergo: Elektromagnetische Verfahrenstechnik","og_description":"Es handelt sich um Induktoren, die typischerweise f\u00fcr einphasige Transformatoren verwendet werden. Die Funktion besteht ausschlie\u00dflich darin, das Verh\u00e4ltnis zwischen Schein- und Wirkleistung zu verbessern und somit die Anzahl der Komponenten zu reduzieren, die die spezifischen Eigenschaften dieser Schaltung beeinflusst (Blindleistung): Dies verbessert den Wirkungsgrad der Stromerzeugung und -verteilung.","og_url":"https:\/\/bluergo.it\/de\/prodotti\/anwendung-haushaltsgerate\/pfc-leistungsfaktorkorrekturfilter","og_site_name":"Bluergo: Elektromagnetische Verfahrenstechnik","article_modified_time":"2018-01-10T15:51:23+00:00","og_image":[{"width":969,"height":875,"url":"https:\/\/bluergo.it\/wp-content\/uploads\/2017\/09\/GDX_3201.jpg","type":"image\/jpeg"}],"twitter_card":"summary_large_image","schema":{"@context":"https:\/\/schema.org","@graph":[{"@type":"WebPage","@id":"https:\/\/bluergo.it\/de\/prodotti\/anwendung-haushaltsgerate\/pfc-leistungsfaktorkorrekturfilter","url":"https:\/\/bluergo.it\/de\/prodotti\/anwendung-haushaltsgerate\/pfc-leistungsfaktorkorrekturfilter","name":"PFC-Leistungsfaktorkorrekturfilter - Bluergo: Elektromagnetische Verfahrenstechnik","isPartOf":{"@id":"https:\/\/bluergo.it\/#website"},"primaryImageOfPage":{"@id":"https:\/\/bluergo.it\/de\/prodotti\/anwendung-haushaltsgerate\/pfc-leistungsfaktorkorrekturfilter#primaryimage"},"image":{"@id":"https:\/\/bluergo.it\/de\/prodotti\/anwendung-haushaltsgerate\/pfc-leistungsfaktorkorrekturfilter#primaryimage"},"thumbnailUrl":"https:\/\/bluergo.it\/wp-content\/uploads\/2017\/09\/GDX_3201.jpg","datePublished":"2017-09-19T07:59:46+00:00","dateModified":"2018-01-10T15:51:23+00:00","breadcrumb":{"@id":"https:\/\/bluergo.it\/de\/prodotti\/anwendung-haushaltsgerate\/pfc-leistungsfaktorkorrekturfilter#breadcrumb"},"inLanguage":"de","potentialAction":[{"@type":"ReadAction","target":["https:\/\/bluergo.it\/de\/prodotti\/anwendung-haushaltsgerate\/pfc-leistungsfaktorkorrekturfilter"]}]},{"@type":"ImageObject","inLanguage":"de","@id":"https:\/\/bluergo.it\/de\/prodotti\/anwendung-haushaltsgerate\/pfc-leistungsfaktorkorrekturfilter#primaryimage","url":"https:\/\/bluergo.it\/wp-content\/uploads\/2017\/09\/GDX_3201.jpg","contentUrl":"https:\/\/bluergo.it\/wp-content\/uploads\/2017\/09\/GDX_3201.jpg","width":969,"height":875},{"@type":"BreadcrumbList","@id":"https:\/\/bluergo.it\/de\/prodotti\/anwendung-haushaltsgerate\/pfc-leistungsfaktorkorrekturfilter#breadcrumb","itemListElement":[{"@type":"ListItem","position":1,"name":"Home","item":"https:\/\/bluergo.it\/de"},{"@type":"ListItem","position":2,"name":"Prodotti","item":"https:\/\/bluergo.it\/shop"},{"@type":"ListItem","position":3,"name":"PFC-Leistungsfaktorkorrekturfilter"}]},{"@type":"WebSite","@id":"https:\/\/bluergo.it\/#website","url":"https:\/\/bluergo.it\/","name":"Bluergo: Elektromagnetische Verfahrenstechnik","description":"Design und Produktion von elektromagnetischen Komponenten","potentialAction":[{"@type":"SearchAction","target":{"@type":"EntryPoint","urlTemplate":"https:\/\/bluergo.it\/?s={search_term_string}"},"query-input":{"@type":"PropertyValueSpecification","valueRequired":true,"valueName":"search_term_string"}}],"inLanguage":"de"}]}},"_links":{"self":[{"href":"https:\/\/bluergo.it\/de\/wp-json\/wp\/v2\/product\/44319","targetHints":{"allow":["GET"]}}],"collection":[{"href":"https:\/\/bluergo.it\/de\/wp-json\/wp\/v2\/product"}],"about":[{"href":"https:\/\/bluergo.it\/de\/wp-json\/wp\/v2\/types\/product"}],"wp:featuredmedia":[{"embeddable":true,"href":"https:\/\/bluergo.it\/de\/wp-json\/wp\/v2\/media\/44513"}],"wp:attachment":[{"href":"https:\/\/bluergo.it\/de\/wp-json\/wp\/v2\/media?parent=44319"}],"wp:term":[{"taxonomy":"product_brand","embeddable":true,"href":"https:\/\/bluergo.it\/de\/wp-json\/wp\/v2\/product_brand?post=44319"},{"taxonomy":"product_cat","embeddable":true,"href":"https:\/\/bluergo.it\/de\/wp-json\/wp\/v2\/product_cat?post=44319"},{"taxonomy":"product_tag","embeddable":true,"href":"https:\/\/bluergo.it\/de\/wp-json\/wp\/v2\/product_tag?post=44319"}],"curies":[{"name":"wp","href":"https:\/\/api.w.org\/{rel}","templated":true}]}}