{"id":44313,"date":"2017-09-18T15:56:35","date_gmt":"2017-09-18T13:56:35","guid":{"rendered":"http:\/\/larindev.com\/bluergo\/de\/prodotti\/senza%20categoria\/speed-sensors"},"modified":"2018-01-10T16:41:24","modified_gmt":"2018-01-10T15:41:24","slug":"geschwindigkeitssensoren","status":"publish","type":"product","link":"https:\/\/bluergo.it\/de\/prodotti\/anwendung-haushaltsgerate\/geschwindigkeitssensoren","title":{"rendered":"Geschwindigkeitssensoren"},"content":{"rendered":"<div class=\"wpb-content-wrapper\"><p>[vc_row][vc_column]<div class=\"edgtf-unordered-list  edgtf-circle\"><ul>\n<li>Wicklung mit Dr\u00e4hten der Klasse F oder H und mit Durchmessern zwischen 0,08 und 0,25mm.<\/li>\n<li>Vollst\u00e4ndige Vergu\u00dfkapselung mit verschiedenen Kunststoffmaterialien, wie z. B. PA PP oder PBT.<\/li>\n<li>Der Anschluss nach au\u00dfen erfolgt \u00fcber zwei Kabel mit variabler L\u00e4nge.<\/li>\n<\/ul>\n<\/div>[\/vc_column][\/vc_row]<\/p>\n<\/div>","protected":false},"excerpt":{"rendered":"<p>Die Spulen werden haupts\u00e4chlich in herk\u00f6mmlichen Motoren f\u00fcr Haushaltsger\u00e4te und insbesondere f\u00fcr Waschmaschinen verwendet. Sie werden normalerweise in Motoren angebracht und erfassen die Drehzahl des Rotors, wobei ein Spannungssignal proportional zur Anzahl der Umdrehungen gegeben wird.<\/p>\n<p>In den meisten F\u00e4llen werden sie in Zusammenarbeit mit dem Kunden gem\u00e4\u00df den spezifischen Anforderungen jedes einzelnen Motors entwickelt.<\/p>\n","protected":false},"featured_media":44514,"template":"","meta":{"_acf_changed":false},"product_brand":[],"product_cat":[97],"product_tag":[],"class_list":{"0":"post-44313","1":"product","2":"type-product","3":"status-publish","4":"has-post-thumbnail","6":"product_cat-anwendung-haushaltsgerate","8":"first","9":"instock","10":"shipping-taxable","11":"product-type-simple"},"acf":[],"yoast_head":"<!-- This site is optimized with the Yoast SEO plugin v27.4 - https:\/\/yoast.com\/product\/yoast-seo-wordpress\/ -->\n<title>Geschwindigkeitssensoren - Bluergo: Elektromagnetische Verfahrenstechnik<\/title>\n<meta name=\"robots\" content=\"index, follow, max-snippet:-1, max-image-preview:large, max-video-preview:-1\" \/>\n<link rel=\"canonical\" href=\"https:\/\/bluergo.it\/de\/prodotti\/anwendung-haushaltsgerate\/geschwindigkeitssensoren\" \/>\n<meta property=\"og:locale\" content=\"de_DE\" \/>\n<meta property=\"og:type\" content=\"article\" \/>\n<meta property=\"og:title\" content=\"Geschwindigkeitssensoren - Bluergo: Elektromagnetische Verfahrenstechnik\" \/>\n<meta property=\"og:description\" content=\"Die Spulen werden haupts\u00e4chlich in herk\u00f6mmlichen Motoren f\u00fcr Haushaltsger\u00e4te und insbesondere f\u00fcr Waschmaschinen verwendet. Sie werden normalerweise in Motoren angebracht und erfassen die Drehzahl des Rotors, wobei ein Spannungssignal proportional zur Anzahl der Umdrehungen gegeben wird.  In den meisten F\u00e4llen werden sie in Zusammenarbeit mit dem Kunden gem\u00e4\u00df den spezifischen Anforderungen jedes einzelnen Motors entwickelt.\" \/>\n<meta property=\"og:url\" content=\"https:\/\/bluergo.it\/de\/prodotti\/anwendung-haushaltsgerate\/geschwindigkeitssensoren\" \/>\n<meta property=\"og:site_name\" content=\"Bluergo: Elektromagnetische Verfahrenstechnik\" \/>\n<meta property=\"article:modified_time\" content=\"2018-01-10T15:41:24+00:00\" \/>\n<meta property=\"og:image\" content=\"https:\/\/bluergo.it\/wp-content\/uploads\/2017\/09\/GDX_3247-1.jpg\" \/>\n\t<meta property=\"og:image:width\" content=\"969\" \/>\n\t<meta property=\"og:image:height\" content=\"875\" \/>\n\t<meta property=\"og:image:type\" content=\"image\/jpeg\" \/>\n<meta name=\"twitter:card\" content=\"summary_large_image\" \/>\n<script type=\"application\/ld+json\" class=\"yoast-schema-graph\">{\"@context\":\"https:\\\/\\\/schema.org\",\"@graph\":[{\"@type\":\"WebPage\",\"@id\":\"https:\\\/\\\/bluergo.it\\\/de\\\/prodotti\\\/anwendung-haushaltsgerate\\\/geschwindigkeitssensoren\",\"url\":\"https:\\\/\\\/bluergo.it\\\/de\\\/prodotti\\\/anwendung-haushaltsgerate\\\/geschwindigkeitssensoren\",\"name\":\"Geschwindigkeitssensoren - Bluergo: Elektromagnetische Verfahrenstechnik\",\"isPartOf\":{\"@id\":\"https:\\\/\\\/bluergo.it\\\/#website\"},\"primaryImageOfPage\":{\"@id\":\"https:\\\/\\\/bluergo.it\\\/de\\\/prodotti\\\/anwendung-haushaltsgerate\\\/geschwindigkeitssensoren#primaryimage\"},\"image\":{\"@id\":\"https:\\\/\\\/bluergo.it\\\/de\\\/prodotti\\\/anwendung-haushaltsgerate\\\/geschwindigkeitssensoren#primaryimage\"},\"thumbnailUrl\":\"https:\\\/\\\/bluergo.it\\\/wp-content\\\/uploads\\\/2017\\\/09\\\/GDX_3247-1.jpg\",\"datePublished\":\"2017-09-18T13:56:35+00:00\",\"dateModified\":\"2018-01-10T15:41:24+00:00\",\"breadcrumb\":{\"@id\":\"https:\\\/\\\/bluergo.it\\\/de\\\/prodotti\\\/anwendung-haushaltsgerate\\\/geschwindigkeitssensoren#breadcrumb\"},\"inLanguage\":\"de\",\"potentialAction\":[{\"@type\":\"ReadAction\",\"target\":[\"https:\\\/\\\/bluergo.it\\\/de\\\/prodotti\\\/anwendung-haushaltsgerate\\\/geschwindigkeitssensoren\"]}]},{\"@type\":\"ImageObject\",\"inLanguage\":\"de\",\"@id\":\"https:\\\/\\\/bluergo.it\\\/de\\\/prodotti\\\/anwendung-haushaltsgerate\\\/geschwindigkeitssensoren#primaryimage\",\"url\":\"https:\\\/\\\/bluergo.it\\\/wp-content\\\/uploads\\\/2017\\\/09\\\/GDX_3247-1.jpg\",\"contentUrl\":\"https:\\\/\\\/bluergo.it\\\/wp-content\\\/uploads\\\/2017\\\/09\\\/GDX_3247-1.jpg\",\"width\":969,\"height\":875},{\"@type\":\"BreadcrumbList\",\"@id\":\"https:\\\/\\\/bluergo.it\\\/de\\\/prodotti\\\/anwendung-haushaltsgerate\\\/geschwindigkeitssensoren#breadcrumb\",\"itemListElement\":[{\"@type\":\"ListItem\",\"position\":1,\"name\":\"Home\",\"item\":\"https:\\\/\\\/bluergo.it\\\/de\"},{\"@type\":\"ListItem\",\"position\":2,\"name\":\"Prodotti\",\"item\":\"https:\\\/\\\/bluergo.it\\\/shop\"},{\"@type\":\"ListItem\",\"position\":3,\"name\":\"Geschwindigkeitssensoren\"}]},{\"@type\":\"WebSite\",\"@id\":\"https:\\\/\\\/bluergo.it\\\/#website\",\"url\":\"https:\\\/\\\/bluergo.it\\\/\",\"name\":\"Bluergo: Elektromagnetische Verfahrenstechnik\",\"description\":\"Design und Produktion von elektromagnetischen Komponenten\",\"potentialAction\":[{\"@type\":\"SearchAction\",\"target\":{\"@type\":\"EntryPoint\",\"urlTemplate\":\"https:\\\/\\\/bluergo.it\\\/?s={search_term_string}\"},\"query-input\":{\"@type\":\"PropertyValueSpecification\",\"valueRequired\":true,\"valueName\":\"search_term_string\"}}],\"inLanguage\":\"de\"}]}<\/script>\n<!-- \/ Yoast SEO plugin. -->","yoast_head_json":{"title":"Geschwindigkeitssensoren - Bluergo: Elektromagnetische Verfahrenstechnik","robots":{"index":"index","follow":"follow","max-snippet":"max-snippet:-1","max-image-preview":"max-image-preview:large","max-video-preview":"max-video-preview:-1"},"canonical":"https:\/\/bluergo.it\/de\/prodotti\/anwendung-haushaltsgerate\/geschwindigkeitssensoren","og_locale":"de_DE","og_type":"article","og_title":"Geschwindigkeitssensoren - Bluergo: Elektromagnetische Verfahrenstechnik","og_description":"Die Spulen werden haupts\u00e4chlich in herk\u00f6mmlichen Motoren f\u00fcr Haushaltsger\u00e4te und insbesondere f\u00fcr Waschmaschinen verwendet. Sie werden normalerweise in Motoren angebracht und erfassen die Drehzahl des Rotors, wobei ein Spannungssignal proportional zur Anzahl der Umdrehungen gegeben wird.  In den meisten F\u00e4llen werden sie in Zusammenarbeit mit dem Kunden gem\u00e4\u00df den spezifischen Anforderungen jedes einzelnen Motors entwickelt.","og_url":"https:\/\/bluergo.it\/de\/prodotti\/anwendung-haushaltsgerate\/geschwindigkeitssensoren","og_site_name":"Bluergo: Elektromagnetische Verfahrenstechnik","article_modified_time":"2018-01-10T15:41:24+00:00","og_image":[{"width":969,"height":875,"url":"https:\/\/bluergo.it\/wp-content\/uploads\/2017\/09\/GDX_3247-1.jpg","type":"image\/jpeg"}],"twitter_card":"summary_large_image","schema":{"@context":"https:\/\/schema.org","@graph":[{"@type":"WebPage","@id":"https:\/\/bluergo.it\/de\/prodotti\/anwendung-haushaltsgerate\/geschwindigkeitssensoren","url":"https:\/\/bluergo.it\/de\/prodotti\/anwendung-haushaltsgerate\/geschwindigkeitssensoren","name":"Geschwindigkeitssensoren - Bluergo: Elektromagnetische Verfahrenstechnik","isPartOf":{"@id":"https:\/\/bluergo.it\/#website"},"primaryImageOfPage":{"@id":"https:\/\/bluergo.it\/de\/prodotti\/anwendung-haushaltsgerate\/geschwindigkeitssensoren#primaryimage"},"image":{"@id":"https:\/\/bluergo.it\/de\/prodotti\/anwendung-haushaltsgerate\/geschwindigkeitssensoren#primaryimage"},"thumbnailUrl":"https:\/\/bluergo.it\/wp-content\/uploads\/2017\/09\/GDX_3247-1.jpg","datePublished":"2017-09-18T13:56:35+00:00","dateModified":"2018-01-10T15:41:24+00:00","breadcrumb":{"@id":"https:\/\/bluergo.it\/de\/prodotti\/anwendung-haushaltsgerate\/geschwindigkeitssensoren#breadcrumb"},"inLanguage":"de","potentialAction":[{"@type":"ReadAction","target":["https:\/\/bluergo.it\/de\/prodotti\/anwendung-haushaltsgerate\/geschwindigkeitssensoren"]}]},{"@type":"ImageObject","inLanguage":"de","@id":"https:\/\/bluergo.it\/de\/prodotti\/anwendung-haushaltsgerate\/geschwindigkeitssensoren#primaryimage","url":"https:\/\/bluergo.it\/wp-content\/uploads\/2017\/09\/GDX_3247-1.jpg","contentUrl":"https:\/\/bluergo.it\/wp-content\/uploads\/2017\/09\/GDX_3247-1.jpg","width":969,"height":875},{"@type":"BreadcrumbList","@id":"https:\/\/bluergo.it\/de\/prodotti\/anwendung-haushaltsgerate\/geschwindigkeitssensoren#breadcrumb","itemListElement":[{"@type":"ListItem","position":1,"name":"Home","item":"https:\/\/bluergo.it\/de"},{"@type":"ListItem","position":2,"name":"Prodotti","item":"https:\/\/bluergo.it\/shop"},{"@type":"ListItem","position":3,"name":"Geschwindigkeitssensoren"}]},{"@type":"WebSite","@id":"https:\/\/bluergo.it\/#website","url":"https:\/\/bluergo.it\/","name":"Bluergo: Elektromagnetische Verfahrenstechnik","description":"Design und Produktion von elektromagnetischen Komponenten","potentialAction":[{"@type":"SearchAction","target":{"@type":"EntryPoint","urlTemplate":"https:\/\/bluergo.it\/?s={search_term_string}"},"query-input":{"@type":"PropertyValueSpecification","valueRequired":true,"valueName":"search_term_string"}}],"inLanguage":"de"}]}},"_links":{"self":[{"href":"https:\/\/bluergo.it\/de\/wp-json\/wp\/v2\/product\/44313","targetHints":{"allow":["GET"]}}],"collection":[{"href":"https:\/\/bluergo.it\/de\/wp-json\/wp\/v2\/product"}],"about":[{"href":"https:\/\/bluergo.it\/de\/wp-json\/wp\/v2\/types\/product"}],"wp:featuredmedia":[{"embeddable":true,"href":"https:\/\/bluergo.it\/de\/wp-json\/wp\/v2\/media\/44514"}],"wp:attachment":[{"href":"https:\/\/bluergo.it\/de\/wp-json\/wp\/v2\/media?parent=44313"}],"wp:term":[{"taxonomy":"product_brand","embeddable":true,"href":"https:\/\/bluergo.it\/de\/wp-json\/wp\/v2\/product_brand?post=44313"},{"taxonomy":"product_cat","embeddable":true,"href":"https:\/\/bluergo.it\/de\/wp-json\/wp\/v2\/product_cat?post=44313"},{"taxonomy":"product_tag","embeddable":true,"href":"https:\/\/bluergo.it\/de\/wp-json\/wp\/v2\/product_tag?post=44313"}],"curies":[{"name":"wp","href":"https:\/\/api.w.org\/{rel}","templated":true}]}}