{"id":44383,"date":"2015-10-15T12:22:50","date_gmt":"2015-10-15T10:22:50","guid":{"rendered":"http:\/\/larindev.com\/bluergo\/de\/download"},"modified":"2025-02-06T13:04:08","modified_gmt":"2025-02-06T12:04:08","slug":"herunterladen","status":"publish","type":"page","link":"https:\/\/bluergo.it\/de\/herunterladen","title":{"rendered":"Herunterladen"},"content":{"rendered":"<div class=\"wpb-content-wrapper\"><p>[vc_row content_width=&#8220;grid&#8220; css=&#8220;.vc_custom_1505991931947{margin-top: 50px !important;margin-bottom: 50px !important;}&#8220;][vc_column width=&#8220;1\/2&#8243;]<div class=\"edgtf-info-card-holder clearfix\" style=\"text-align: center\">\n\t<div class=\"edgtf-info-card-initial\" >\n\t\t<div class=\"edgtf-info-card-inner\">\n\t\t\t<i class=\"edgtf-icon-font-awesome fa fa-file-pdf-o edgtf-info-card-icon edgtf-info-card-initial-icon\" style=\"\" ><\/i>\n\t\t\t\t\t\t\t<h6 class=\"edgtf-info-card-title edgtf-info-card-initial-title\" >\n\t\t\t\t\tProduktkatalog IT - EN - DE\t\t\t\t<\/h6>\n\t\t\t\n\t\t\t\t\t\t\t<span class=\"edgtf-info-card-separator edgtf-info-card-initial-separator\" ><\/span>\n\t\t\t\t\n\n\t\t\t\t\t\t\t<p class=\"edgtf-info-card-text edgtf-info-card-initial-text\" >PDF - 2.2 MB<\/p>\n\t\t\t\t\t<\/div>\t\n\t<\/div>\n\t<div class=\"edgtf-info-card-hover\" >\n\t\t<div class=\"edgtf-info-card-inner\">\n\t\t\t<i class=\"edgtf-icon-linea-icon icon-basic-elaboration-document-download edgtf-info-card-icon edgtf-info-card-hover-icon\" style=\"\" ><\/i>\n\t\t\t\t\t\t\t<h6 class=\"edgtf-info-card-title edgtf-info-card-hover-title\" >\n\t\t\t\t\tDOWNLOAD\t\t\t\t<\/h6>\n\t\t\t\n\t\t\t\t\t\t\t<span class=\"edgtf-info-card-separator edgtf-info-card-hover-separator\" ><\/span>\n\t\t\t\t\n\n\t\t\t\t\t\t\t<p class=\"edgtf-info-card-text edgtf-info-card-hover-text\" >PDF - 2.2 MB<\/p>\n\t\t\t\t\t<\/div>\n\t<\/div>\n\t        <a class=\"edgtf-info-card-link\" href=\"https:\/\/bluergo.it\/wp-content\/uploads\/2018\/01\/CAT.-IT-EN-DE-1_18.pdf\" target=\"_blank\"><\/a>\n    <\/div>[vc_empty_space height=&#8220;5px&#8220;][\/vc_column][vc_column width=&#8220;1\/2&#8243;]<div class=\"edgtf-info-card-holder clearfix\" style=\"text-align: center\">\n\t<div class=\"edgtf-info-card-initial\" >\n\t\t<div class=\"edgtf-info-card-inner\">\n\t\t\t<i class=\"edgtf-icon-font-awesome fa fa-file-pdf-o edgtf-info-card-icon edgtf-info-card-initial-icon\" style=\"\" ><\/i>\n\t\t\t\t\t\t\t<h6 class=\"edgtf-info-card-title edgtf-info-card-initial-title\" >\n\t\t\t\t\tProduktkatalog IT - EN - FR\t\t\t\t<\/h6>\n\t\t\t\n\t\t\t\t\t\t\t<span class=\"edgtf-info-card-separator edgtf-info-card-initial-separator\" ><\/span>\n\t\t\t\t\n\n\t\t\t\t\t\t\t<p class=\"edgtf-info-card-text edgtf-info-card-initial-text\" >PDF - 2.2 MB<\/p>\n\t\t\t\t\t<\/div>\t\n\t<\/div>\n\t<div class=\"edgtf-info-card-hover\" >\n\t\t<div class=\"edgtf-info-card-inner\">\n\t\t\t<i class=\"edgtf-icon-linea-icon icon-basic-elaboration-document-download edgtf-info-card-icon edgtf-info-card-hover-icon\" style=\"\" ><\/i>\n\t\t\t\t\t\t\t<h6 class=\"edgtf-info-card-title edgtf-info-card-hover-title\" >\n\t\t\t\t\tDOWNLOAD\t\t\t\t<\/h6>\n\t\t\t\n\t\t\t\t\t\t\t<span class=\"edgtf-info-card-separator edgtf-info-card-hover-separator\" ><\/span>\n\t\t\t\t\n\n\t\t\t\t\t\t\t<p class=\"edgtf-info-card-text edgtf-info-card-hover-text\" >PDF - 2.2 MB<\/p>\n\t\t\t\t\t<\/div>\n\t<\/div>\n\t        <a class=\"edgtf-info-card-link\" href=\"https:\/\/bluergo.it\/wp-content\/uploads\/2018\/01\/CAT.-IT-EN-FR-1_18.pdf\" target=\"_blank\"><\/a>\n    <\/div>[vc_empty_space height=&#8220;5px&#8220;][\/vc_column][\/vc_row][vc_row content_width=&#8220;grid&#8220; css=&#8220;.vc_custom_1505991931947{margin-top: 50px !important;margin-bottom: 50px !important;}&#8220;][vc_column width=&#8220;1\/2&#8243;]<div class=\"edgtf-info-card-holder clearfix\" style=\"text-align: center\">\n\t<div class=\"edgtf-info-card-initial\" >\n\t\t<div class=\"edgtf-info-card-inner\">\n\t\t\t<i class=\"edgtf-icon-font-awesome fa fa-file-pdf-o edgtf-info-card-icon edgtf-info-card-initial-icon\" style=\"\" ><\/i>\n\t\t\t\t\t\t\t<h6 class=\"edgtf-info-card-title edgtf-info-card-initial-title\" >\n\t\t\t\t\tFirmenpr\u00e4sentation DE - IT - EN\t\t\t\t<\/h6>\n\t\t\t\n\t\t\t\t\t\t\t<span class=\"edgtf-info-card-separator edgtf-info-card-initial-separator\" ><\/span>\n\t\t\t\t\n\n\t\t\t\t\t\t\t<p class=\"edgtf-info-card-text edgtf-info-card-initial-text\" >PDF - 1 MB<\/p>\n\t\t\t\t\t<\/div>\t\n\t<\/div>\n\t<div class=\"edgtf-info-card-hover\" >\n\t\t<div class=\"edgtf-info-card-inner\">\n\t\t\t<i class=\"edgtf-icon-linea-icon icon-basic-elaboration-document-download edgtf-info-card-icon edgtf-info-card-hover-icon\" style=\"\" ><\/i>\n\t\t\t\t\t\t\t<h6 class=\"edgtf-info-card-title edgtf-info-card-hover-title\" >\n\t\t\t\t\tDOWNLOAD\t\t\t\t<\/h6>\n\t\t\t\n\t\t\t\t\t\t\t<span class=\"edgtf-info-card-separator edgtf-info-card-hover-separator\" ><\/span>\n\t\t\t\t\n\n\t\t\t\t\t\t\t<p class=\"edgtf-info-card-text edgtf-info-card-hover-text\" >PDF - 1 MB<\/p>\n\t\t\t\t\t<\/div>\n\t<\/div>\n\t        <a class=\"edgtf-info-card-link\" href=\"https:\/\/bluergo.it\/wp-content\/uploads\/2018\/01\/COMP.PROFILE-IT-EN-DE-1_18.pdf\" target=\"_blank\"><\/a>\n    <\/div>[vc_empty_space height=&#8220;5px&#8220;][\/vc_column][vc_column width=&#8220;1\/2&#8243;]<div class=\"edgtf-info-card-holder clearfix\" style=\"text-align: center\">\n\t<div class=\"edgtf-info-card-initial\" >\n\t\t<div class=\"edgtf-info-card-inner\">\n\t\t\t<i class=\"edgtf-icon-font-awesome fa fa-file-pdf-o edgtf-info-card-icon edgtf-info-card-initial-icon\" style=\"\" ><\/i>\n\t\t\t\t\t\t\t<h6 class=\"edgtf-info-card-title edgtf-info-card-initial-title\" >\n\t\t\t\t\tZertifikat IT - EN\t\t\t\t<\/h6>\n\t\t\t\n\t\t\t\t\t\t\t<span class=\"edgtf-info-card-separator edgtf-info-card-initial-separator\" ><\/span>\n\t\t\t\t\n\n\t\t\t\t\t\t\t<p class=\"edgtf-info-card-text edgtf-info-card-initial-text\" >PDF - 3 MB<\/p>\n\t\t\t\t\t<\/div>\t\n\t<\/div>\n\t<div class=\"edgtf-info-card-hover\" >\n\t\t<div class=\"edgtf-info-card-inner\">\n\t\t\t<i class=\"edgtf-icon-linea-icon icon-basic-elaboration-document-download edgtf-info-card-icon edgtf-info-card-hover-icon\" style=\"\" ><\/i>\n\t\t\t\t\t\t\t<h6 class=\"edgtf-info-card-title edgtf-info-card-hover-title\" >\n\t\t\t\t\tDOWNLOAD\t\t\t\t<\/h6>\n\t\t\t\n\t\t\t\t\t\t\t<span class=\"edgtf-info-card-separator edgtf-info-card-hover-separator\" ><\/span>\n\t\t\t\t\n\n\t\t\t\t\t\t\t<p class=\"edgtf-info-card-text edgtf-info-card-hover-text\" >PDF - 3 MB<\/p>\n\t\t\t\t\t<\/div>\n\t<\/div>\n\t        <a class=\"edgtf-info-card-link\" href=\"http:\/\/bluergo.it\/wp-content\/uploads\/2025\/02\/CEE1.pdf\" target=\"_blank\"><\/a>\n    <\/div>[vc_empty_space height=&#8220;5px&#8220;][\/vc_column][\/vc_row][vc_row content_width=&#8220;grid&#8220; css=&#8220;.vc_custom_1505991931947{margin-top: 50px !important;margin-bottom: 50px !important;}&#8220;][vc_column width=&#8220;1\/2&#8243;]<div class=\"edgtf-info-card-holder clearfix\" style=\"text-align: center\">\n\t<div class=\"edgtf-info-card-initial\" >\n\t\t<div class=\"edgtf-info-card-inner\">\n\t\t\t<i class=\"edgtf-icon-font-awesome fa fa-file-pdf-o edgtf-info-card-icon edgtf-info-card-initial-icon\" style=\"\" ><\/i>\n\t\t\t\t\t\t\t<h6 class=\"edgtf-info-card-title edgtf-info-card-initial-title\" >\n\t\t\t\t\tZertifikat IATF 16949:2016 IT - EN\t\t\t\t<\/h6>\n\t\t\t\n\t\t\t\t\t\t\t<span class=\"edgtf-info-card-separator edgtf-info-card-initial-separator\" ><\/span>\n\t\t\t\t\n\n\t\t\t\t\t\t\t<p class=\"edgtf-info-card-text edgtf-info-card-initial-text\" >PDF - 0,5 MB<\/p>\n\t\t\t\t\t<\/div>\t\n\t<\/div>\n\t<div class=\"edgtf-info-card-hover\" >\n\t\t<div class=\"edgtf-info-card-inner\">\n\t\t\t<i class=\"edgtf-icon-linea-icon icon-basic-elaboration-document-download edgtf-info-card-icon edgtf-info-card-hover-icon\" style=\"\" ><\/i>\n\t\t\t\t\t\t\t<h6 class=\"edgtf-info-card-title edgtf-info-card-hover-title\" >\n\t\t\t\t\tDOWNLOAD\t\t\t\t<\/h6>\n\t\t\t\n\t\t\t\t\t\t\t<span class=\"edgtf-info-card-separator edgtf-info-card-hover-separator\" ><\/span>\n\t\t\t\t\n\n\t\t\t\t\t\t\t<p class=\"edgtf-info-card-text edgtf-info-card-hover-text\" >PDF - 0,5 MB<\/p>\n\t\t\t\t\t<\/div>\n\t<\/div>\n\t        <a class=\"edgtf-info-card-link\" href=\"http:\/\/bluergo.it\/wp-content\/uploads\/2025\/02\/Certificato-IATF2.pdf\" target=\"_blank\"><\/a>\n    <\/div>[vc_empty_space height=&#8220;5px&#8220;][\/vc_column][vc_column width=&#8220;1\/2&#8243;]<div class=\"edgtf-info-card-holder clearfix\" style=\"text-align: center\">\n\t<div class=\"edgtf-info-card-initial\" >\n\t\t<div class=\"edgtf-info-card-inner\">\n\t\t\t<i class=\"edgtf-icon-font-awesome fa fa-file-pdf-o edgtf-info-card-icon edgtf-info-card-initial-icon\" style=\"\" ><\/i>\n\t\t\t\t\t\t\t<h6 class=\"edgtf-info-card-title edgtf-info-card-initial-title\" >\n\t\t\t\t\tEnergie Nachhaltigkeit und Umweltqualit\u00e4t IT - EN\t\t\t\t<\/h6>\n\t\t\t\n\t\t\t\t\t\t\t<span class=\"edgtf-info-card-separator edgtf-info-card-initial-separator\" ><\/span>\n\t\t\t\t\n\n\t\t\t\t\t\t\t<p class=\"edgtf-info-card-text edgtf-info-card-initial-text\" >PDF - 0,1 MB<\/p>\n\t\t\t\t\t<\/div>\t\n\t<\/div>\n\t<div class=\"edgtf-info-card-hover\" >\n\t\t<div class=\"edgtf-info-card-inner\">\n\t\t\t<i class=\"edgtf-icon-linea-icon icon-basic-elaboration-document-download edgtf-info-card-icon edgtf-info-card-hover-icon\" style=\"\" ><\/i>\n\t\t\t\t\t\t\t<h6 class=\"edgtf-info-card-title edgtf-info-card-hover-title\" >\n\t\t\t\t\tDOWNLOAD\t\t\t\t<\/h6>\n\t\t\t\n\t\t\t\t\t\t\t<span class=\"edgtf-info-card-separator edgtf-info-card-hover-separator\" ><\/span>\n\t\t\t\t\n\n\t\t\t\t\t\t\t<p class=\"edgtf-info-card-text edgtf-info-card-hover-text\" >PDF - 0,1 MB<\/p>\n\t\t\t\t\t<\/div>\n\t<\/div>\n\t        <a class=\"edgtf-info-card-link\" href=\"https:\/\/bluergo.it\/wp-content\/uploads\/2019\/05\/bluergo-targa_poster_MODELLO-DGR-1630.pdf\" target=\"_blank\"><\/a>\n    <\/div>[vc_empty_space height=&#8220;5px&#8220;][\/vc_column][\/vc_row]<\/p>\n<\/div>","protected":false},"excerpt":{"rendered":"<p>[vc_row content_width=&#8220;grid&#8220; css=&#8220;.vc_custom_1505991931947{margin-top: 50px !important;margin-bottom: 50px !important;}&#8220;][vc_column width=&#8220;1\/2&#8243;][vc_empty_space height=&#8220;5px&#8220;][\/vc_column][vc_column width=&#8220;1\/2&#8243;][vc_empty_space height=&#8220;5px&#8220;][\/vc_column][\/vc_row][vc_row content_width=&#8220;grid&#8220; css=&#8220;.vc_custom_1505991931947{margin-top: 50px !important;margin-bottom: 50px !important;}&#8220;][vc_column width=&#8220;1\/2&#8243;][vc_empty_space height=&#8220;5px&#8220;][\/vc_column][vc_column width=&#8220;1\/2&#8243;][vc_empty_space height=&#8220;5px&#8220;][\/vc_column][\/vc_row][vc_row content_width=&#8220;grid&#8220; css=&#8220;.vc_custom_1505991931947{margin-top: 50px !important;margin-bottom: 50px !important;}&#8220;][vc_column width=&#8220;1\/2&#8243;][vc_empty_space height=&#8220;5px&#8220;][\/vc_column][vc_column width=&#8220;1\/2&#8243;][vc_empty_space height=&#8220;5px&#8220;][\/vc_column][\/vc_row]<\/p>\n","protected":false},"author":1,"featured_media":0,"parent":0,"menu_order":0,"comment_status":"closed","ping_status":"closed","template":"full-width.php","meta":{"_acf_changed":false,"footnotes":""},"class_list":["post-44383","page","type-page","status-publish","hentry"],"acf":[],"yoast_head":"<!-- This site is optimized with the Yoast SEO plugin v27.4 - https:\/\/yoast.com\/product\/yoast-seo-wordpress\/ -->\n<title>Laden Sie den Produktkatalog herunter - Bluergo: Elektromagnetische Verfahrenstechnik<\/title>\n<meta name=\"description\" content=\"Sehen Sie den Katalog von Produkten und L\u00f6sungen, die von Bluergo f\u00fcr Haushaltsger\u00e4te, Automobile, Hausautomation, Domotik vorgeschlagen wurden.\" \/>\n<meta name=\"robots\" content=\"index, follow, max-snippet:-1, max-image-preview:large, max-video-preview:-1\" \/>\n<link rel=\"canonical\" href=\"https:\/\/bluergo.it\/de\/herunterladen\" \/>\n<meta property=\"og:locale\" content=\"de_DE\" \/>\n<meta property=\"og:type\" content=\"article\" \/>\n<meta property=\"og:title\" content=\"Laden Sie den Produktkatalog herunter - Bluergo: Elektromagnetische Verfahrenstechnik\" \/>\n<meta property=\"og:description\" content=\"Sehen Sie den Katalog von Produkten und L\u00f6sungen, die von Bluergo f\u00fcr Haushaltsger\u00e4te, Automobile, Hausautomation, Domotik vorgeschlagen wurden.\" \/>\n<meta property=\"og:url\" content=\"https:\/\/bluergo.it\/de\/herunterladen\" \/>\n<meta property=\"og:site_name\" content=\"Bluergo: Elektromagnetische Verfahrenstechnik\" \/>\n<meta property=\"article:modified_time\" content=\"2025-02-06T12:04:08+00:00\" \/>\n<meta name=\"twitter:card\" content=\"summary_large_image\" \/>\n<meta name=\"twitter:label1\" content=\"Gesch\u00e4tzte Lesezeit\" \/>\n\t<meta name=\"twitter:data1\" content=\"1\u00a0Minute\" \/>\n<script type=\"application\/ld+json\" class=\"yoast-schema-graph\">{\"@context\":\"https:\\\/\\\/schema.org\",\"@graph\":[{\"@type\":\"WebPage\",\"@id\":\"https:\\\/\\\/bluergo.it\\\/de\\\/herunterladen\",\"url\":\"https:\\\/\\\/bluergo.it\\\/de\\\/herunterladen\",\"name\":\"Laden Sie den Produktkatalog herunter - Bluergo: Elektromagnetische Verfahrenstechnik\",\"isPartOf\":{\"@id\":\"https:\\\/\\\/bluergo.it\\\/#website\"},\"datePublished\":\"2015-10-15T10:22:50+00:00\",\"dateModified\":\"2025-02-06T12:04:08+00:00\",\"description\":\"Sehen Sie den Katalog von Produkten und L\u00f6sungen, die von Bluergo f\u00fcr Haushaltsger\u00e4te, Automobile, Hausautomation, Domotik vorgeschlagen wurden.\",\"breadcrumb\":{\"@id\":\"https:\\\/\\\/bluergo.it\\\/de\\\/herunterladen#breadcrumb\"},\"inLanguage\":\"de\",\"potentialAction\":[{\"@type\":\"ReadAction\",\"target\":[\"https:\\\/\\\/bluergo.it\\\/de\\\/herunterladen\"]}]},{\"@type\":\"BreadcrumbList\",\"@id\":\"https:\\\/\\\/bluergo.it\\\/de\\\/herunterladen#breadcrumb\",\"itemListElement\":[{\"@type\":\"ListItem\",\"position\":1,\"name\":\"Home\",\"item\":\"https:\\\/\\\/bluergo.it\\\/de\"},{\"@type\":\"ListItem\",\"position\":2,\"name\":\"Herunterladen\"}]},{\"@type\":\"WebSite\",\"@id\":\"https:\\\/\\\/bluergo.it\\\/#website\",\"url\":\"https:\\\/\\\/bluergo.it\\\/\",\"name\":\"Bluergo: Elektromagnetische Verfahrenstechnik\",\"description\":\"Design und Produktion von elektromagnetischen Komponenten\",\"potentialAction\":[{\"@type\":\"SearchAction\",\"target\":{\"@type\":\"EntryPoint\",\"urlTemplate\":\"https:\\\/\\\/bluergo.it\\\/?s={search_term_string}\"},\"query-input\":{\"@type\":\"PropertyValueSpecification\",\"valueRequired\":true,\"valueName\":\"search_term_string\"}}],\"inLanguage\":\"de\"}]}<\/script>\n<!-- \/ Yoast SEO plugin. -->","yoast_head_json":{"title":"Laden Sie den Produktkatalog herunter - Bluergo: Elektromagnetische Verfahrenstechnik","description":"Sehen Sie den Katalog von Produkten und L\u00f6sungen, die von Bluergo f\u00fcr Haushaltsger\u00e4te, Automobile, Hausautomation, Domotik vorgeschlagen wurden.","robots":{"index":"index","follow":"follow","max-snippet":"max-snippet:-1","max-image-preview":"max-image-preview:large","max-video-preview":"max-video-preview:-1"},"canonical":"https:\/\/bluergo.it\/de\/herunterladen","og_locale":"de_DE","og_type":"article","og_title":"Laden Sie den Produktkatalog herunter - Bluergo: Elektromagnetische Verfahrenstechnik","og_description":"Sehen Sie den Katalog von Produkten und L\u00f6sungen, die von Bluergo f\u00fcr Haushaltsger\u00e4te, Automobile, Hausautomation, Domotik vorgeschlagen wurden.","og_url":"https:\/\/bluergo.it\/de\/herunterladen","og_site_name":"Bluergo: Elektromagnetische Verfahrenstechnik","article_modified_time":"2025-02-06T12:04:08+00:00","twitter_card":"summary_large_image","twitter_misc":{"Gesch\u00e4tzte Lesezeit":"1\u00a0Minute"},"schema":{"@context":"https:\/\/schema.org","@graph":[{"@type":"WebPage","@id":"https:\/\/bluergo.it\/de\/herunterladen","url":"https:\/\/bluergo.it\/de\/herunterladen","name":"Laden Sie den Produktkatalog herunter - Bluergo: Elektromagnetische Verfahrenstechnik","isPartOf":{"@id":"https:\/\/bluergo.it\/#website"},"datePublished":"2015-10-15T10:22:50+00:00","dateModified":"2025-02-06T12:04:08+00:00","description":"Sehen Sie den Katalog von Produkten und L\u00f6sungen, die von Bluergo f\u00fcr Haushaltsger\u00e4te, Automobile, Hausautomation, Domotik vorgeschlagen wurden.","breadcrumb":{"@id":"https:\/\/bluergo.it\/de\/herunterladen#breadcrumb"},"inLanguage":"de","potentialAction":[{"@type":"ReadAction","target":["https:\/\/bluergo.it\/de\/herunterladen"]}]},{"@type":"BreadcrumbList","@id":"https:\/\/bluergo.it\/de\/herunterladen#breadcrumb","itemListElement":[{"@type":"ListItem","position":1,"name":"Home","item":"https:\/\/bluergo.it\/de"},{"@type":"ListItem","position":2,"name":"Herunterladen"}]},{"@type":"WebSite","@id":"https:\/\/bluergo.it\/#website","url":"https:\/\/bluergo.it\/","name":"Bluergo: Elektromagnetische Verfahrenstechnik","description":"Design und Produktion von elektromagnetischen Komponenten","potentialAction":[{"@type":"SearchAction","target":{"@type":"EntryPoint","urlTemplate":"https:\/\/bluergo.it\/?s={search_term_string}"},"query-input":{"@type":"PropertyValueSpecification","valueRequired":true,"valueName":"search_term_string"}}],"inLanguage":"de"}]}},"_links":{"self":[{"href":"https:\/\/bluergo.it\/de\/wp-json\/wp\/v2\/pages\/44383","targetHints":{"allow":["GET"]}}],"collection":[{"href":"https:\/\/bluergo.it\/de\/wp-json\/wp\/v2\/pages"}],"about":[{"href":"https:\/\/bluergo.it\/de\/wp-json\/wp\/v2\/types\/page"}],"author":[{"embeddable":true,"href":"https:\/\/bluergo.it\/de\/wp-json\/wp\/v2\/users\/1"}],"replies":[{"embeddable":true,"href":"https:\/\/bluergo.it\/de\/wp-json\/wp\/v2\/comments?post=44383"}],"version-history":[{"count":11,"href":"https:\/\/bluergo.it\/de\/wp-json\/wp\/v2\/pages\/44383\/revisions"}],"predecessor-version":[{"id":45471,"href":"https:\/\/bluergo.it\/de\/wp-json\/wp\/v2\/pages\/44383\/revisions\/45471"}],"wp:attachment":[{"href":"https:\/\/bluergo.it\/de\/wp-json\/wp\/v2\/media?parent=44383"}],"curies":[{"name":"wp","href":"https:\/\/api.w.org\/{rel}","templated":true}]}}