{"id":44237,"date":"2017-09-12T15:42:31","date_gmt":"2017-09-12T13:42:31","guid":{"rendered":"http:\/\/larindev.com\/bluergo\/de\/cookie-policy"},"modified":"2018-09-18T15:43:40","modified_gmt":"2018-09-18T13:43:40","slug":"cookies-politique","status":"publish","type":"page","link":"https:\/\/bluergo.it\/de\/cookies-politique","title":{"rendered":"Cookies politique"},"content":{"rendered":"<div class=\"wpb-content-wrapper\"><p>[vc_row][vc_column][vc_column_text]<\/p>\n<h2 style=\"padding-top: 0;\">Cookie-Richtlinien von Bluergo Srl<\/h2>\n<p>Cookies bestehen aus Teilen von Codes, die im Browser installiert werden und dem Anbieter dabei helfen, die den erkl\u00e4rten Zwecken entsprechenden Dienste zur Verf\u00fcgung zu stellen. Einige der Zwecke, f\u00fcr die Cookies installiert werden, k\u00f6nnen auch die Einwilligung des Nutzers erfordern.<\/p>\n<p>Sofern die Installation von Cookies auf einer Einwilligung beruht, kann diese jederzeit nach den Anweisungen in diesem Dokument widerrufen werden.<\/p>\n<h3 id=\"technical_cookies\">Technische Cookies und Cookies, die aggregierten statistischen Zwecken dienen<\/h3>\n<ul class=\"for_boxes\">\n<li>\n<h3 class=\"expand-click w_icon_24 icon_general\">F\u00fcr die Funktionalit\u00e4t des Dienstes essenzielle Aktivit\u00e4ten<\/h3>\n<p>Diese Website benutzt Cookies, um Nutzer-Sessions zu speichern und um andere f\u00fcr den Betrieb essenzielle Aktivit\u00e4ten f\u00fcr diese Website durchzuf\u00fchren, zum Beispiel im Zusammenhang mit der Verteilung des Datenverkehrs.<\/li>\n<li>\n<h3 class=\"expand-click w_icon_24 icon_general\">Die Speicherung von Einstellungen, Optimierung und Statistiken betreffende Aktivit\u00e4ten<\/h3>\n<p>Diese Website verwendet Cookies, um Browser-Einstellungen zu speichern und um das Surf-Erlebnis des Nutzers zu optimieren. Zu diesen Cookies z\u00e4hlen beispielsweise jene, mit denen die Sprache und die W\u00e4hrung eingestellt werden oder solche f\u00fcr die Verwaltung von Erstanbieterstatistiken, die direkt vom Anbieter der Seite betrieben werden.<\/li>\n<\/ul>\n<h3 id=\"other_types_cookies\">Andere Arten von Cookies oder Dritte, die Cookies installieren<\/h3>\n<p>Einige der unten aufgelisteten Dienste verwalten Statistiken in aggregierter und anonymisierter Form und erfordern nicht unbedingt die Einwilligung des Nutzers oder k\u00f6nnen direkt vom Anbieter &#8211; abh\u00e4ngig von ihrer Beschreibung &#8211; ohne Hilfe von Drittanbietern betrieben werden.<\/p>\n<p>Sollten von Drittanbietern geleistete Dienste bei den unten stehenden Tools erscheinen, k\u00f6nnen diese dazu verwendet werden, um die Surfgewohnheiten des Nutzers nachzuvollziehen &#8211; zus\u00e4tzlich zu den hierin spezifizierten Informationen und ohne Wissen des Anbieters. F\u00fcr genauere Informationen ziehen Sie bitte die Datenschutzerkl\u00e4rungen der aufgelisteten Dienste zurate.<\/p>\n<ul class=\"for_boxes\">\n<li>\n<h3 class=\"expand-click w_icon_24 policyicon_purpose_672624\">Analytik<\/h3>\n<p>Mit den in diesem Abschnitt aufgef\u00fchrten Dienstleistungen kann der Eigent\u00fcmer den Datenverkehr \u00fcberwachen und analysieren sowie das Verhalten von Nutzern nachverfolgen.<\/p>\n<h4>Google Analytics (Google Inc.)<\/h4>\n<p>Google Analytics ist ein Webanalysedienst von Google Inc. (\u201eGoogle\u201c). Google verwendet die erhobenen Daten, um nachzuverfolgen und zu untersuchen, wie diese Website genutzt wird, Berichte \u00fcber ihre Aktivit\u00e4ten zu verfassen und diese gemeinsam mit anderen Google-Diensten zu nutzen.<br \/>\nGoogle kann die erhobenen Daten verwenden, um die Anzeigen seines eigenen Werbenetzwerks zu kontextualisieren und personalisieren.<\/p>\n<p>Erhobene personenbezogene Daten: Cookie und Nutzungsdaten.<\/p>\n<p>Verarbeitungsort: USA \u2013 <a href=\"https:\/\/www.google.com\/intl\/de\/policies\/privacy\/\" target=\"_blank\" rel=\"noopener noreferrer\">Datenschutzerkl\u00e4rung<\/a> \u2013 <a href=\"https:\/\/tools.google.com\/dlpage\/gaoptout?hl=de\" target=\"_blank\" rel=\"noopener\">Opt Out<\/a>.<\/p>\n<h4>Google AdWords Conversion-Tracking (Google Inc.)<\/h4>\n<p>Conversion-Tracking von AdWords ist ein Analysedienst von Google Inc., der die Daten vom Google AdWords-Werbenetzwerk mit den durch diese Website get\u00e4tigten Aktionen verbindet.<\/p>\n<p>Erhobene personenbezogene Daten: Cookie und Nutzungsdaten.<\/p>\n<p>Verarbeitungsort: Vereinigte Staaten \u2013 <a href=\"https:\/\/www.google.com\/intl\/de\/policies\/privacy\/\" target=\"_blank\" rel=\"noopener noreferrer\">Datenschutzerkl\u00e4rung<\/a>.<\/li>\n<li>\n<h3 class=\"expand-click w_icon_24 policyicon_purpose_1164683\">Anzeigen von Inhalten externer Plattformen<\/h3>\n<p>Mit dieser Art von Diensten k\u00f6nnen Nutzer sich Inhalte, die auf externen Plattformen gehostet werden, direkt \u00fcber diese Website anzeigen lassen und mit ihnen interagieren.<br \/>\nFalls ein solcher Dienst installiert ist, so kann er f\u00fcr die Seiten, auf denen er installiert ist, m\u00f6glicherweise auch dann Daten aus dem Datenverkehr erheben, wenn Nutzer ihn nicht verwenden.<\/p>\n<h4>Google-Maps-Widget (Google Inc.)<\/h4>\n<p>Google Maps ist ein von Google Inc. bereitgestellter Service zur Visualisierung von Karten, mit dem diese Website entsprechende Inhalte auf ihren Seiten einbinden kann.<\/p>\n<p>Erhobene personenbezogene Daten: Cookie und Nutzungsdaten.<\/p>\n<p>Verarbeitungsort: USA \u2013 <a href=\"https:\/\/www.google.it\/intl\/de\/policies\/privacy\/\" target=\"_blank\" rel=\"noopener noreferrer\">Datenschutzerkl\u00e4rung<\/a>.<\/p>\n<h4>YouTube-Video-Widget (Google Inc.)<\/h4>\n<p>YouTube ist ein von Google Inc. bereitgestellter Service zur Visualisierung von Videoinhalten, mit dem diese Website entsprechende Inhalte auf ihren Seiten einbinden kann.<\/p>\n<p>Erhobene personenbezogene Daten: Cookie und Nutzungsdaten.<\/p>\n<p>Verarbeitungsort: USA \u2013 <a href=\"http:\/\/www.google.it\/intl\/de\/policies\/privacy\/\" target=\"_blank\" rel=\"noopener noreferrer\">Datenschutzerkl\u00e4rung<\/a>.<\/li>\n<li>\n<h3 class=\"expand-click w_icon_24 policyicon_purpose_672633\">Interaktion mit externen sozialen Netzwerken und Plattformen<\/h3>\n<p>Diese Art von Diensten erm\u00f6glichen die Interaktion mit sozialen Netzwerken oder sonstigen externen Plattformen direkt \u00fcber diese Website.<br \/>\nDie Interaktion sowie die \u00fcber diese Website erhobenen Informationen unterliegen stets den von den Nutzern f\u00fcr das jeweilige soziale Netzwerk vorgenommenen Privatsph\u00e4re-Einstellungen.<br \/>\nFalls ein Dienst f\u00fcr die Interaktion mit sozialen Netzwerken installiert ist, so kann er f\u00fcr die Seiten, auf denen er installiert ist, auch dann Daten aus dem Datenverkehr erheben, wenn Nutzer den Dienst nicht verwenden.<\/p>\n<h4>\u201eGef\u00e4llt mir\u201c-Schaltfl\u00e4che und soziale Widgets f\u00fcr Facebook (Facebook, Inc.)<\/h4>\n<p>Die \u201eGef\u00e4llt mir\u201c-Schaltfl\u00e4che und sozialen Widgets f\u00fcr Facebook sind Dienste f\u00fcr die Interaktion mit dem sozialen Netzwerk Facebook von Facebook, Inc.<\/p>\n<p>Erhobene personenbezogene Daten: Cookie und Nutzungsdaten.<\/p>\n<p>Verarbeitungsort: USA \u2013 <a href=\"https:\/\/www.facebook.com\/privacy\/explanation\" target=\"_blank\" rel=\"noopener noreferrer\">Datenschutzerkl\u00e4rung<\/a>.<\/p>\n<h4>Tweet-Schaltfl\u00e4che und soziale Widgets f\u00fcr Twitter (Twitter, Inc.)<\/h4>\n<p>Die Tweet-Schaltfl\u00e4che und sozialen Widgets f\u00fcr Twitter sind Dienste f\u00fcr die Interaktion mit dem sozialen Netzwerk Twitter von Twitter, Inc.<\/p>\n<p>Erhobene personenbezogene Daten: Cookie und Nutzungsdaten.<\/p>\n<p>Verarbeitungsort: USA \u2013 <a href=\"https:\/\/twitter.com\/privacy\" target=\"_blank\" rel=\"noopener noreferrer\">Datenschutzerkl\u00e4rung<\/a>.<\/p>\n<h4>+1-Schaltfl\u00e4che und soziale Widgets f\u00fcr Google+ (Google Inc.)<\/h4>\n<p>Die +1-Schaltfl\u00e4che und sozialen Widgets f\u00fcr Google+ sind Dienste f\u00fcr die Interaktion mit dem sozialen Netzwerk Google+ von Google Inc.<\/p>\n<p>Erhobene personenbezogene Daten: Cookie und Nutzungsdaten.<\/p>\n<p>Verarbeitungsort: USA \u2013 <a href=\"https:\/\/www.google.com\/intl\/policies\/privacy\/\" target=\"_blank\" rel=\"noopener noreferrer\">Datenschutzerkl\u00e4rung<\/a>.<\/li>\n<li>\n<h3 class=\"expand-click w_icon_24 policyicon_purpose_4590476\">Optimierung und Verbreitung des Datenverkehrs<\/h3>\n<p>Mit dieser Art von Diensten kann diese Website ihre Inhalte \u00fcber in verschiedenen L\u00e4ndern befindliche Server verbreiten und ihre Leistung optimieren.<br \/>\nWelche personenbezogenen Daten verarbeitet werden, h\u00e4ngt von den Eigenschaften und der Art der Ausf\u00fchrung der Dienste ab, deren Funktion das Filtern der \u00fcber diese Website und den Browser des Nutzers stattfindenden Kommunikation ist.<br \/>\nAngesichts der weiten Verbreitung dieses Systems ist es schwierig, die Orte zu bestimmen, an die Inhalte mit personenbezogenen Daten von Nutzern vermittelt werden.<\/p>\n<h4>Cloudflare (Cloudflare)<\/h4>\n<p>Cloudflare ist ein von Cloudflare Inc. bereitgestellter Dienst f\u00fcr die Optimierung und Verbreitung des Datenverkehrs.<br \/>\nDurch die Art und Weise, wie die Funktionen von Cloudflare integriert sind, filtert der Dienst den gesamten \u00fcber diese Website stattfindenden Datenverkehr, d. h. die \u00fcber diese Website und den Browser des Nutzers stattfindende Kommunikation, und erm\u00f6glicht zugleich das Sammeln analytischer Daten, die diese Website enth\u00e4lt.<\/p>\n<p>Erhobene personenbezogene Daten: Cookie und verschiedene Datenarten, wie in der Datenschutzerkl\u00e4rung des Dienstes beschrieben.<\/p>\n<p>Verarbeitungsort: Vereinigte Staaten \u2013 <a href=\"https:\/\/www.cloudflare.com\/security-policy\/\" target=\"_blank\" rel=\"noopener noreferrer\">Datenschutzerkl\u00e4rung<\/a>.<\/li>\n<li>\n<h3 class=\"expand-click w_icon_24 policyicon_purpose_4590444\">Remarketing und Behavioural-Targeting<\/h3>\n<p>Mit dieser Art von Diensten k\u00f6nnen diese Website und ihre Partner analysieren, wie diese Website in vorherigen Sitzungen des Nutzers verwendet wurde, um Werbung gezielt zu verbreiten, zu optimieren und einzusetzen.<br \/>\nDiese Aktivit\u00e4t erfolgt durch Nachverfolgung der Nutzungsdaten und Verwendung von Cookies \u2013 Informationen, die den f\u00fcr die Remarketing- und Behavioural-Targeting-Kampagnen zust\u00e4ndigen Partnern \u00fcbersandt werden.<br \/>\nZus\u00e4tzlich zu jeder Ausschlussoption (oder Opt-out-Option), die von den unten aufgef\u00fchrten Diensten angeboten wird, kann der Nutzer die Verwendung von Cookies durch dritte Dienste ausschlie\u00dfen, indem er die <a href=\"http:\/\/optout.networkadvertising.org\/\">Opt-out-Seite der Network Advertising Initiative besucht<\/a>.<\/p>\n<h4>Facebook Remarketing (Facebook, Inc.)<\/h4>\n<p>Facebook Remarketing ist ein Remarketing- und Behavioural-Targeting-Dienst von Facebook, Inc., der die \u00fcber diese Website stattfindende Aktivit\u00e4t mit dem Facebook -Werbenetzwerk verbindet.<\/p>\n<p>Erhobene personenbezogene Daten: Cookie und Nutzungsdaten.<\/p>\n<p>Verarbeitungsort: Vereinigte Staaten \u2013 <a href=\"https:\/\/www.facebook.com\/about\/privacy\/\" target=\"_blank\" rel=\"noopener noreferrer\">Datenschutzerkl\u00e4rung<\/a> \u2013 <a href=\"https:\/\/www.aboutads.info\/choices\/\">Opt Out<\/a>.<\/p>\n<h4>AdWords Remarketing (Google Inc.)<\/h4>\n<p>AdWords Remarketing ist ein Remarketing- und Behavioural-Targeting-Dienst von Google Inc., der die \u00fcber diese Website stattfindende Aktivit\u00e4t mit dem Adwords-Werbenetzwerk und dem Doubleclick-Cookie verbindet.<\/p>\n<p>Erhobene personenbezogene Daten: Cookie und Nutzungsdaten.<\/p>\n<p>Verarbeitungsort: Vereinigte Staaten \u2013 <a href=\"http:\/\/www.google.com\/intl\/en\/policies\/privacy\/\" target=\"_blank\" rel=\"noopener noreferrer\">Datenschutzerkl\u00e4rung<\/a> \u2013 <a href=\"https:\/\/www.google.com\/settings\/ads\/onweb\/optout\">Opt Out<\/a>.<\/li>\n<li>\n<h3 class=\"expand-click w_icon_24 policyicon_purpose_4590353\">Tag-Verwaltung<\/h3>\n<p>Diese Art von Diensten helfen dem Eigent\u00fcmer, die Tags oder Skripte, die f\u00fcr diese Website ben\u00f6tigt werden, zentral zu verwalten.<br \/>\nDies f\u00fchrt dazu, dass die Daten des Nutzers durch diese Dienste flie\u00dfen und m\u00f6glicherweise gespeichert werden.<\/p>\n<h4>Google Tag Manager (Google LLC)<\/h4>\n<p>Google Tag Manager ist ein von Google LLC bereitgestellter Dienst zur Verwaltung von Tags.<\/p>\n<p>Erhobene personenbezogene Daten: Cookie und Nutzungsdaten.<\/p>\n<p>Verarbeitungsort: Vereinigte Staaten \u2013 <a href=\"https:\/\/www.google.com\/intl\/de\/policies\/privacy\/\" target=\"_blank\" rel=\"noopener noreferrer\">Datenschutzerkl\u00e4rung<\/a>.<\/li>\n<\/ul>\n<h3 id=\"manage_cookies\">Wie kann ich die Einwilligung zur Installation von Cookies erteilen oder widerrufen?<\/h3>\n<p>Zus\u00e4tzlich zu dem, was in diesem Dokument beschrieben wird, kann der Nutzer Einstellungen f\u00fcr Cookies direkt in seinem eigenen Browser verwalten und somit Drittanbieter daran hindern, Cookies zu installieren. Durch die Browser-Einstellungen ist es auch m\u00f6glich, in der Vergangenheit installierte Cookies zu l\u00f6schen, darunter auch jene Cookies, die m\u00f6glicherweise die Einwilligung f\u00fcr die Installation von Cookies durch diese Website gespeichert haben.. Der Nutzer kann, zum Beispiel, Informationen \u00fcber die Verwaltung von Cookies in den meistgenutzten Browsern unter folgenden Adressen finden: <a href=\"https:\/\/support.google.com\/chrome\/answer\/95647?hl=de&amp;p=cpn_cookies\">Google Chrome<\/a>, <a href=\"https:\/\/support.mozilla.org\/de\/kb\/cookies-erlauben-und-ablehnen\">Mozilla Firefox<\/a>, <a href=\"https:\/\/support.apple.com\/kb\/PH21411\">Apple Safari<\/a> und <a href=\"http:\/\/windows.microsoft.com\/de-de\/windows-vista\/block-or-allow-cookies\">Microsoft Internet Explorer<\/a>.<\/p>\n<p>In Bezug auf von Dritten installierte Cookies k\u00f6nnen Nutzer ihre Pr\u00e4ferenzen und den Widerruf ihrer Einwilligung verwalten, indem sie auf den entsprechenden Opt-out-Link (falls vorhanden) klicken, die in der Datenschutzrichtlinie des Dritten vorgesehenen Mittel verwenden oder den Dritten kontaktieren.<\/p>\n<p>Ungeachtet der obigen Ausf\u00fchrungen, informiert der Anbieter, dass Nutzer den Instruktionen auf <a href=\"http:\/\/www.youronlinechoices.eu\/\">EDAA<\/a> (EU), <a href=\"https:\/\/www.networkadvertising.org\/understanding-digital-advertising\">Network Advertising Initiative<\/a> (US) und <a href=\"https:\/\/www.aboutads.info\/consumers\/\">Digital Advertising Alliance<\/a> (US), <a href=\"https:\/\/youradchoices.ca\/understanding-online-advertising\/\">DAAC<\/a> (Canada), <a href=\"http:\/\/www.ddai.info\/optout\">DDAI<\/a> (Japan) oder \u00e4hnlichen Diensten folgen und davon profitieren k\u00f6nnen. Solche Dienste erm\u00f6glichen es dem Nutzer, seine Tracking-Einstellungen f\u00fcr fast alle Werbe-Tools festzulegen. Der Anbieter empfiehlt Nutzern somit, zus\u00e4tzlich zu den in diesem Dokument bereitgestellten Informationen auch von diesem Mittel Gebrauch zu machen.<\/p>\n<h3 id=\"owner_of_the_data\">Anbieter und Verantwortlicher<\/h3>\n<p>BLUERGO Srl Electromagnetic Engineering &#8211; via Priuli, 15\/D (zona artigianale Treville) 31033 Castelfranco Veneto (TV)<\/p>\n<p><b>E-Mail-Adresse des Anbieters:<\/b> info@bluergo.com<\/p>\n<p>Da diese Website Dienste von Drittanbietern nutzt, die die Installation von Cookies und anderer solcher Tracking-Systeme zur Folge hat, welche technisch nicht durch den Anbieter kontrolliert werden k\u00f6nnen, muss jeder spezifische Hinweis auf von Drittanbietern installierte Cookies und Tracking-Systeme als indikativ angesehen werden. Komplette Informationen sind den Datenschutzerkl\u00e4rungen der in diesem Dokument angegebenen jeweiligen Drittanbietern zu entnehmen.<\/p>\n<p>Angesichts der objektiven Komplexit\u00e4t, die mit der Identifikation von auf Cookies basierenden Technologien verbunden ist, werden Nutzer gebeten, sich mit dem Anbieter in Verbindung zu setzen, wenn sie weitere Informationen \u00fcber die Verwendung von Cookies durch diese Website erhalten m\u00f6chten.<\/p>\n<h3 class=\"expand-click w_icon_24\">Begriffsbestimmungen und rechtliche Hinweise<\/h3>\n<h4>Personenbezogene Daten (oder Daten)<\/h4>\n<p>Alle Informationen, durch die direkt oder in Verbindung mit weiteren Informationen die Identit\u00e4t einer nat\u00fcrlichen Person bestimmt wird oder werden kann.<\/p>\n<h4>Nutzungsdaten<\/h4>\n<p>Informationen, die diese Website (oder Dienste Dritter, die diese Website in Anspruch nimmt), automatisch erhebt, z. B.: die IP-Adressen oder Domain-Namen der Computer von Nutzern, die diese Website verwenden, die URI-Adressen (Uniform Resource Identifier), den Zeitpunkt der Anfrage, die Methode, die f\u00fcr die \u00dcbersendung der Anfrage an den Server verwendet wurde, die Gr\u00f6\u00dfe der empfangenen Antwort-Datei, der Zahlencode, der den Status der Server-Antwort anzeigt (erfolgreiches Ergebnis, Fehler etc.), das Herkunftsland, die Funktionen des vom Nutzer verwendeten Browsers und Betriebssystems, die diversen Zeitangaben pro Aufruf (z. B. wie viel Zeit auf jeder Seite der Anwendung verbracht wurde) und Angaben \u00fcber den Pfad, dem innerhalb einer Anwendung gefolgt wurde, insbesondere die Reihenfolge der besuchten Seiten, sowie sonstige Informationen \u00fcber das Betriebssystem des Ger\u00e4ts und\/oder die IT-Umgebung des Nutzers.<\/p>\n<h4>Nutzer<\/h4>\n<p>Die diese Website verwendende Person, die, soweit nicht anders bestimmt, mit dem Betroffenen \u00fcbereinstimmt.<\/p>\n<h4>Betroffener<\/h4>\n<p>Die nat\u00fcrliche Person, auf die sich die personenbezogenen Daten beziehen.<\/p>\n<h4>Auftragsverarbeiter (oder Datenverarbeiter)<\/h4>\n<p>Nat\u00fcrliche oder juristische Person, Beh\u00f6rde, Einrichtung oder andere Stelle, die personenbezogene Daten im Auftrag des Verantwortlichen verarbeitet, wie in dieser Datenschutzerkl\u00e4rung beschrieben.<\/p>\n<h4>Verantwortlicher (oder Anbieter, teilweise auch Eigent\u00fcmer)<\/h4>\n<p>Die nat\u00fcrliche oder juristische Person, Beh\u00f6rde, Einrichtung oder andere Stelle, die allein oder gemeinsam mit anderen \u00fcber die Zwecke und Mittel der Verarbeitung personenbezogener Daten sowie die hierf\u00fcr verwendeten Mittel entscheidet, einschlie\u00dflich der Sicherheitsma\u00dfnahmen bez\u00fcglich des sich auf diese Website beziehenden Betriebs und der Nutzung. Soweit nichts anderes angegeben ist, ist der Verantwortliche die nat\u00fcrliche oder juristische Person, \u00fcber welche diese Website angeboten wird.<\/p>\n<h4>Diese Website (oder diese Anwendung)<\/h4>\n<p>Das Hardware- oder Software-Tool, mit dem die personenbezogenen Daten des Nutzers erhoben und verarbeitet werden.<\/p>\n<h4>Dienst<\/h4>\n<p>Der durch diese Website angebotene Dienst, wie in den entsprechenden Nutzungsbedingungen (falls vorhanden) und auf dieser Seite\/Anwendung beschrieben.<\/p>\n<h4>Europ\u00e4ische Union (oder EU)<\/h4>\n<p>Sofern nicht anders angegeben, beziehen sich alle Verweise in diesem Dokument auf die Europ\u00e4ische Union auf alle derzeitigen Mitgliedstaaten der Europ\u00e4ischen Union und den Europ\u00e4ischen Wirtschaftsraum (EWR).<\/p>\n<h4>Cookie<\/h4>\n<p>Kleine Datei, die von der Anwendung im Ger\u00e4t des Nutzers gespeichert wird.<\/p>\n<hr \/>\n<h4>Rechtlicher Hinweis<\/h4>\n<p>Diese Datenschutzerkl\u00e4rung wurde auf der Grundlage von Bestimmungen verschiedener Gesetzgebungen verfasst, einschlie\u00dflich Art. 13\/14 der Verordnung (EU) 2016\/679 (Datenschutz-Grundverordnung).<\/p>\n<p>Diese Datenschutzerkl\u00e4rung bezieht sich ausschlie\u00dflich auf diese Website, sofern in diesem Dokument nicht anders angegeben.<\/p>\n<p>Letzte Aktualisierung: 11 Juli 2018[\/vc_column_text][vc_empty_space height=&#8220;100px&#8220;][\/vc_column][\/vc_row]<\/p>\n<\/div>","protected":false},"excerpt":{"rendered":"<p>[vc_row][vc_column][vc_column_text] Cookie-Richtlinien von Bluergo Srl Cookies bestehen aus Teilen von Codes, die im Browser installiert werden und dem Anbieter dabei helfen, die den erkl\u00e4rten Zwecken entsprechenden Dienste zur Verf\u00fcgung zu stellen. Einige der Zwecke, f\u00fcr die Cookies installiert werden, k\u00f6nnen auch die Einwilligung des Nutzers [&hellip;]<\/p>\n","protected":false},"author":1,"featured_media":0,"parent":0,"menu_order":0,"comment_status":"closed","ping_status":"closed","template":"","meta":{"_acf_changed":false,"footnotes":""},"class_list":["post-44237","page","type-page","status-publish","hentry"],"acf":[],"yoast_head":"<!-- This site is optimized with the Yoast SEO plugin v27.4 - https:\/\/yoast.com\/product\/yoast-seo-wordpress\/ -->\n<title>Cookies politique - Bluergo: Elektromagnetische Verfahrenstechnik<\/title>\n<meta name=\"robots\" content=\"index, follow, max-snippet:-1, max-image-preview:large, max-video-preview:-1\" \/>\n<link rel=\"canonical\" href=\"https:\/\/bluergo.it\/de\/cookies-politique\" \/>\n<meta property=\"og:locale\" content=\"de_DE\" \/>\n<meta property=\"og:type\" content=\"article\" \/>\n<meta property=\"og:title\" content=\"Cookies politique - Bluergo: Elektromagnetische Verfahrenstechnik\" \/>\n<meta property=\"og:description\" content=\"[vc_row][vc_column][vc_column_text] Cookie-Richtlinien von Bluergo Srl Cookies bestehen aus Teilen von Codes, die im Browser installiert werden und dem Anbieter dabei helfen, die den erkl\u00e4rten Zwecken entsprechenden Dienste zur Verf\u00fcgung zu stellen. Einige der Zwecke, f\u00fcr die Cookies installiert werden, k\u00f6nnen auch die Einwilligung des Nutzers [&hellip;]\" \/>\n<meta property=\"og:url\" content=\"https:\/\/bluergo.it\/de\/cookies-politique\" \/>\n<meta property=\"og:site_name\" content=\"Bluergo: Elektromagnetische Verfahrenstechnik\" \/>\n<meta property=\"article:modified_time\" content=\"2018-09-18T13:43:40+00:00\" \/>\n<meta name=\"twitter:card\" content=\"summary_large_image\" \/>\n<meta name=\"twitter:label1\" content=\"Gesch\u00e4tzte Lesezeit\" \/>\n\t<meta name=\"twitter:data1\" content=\"10\u00a0Minuten\" \/>\n<script type=\"application\/ld+json\" class=\"yoast-schema-graph\">{\"@context\":\"https:\\\/\\\/schema.org\",\"@graph\":[{\"@type\":\"WebPage\",\"@id\":\"https:\\\/\\\/bluergo.it\\\/de\\\/cookies-politique\",\"url\":\"https:\\\/\\\/bluergo.it\\\/de\\\/cookies-politique\",\"name\":\"Cookies politique - Bluergo: Elektromagnetische Verfahrenstechnik\",\"isPartOf\":{\"@id\":\"https:\\\/\\\/bluergo.it\\\/#website\"},\"datePublished\":\"2017-09-12T13:42:31+00:00\",\"dateModified\":\"2018-09-18T13:43:40+00:00\",\"breadcrumb\":{\"@id\":\"https:\\\/\\\/bluergo.it\\\/de\\\/cookies-politique#breadcrumb\"},\"inLanguage\":\"de\",\"potentialAction\":[{\"@type\":\"ReadAction\",\"target\":[\"https:\\\/\\\/bluergo.it\\\/de\\\/cookies-politique\"]}]},{\"@type\":\"BreadcrumbList\",\"@id\":\"https:\\\/\\\/bluergo.it\\\/de\\\/cookies-politique#breadcrumb\",\"itemListElement\":[{\"@type\":\"ListItem\",\"position\":1,\"name\":\"Home\",\"item\":\"https:\\\/\\\/bluergo.it\\\/de\"},{\"@type\":\"ListItem\",\"position\":2,\"name\":\"Cookies politique\"}]},{\"@type\":\"WebSite\",\"@id\":\"https:\\\/\\\/bluergo.it\\\/#website\",\"url\":\"https:\\\/\\\/bluergo.it\\\/\",\"name\":\"Bluergo: Elektromagnetische Verfahrenstechnik\",\"description\":\"Design und Produktion von elektromagnetischen Komponenten\",\"potentialAction\":[{\"@type\":\"SearchAction\",\"target\":{\"@type\":\"EntryPoint\",\"urlTemplate\":\"https:\\\/\\\/bluergo.it\\\/?s={search_term_string}\"},\"query-input\":{\"@type\":\"PropertyValueSpecification\",\"valueRequired\":true,\"valueName\":\"search_term_string\"}}],\"inLanguage\":\"de\"}]}<\/script>\n<!-- \/ Yoast SEO plugin. -->","yoast_head_json":{"title":"Cookies politique - Bluergo: Elektromagnetische Verfahrenstechnik","robots":{"index":"index","follow":"follow","max-snippet":"max-snippet:-1","max-image-preview":"max-image-preview:large","max-video-preview":"max-video-preview:-1"},"canonical":"https:\/\/bluergo.it\/de\/cookies-politique","og_locale":"de_DE","og_type":"article","og_title":"Cookies politique - Bluergo: Elektromagnetische Verfahrenstechnik","og_description":"[vc_row][vc_column][vc_column_text] Cookie-Richtlinien von Bluergo Srl Cookies bestehen aus Teilen von Codes, die im Browser installiert werden und dem Anbieter dabei helfen, die den erkl\u00e4rten Zwecken entsprechenden Dienste zur Verf\u00fcgung zu stellen. Einige der Zwecke, f\u00fcr die Cookies installiert werden, k\u00f6nnen auch die Einwilligung des Nutzers [&hellip;]","og_url":"https:\/\/bluergo.it\/de\/cookies-politique","og_site_name":"Bluergo: Elektromagnetische Verfahrenstechnik","article_modified_time":"2018-09-18T13:43:40+00:00","twitter_card":"summary_large_image","twitter_misc":{"Gesch\u00e4tzte Lesezeit":"10\u00a0Minuten"},"schema":{"@context":"https:\/\/schema.org","@graph":[{"@type":"WebPage","@id":"https:\/\/bluergo.it\/de\/cookies-politique","url":"https:\/\/bluergo.it\/de\/cookies-politique","name":"Cookies politique - Bluergo: Elektromagnetische Verfahrenstechnik","isPartOf":{"@id":"https:\/\/bluergo.it\/#website"},"datePublished":"2017-09-12T13:42:31+00:00","dateModified":"2018-09-18T13:43:40+00:00","breadcrumb":{"@id":"https:\/\/bluergo.it\/de\/cookies-politique#breadcrumb"},"inLanguage":"de","potentialAction":[{"@type":"ReadAction","target":["https:\/\/bluergo.it\/de\/cookies-politique"]}]},{"@type":"BreadcrumbList","@id":"https:\/\/bluergo.it\/de\/cookies-politique#breadcrumb","itemListElement":[{"@type":"ListItem","position":1,"name":"Home","item":"https:\/\/bluergo.it\/de"},{"@type":"ListItem","position":2,"name":"Cookies politique"}]},{"@type":"WebSite","@id":"https:\/\/bluergo.it\/#website","url":"https:\/\/bluergo.it\/","name":"Bluergo: Elektromagnetische Verfahrenstechnik","description":"Design und Produktion von elektromagnetischen Komponenten","potentialAction":[{"@type":"SearchAction","target":{"@type":"EntryPoint","urlTemplate":"https:\/\/bluergo.it\/?s={search_term_string}"},"query-input":{"@type":"PropertyValueSpecification","valueRequired":true,"valueName":"search_term_string"}}],"inLanguage":"de"}]}},"_links":{"self":[{"href":"https:\/\/bluergo.it\/de\/wp-json\/wp\/v2\/pages\/44237","targetHints":{"allow":["GET"]}}],"collection":[{"href":"https:\/\/bluergo.it\/de\/wp-json\/wp\/v2\/pages"}],"about":[{"href":"https:\/\/bluergo.it\/de\/wp-json\/wp\/v2\/types\/page"}],"author":[{"embeddable":true,"href":"https:\/\/bluergo.it\/de\/wp-json\/wp\/v2\/users\/1"}],"replies":[{"embeddable":true,"href":"https:\/\/bluergo.it\/de\/wp-json\/wp\/v2\/comments?post=44237"}],"version-history":[{"count":4,"href":"https:\/\/bluergo.it\/de\/wp-json\/wp\/v2\/pages\/44237\/revisions"}],"predecessor-version":[{"id":44836,"href":"https:\/\/bluergo.it\/de\/wp-json\/wp\/v2\/pages\/44237\/revisions\/44836"}],"wp:attachment":[{"href":"https:\/\/bluergo.it\/de\/wp-json\/wp\/v2\/media?parent=44237"}],"curies":[{"name":"wp","href":"https:\/\/api.w.org\/{rel}","templated":true}]}}