{"id":44211,"date":"2015-10-21T11:37:21","date_gmt":"2015-10-21T09:37:21","guid":{"rendered":"http:\/\/larindev.com\/bluergo\/de\/produkte\/home-appliance"},"modified":"2018-01-10T15:22:41","modified_gmt":"2018-01-10T14:22:41","slug":"anwendung-haushaltsgerate","status":"publish","type":"page","link":"https:\/\/bluergo.it\/de\/produkte\/anwendung-haushaltsgerate","title":{"rendered":"Haushaltsger\u00e4te"},"content":{"rendered":"<div class=\"wpb-content-wrapper\"><p>[vc_row el_class=&#8220;pspace&#8220;][vc_column]<div class=\"edgtf-elements-holder edgtf-two-columns edgtf-responsive-mode-1024\" style=\"background-color:#fbf8f6;\"><div class=\"edgtf-elements-holder-item edgtf-vertical-alignment-middle edgtf-horizontal-alignment-left\"  >\n\t<div class=\"edgtf-elements-holder-item-inner\">\n\t\t<div class=\"edgtf-elements-holder-item-content edgtf-elements-holder-custom-714553\" style=\"padding: 12% 9% 12.5% 11%\">\n\t\t\t\t\t\t<style type=\"text\/css\" data-type=\"edgtf-elements-custom-padding\" scoped>\n\t\t\t\t\t\t\t\t\t@media only screen and (min-width: 1024px) and (max-width: 1280px) {\n\t\t\t\t\t\t.edgtf-elements-holder .edgtf-elements-holder-item-content.edgtf-elements-holder-custom-714553 {\n\t\t\t\t\t\t\tpadding: 9% 9% 9% 10% !important;\n\t\t\t\t\t\t}\n\t\t\t\t\t}\n\t\t\t\t\t\t\t\t\t\t\t\t@media only screen and (min-width: 768px) and (max-width: 1024px) {\n\t\t\t\t\t.edgtf-elements-holder .edgtf-elements-holder-item-content.edgtf-elements-holder-custom-714553 {\n\t\t\t\t\t\tpadding: 10.5% 9% 10.5% 10% !important;\n\t\t\t\t\t}\n\t\t\t\t}\n\t\t\t\t\t\t\t\t\t\t\t\t@media only screen and (min-width: 600px) and (max-width: 768px) {\n\t\t\t\t\t.edgtf-elements-holder .edgtf-elements-holder-item-content.edgtf-elements-holder-custom-714553 {\n\t\t\t\t\t\tpadding: 11% 9% 11% 9% !important;\n\t\t\t\t\t}\n\t\t\t\t}\n\t\t\t\t\t\t\t\t\t\t\t\t@media only screen and (min-width: 480px) and (max-width: 600px) {\n\t\t\t\t\t.edgtf-elements-holder .edgtf-elements-holder-item-content.edgtf-elements-holder-custom-714553 {\n\t\t\t\t\t\tpadding: 11% 6% 11% 6% !important;\n\t\t\t\t\t}\n\t\t\t\t}\n\t\t\t\t\t\t\t\t\t\t\t\t@media only screen and (max-width: 480px) {\n\t\t\t\t\t.edgtf-elements-holder .edgtf-elements-holder-item-content.edgtf-elements-holder-custom-714553 {\n\t\t\t\t\t\tpadding: 16% 4% 15% 4% !important;\n\t\t\t\t\t}\n\t\t\t\t}\n\t\t\t\t\t\t\t\t<\/style>\n\t\t\t\t\t\t[vc_column_text]<\/p>\n<h2>L\u00f6sungen f\u00fcr \u00d6fen, Waschmaschinen, Geschirrsp\u00fcler<\/h2>\n<p>[\/vc_column_text]<div class=\"edgtf-separator-holder clearfix  edgtf-separator-center edgtf-separator-normal\">\n\t<div class=\"edgtf-separator\" style=\"border-color: #fbf8f6;border-width: 1px;margin-top: 19px;margin-bottom: 0px\"><\/div>\n<\/div>\n<div class=\"edgtf-separator-holder clearfix  edgtf-separator-center edgtf-separator-normal\">\n\t<div class=\"edgtf-separator\" style=\"border-color: #fbf8f6;border-width: 1px;margin-top: 30px;margin-bottom: 0px\"><\/div>\n<\/div>\n[vc_column_text]Bluergo ist seit \u00fcber 30 Jahren f\u00fchrend in der Entwicklung und Herstellung von Kupferwicklungen f\u00fcr die Haushaltsger\u00e4teindustrie, insbesondere f\u00fcr die Wei\u00df- und Braunwarenindustrie.<\/p>\n<p>Die Haushaltsger\u00e4teindustrie macht 45 % der Produktion des Unternehmens aus: In 8 von 10 Waschmaschinen ist eine Spule von Bluergo zu finden.<\/p>\n<p>Bluergo produziert Drehzahlsensoren f\u00fcr Waschmaschinen und Geschirrsp\u00fclmaschinen, Statorspulen f\u00fcr Entladepumpen, Spulen f\u00fcr \u00d6fen und PFC-Spulen sowie Phasenkorrektoren f\u00fcr Motoren und Netzteile.[\/vc_column_text]<div class=\"edgtf-separator-holder clearfix  edgtf-separator-center edgtf-separator-normal\">\n\t<div class=\"edgtf-separator\" style=\"border-color: #fbf8f6;border-width: 1px;margin-top: 42px;margin-bottom: 0px\"><\/div>\n<\/div>\n<a href=\"#home-appliance\" target=\"_self\" style=\"font-weight: 400;margin: 0 18px 12px 0\" class=\"edgtf-btn edgtf-btn-medium edgtf-btn-solid edgtf-btn-custom-hover-bg edgtf-btn-custom-border-hover edgtf-btn-custom-hover-color edgtf-btn-icon\" data-hover-bg-color=\"#333333\" data-hover-color=\"#ffffff\" data-hover-border-color=\"#333333\" >\n    <span class=\"edgtf-btn-text\">ENTDECKEN SIE DIE PRODUKTE<\/span>\n    <span aria-hidden=\"true\" class=\"edgtf-icon-font-elegant arrow_right edgtf-btn-icon-element\" ><\/span><\/a>\t\t<\/div>\n\t<\/div>\n<\/div><div class=\"edgtf-elements-holder-item edgtf-vertical-alignment-middle edgtf-horizontal-alignment-center\" style=\"background-color: #fbf8f6\" >\n\t<div class=\"edgtf-elements-holder-item-inner\">\n\t\t<div class=\"edgtf-elements-holder-item-content edgtf-elements-holder-custom-985425\" >\n\t\t\t\t\t\t<style type=\"text\/css\" data-type=\"edgtf-elements-custom-padding\" scoped>\n\t\t\t\t\t\t\t\t\t@media only screen and (min-width: 1024px) and (max-width: 1280px) {\n\t\t\t\t\t\t.edgtf-elements-holder .edgtf-elements-holder-item-content.edgtf-elements-holder-custom-985425 {\n\t\t\t\t\t\t\tpadding:  !important;\n\t\t\t\t\t\t}\n\t\t\t\t\t}\n\t\t\t\t\t\t\t\t\t\t\t\t@media only screen and (min-width: 768px) and (max-width: 1024px) {\n\t\t\t\t\t.edgtf-elements-holder .edgtf-elements-holder-item-content.edgtf-elements-holder-custom-985425 {\n\t\t\t\t\t\tpadding: 15% 0 !important;\n\t\t\t\t\t}\n\t\t\t\t}\n\t\t\t\t\t\t\t\t\t\t\t\t@media only screen and (min-width: 600px) and (max-width: 768px) {\n\t\t\t\t\t.edgtf-elements-holder .edgtf-elements-holder-item-content.edgtf-elements-holder-custom-985425 {\n\t\t\t\t\t\tpadding: 13% 0 !important;\n\t\t\t\t\t}\n\t\t\t\t}\n\t\t\t\t\t\t\t\t\t\t\t\t@media only screen and (min-width: 480px) and (max-width: 600px) {\n\t\t\t\t\t.edgtf-elements-holder .edgtf-elements-holder-item-content.edgtf-elements-holder-custom-985425 {\n\t\t\t\t\t\tpadding: 13% 0 !important;\n\t\t\t\t\t}\n\t\t\t\t}\n\t\t\t\t\t\t\t\t\t\t\t\t@media only screen and (max-width: 480px) {\n\t\t\t\t\t.edgtf-elements-holder .edgtf-elements-holder-item-content.edgtf-elements-holder-custom-985425 {\n\t\t\t\t\t\tpadding:  !important;\n\t\t\t\t\t}\n\t\t\t\t}\n\t\t\t\t\t\t\t\t<\/style>\n\t\t\t\t\t\t[vc_single_image image=&#8220;44125&#8243; img_size=&#8220;large&#8220; alignment=&#8220;center&#8220;]\t\t<\/div>\n\t<\/div>\n<\/div><\/div>[\/vc_column][\/vc_row][vc_row content_width=&#8220;grid&#8220; anchor=&#8220;home-appliance&#8220; css=&#8220;.vc_custom_1505826199741{padding-top: 50px !important;padding-bottom: 50px !important;}&#8220; el_id=&#8220;home-appliance&#8220;][vc_column][vc_column_text css=&#8220;.vc_custom_1506006294121{padding-top: 25px !important;padding-bottom: 75px !important;}&#8220;]<\/p>\n<h2 style=\"text-align: center;\">PRODUKTE<\/h2>\n<p>[\/vc_column_text]<div class=\"woocommerce columns-4 \"><ul class=\"products columns-4\">\n<li class=\"post-44319 product type-product status-publish has-post-thumbnail product_cat-anwendung-haushaltsgerate first instock shipping-taxable product-type-simple\">\n\n\t\n    <div class=\"edgtf-product-featured-image-holder\">\n        \n\t\t<a class=\"edgtf-product-link-holder\" href=\"https:\/\/bluergo.it\/de\/prodotti\/anwendung-haushaltsgerate\/pfc-leistungsfaktorkorrekturfilter\">\n\n\t\t\t<img loading=\"lazy\" decoding=\"async\" width=\"300\" height=\"300\" src=\"https:\/\/bluergo.it\/wp-content\/uploads\/2017\/09\/GDX_3201-300x300.jpg\" class=\"attachment-woocommerce_thumbnail size-woocommerce_thumbnail\" alt=\"PFC-Leistungsfaktorkorrekturfilter\" srcset=\"https:\/\/bluergo.it\/wp-content\/uploads\/2017\/09\/GDX_3201-300x300.jpg 300w, https:\/\/bluergo.it\/wp-content\/uploads\/2017\/09\/GDX_3201-150x150.jpg 150w, https:\/\/bluergo.it\/wp-content\/uploads\/2017\/09\/GDX_3201-180x180.jpg 180w, https:\/\/bluergo.it\/wp-content\/uploads\/2017\/09\/GDX_3201-600x600.jpg 600w, https:\/\/bluergo.it\/wp-content\/uploads\/2017\/09\/GDX_3201-550x550.jpg 550w\" sizes=\"auto, (max-width: 300px) 100vw, 300px\" \/>\t    <\/a>\n\n\t    <div class=\"edgtf-add-to-cart-holder\">\n\t        <div class=\"edgtf-add-to-cart-holder-inner\">\n\t            <div class=\"edgtf-add-to-cart-inner\">\n\t\t\t\t    <\/a><a href=\"https:\/\/bluergo.it\/de\/prodotti\/anwendung-haushaltsgerate\/pfc-leistungsfaktorkorrekturfilter\" aria-describedby=\"woocommerce_loop_add_to_cart_link_describedby_44319\" data-quantity=\"1\" class=\"button product_type_simple\" data-product_id=\"44319\" data-product_sku=\"\" aria-label=\"Lese mehr \u00fcber &#8222;PFC-Leistungsfaktorkorrekturfilter&#8220;\" rel=\"nofollow\" data-success_message=\"\">Read more<\/a>\t<span id=\"woocommerce_loop_add_to_cart_link_describedby_44319\" class=\"screen-reader-text\">\n\t\t\t<\/span>\n                <\/div>\n            <\/div>\n        <\/div>\n    <\/div>\n\n    <div class=\"edgtf-product-info-holder\">\n        <h6 class=\"edgtf-product-list-product-title\"><a href=\"https:\/\/bluergo.it\/de\/prodotti\/anwendung-haushaltsgerate\/pfc-leistungsfaktorkorrekturfilter\">PFC-Leistungsfaktorkorrekturfilter<\/a><\/h6>\n    <\/div>\n<\/li><li class=\"post-44313 product type-product status-publish has-post-thumbnail product_cat-anwendung-haushaltsgerate  instock shipping-taxable product-type-simple\">\n\n\t\n    <div class=\"edgtf-product-featured-image-holder\">\n        \n\t\t<a class=\"edgtf-product-link-holder\" href=\"https:\/\/bluergo.it\/de\/prodotti\/anwendung-haushaltsgerate\/geschwindigkeitssensoren\">\n\n\t\t\t<img loading=\"lazy\" decoding=\"async\" width=\"300\" height=\"300\" src=\"https:\/\/bluergo.it\/wp-content\/uploads\/2017\/09\/GDX_3247-1-300x300.jpg\" class=\"attachment-woocommerce_thumbnail size-woocommerce_thumbnail\" alt=\"Geschwindigkeitssensoren\" srcset=\"https:\/\/bluergo.it\/wp-content\/uploads\/2017\/09\/GDX_3247-1-300x300.jpg 300w, https:\/\/bluergo.it\/wp-content\/uploads\/2017\/09\/GDX_3247-1-150x150.jpg 150w, https:\/\/bluergo.it\/wp-content\/uploads\/2017\/09\/GDX_3247-1-180x180.jpg 180w, https:\/\/bluergo.it\/wp-content\/uploads\/2017\/09\/GDX_3247-1-600x600.jpg 600w, https:\/\/bluergo.it\/wp-content\/uploads\/2017\/09\/GDX_3247-1-550x550.jpg 550w\" sizes=\"auto, (max-width: 300px) 100vw, 300px\" \/>\t    <\/a>\n\n\t    <div class=\"edgtf-add-to-cart-holder\">\n\t        <div class=\"edgtf-add-to-cart-holder-inner\">\n\t            <div class=\"edgtf-add-to-cart-inner\">\n\t\t\t\t    <\/a><a href=\"https:\/\/bluergo.it\/de\/prodotti\/anwendung-haushaltsgerate\/geschwindigkeitssensoren\" aria-describedby=\"woocommerce_loop_add_to_cart_link_describedby_44313\" data-quantity=\"1\" class=\"button product_type_simple\" data-product_id=\"44313\" data-product_sku=\"\" aria-label=\"Lese mehr \u00fcber &#8222;Geschwindigkeitssensoren&#8220;\" rel=\"nofollow\" data-success_message=\"\">Read more<\/a>\t<span id=\"woocommerce_loop_add_to_cart_link_describedby_44313\" class=\"screen-reader-text\">\n\t\t\t<\/span>\n                <\/div>\n            <\/div>\n        <\/div>\n    <\/div>\n\n    <div class=\"edgtf-product-info-holder\">\n        <h6 class=\"edgtf-product-list-product-title\"><a href=\"https:\/\/bluergo.it\/de\/prodotti\/anwendung-haushaltsgerate\/geschwindigkeitssensoren\">Geschwindigkeitssensoren<\/a><\/h6>\n    <\/div>\n<\/li><li class=\"post-44307 product type-product status-publish has-post-thumbnail product_cat-anwendung-haushaltsgerate  instock shipping-taxable product-type-simple\">\n\n\t\n    <div class=\"edgtf-product-featured-image-holder\">\n        \n\t\t<a class=\"edgtf-product-link-holder\" href=\"https:\/\/bluergo.it\/de\/prodotti\/anwendung-haushaltsgerate\/statorspulen-fuer-getriebemotoren\">\n\n\t\t\t<img loading=\"lazy\" decoding=\"async\" width=\"300\" height=\"300\" src=\"https:\/\/bluergo.it\/wp-content\/uploads\/2017\/09\/GDX_3235-1-300x300.jpg\" class=\"attachment-woocommerce_thumbnail size-woocommerce_thumbnail\" alt=\"Statorspulen f\u00fcr Getriebemotoren\" srcset=\"https:\/\/bluergo.it\/wp-content\/uploads\/2017\/09\/GDX_3235-1-300x300.jpg 300w, https:\/\/bluergo.it\/wp-content\/uploads\/2017\/09\/GDX_3235-1-150x150.jpg 150w, https:\/\/bluergo.it\/wp-content\/uploads\/2017\/09\/GDX_3235-1-180x180.jpg 180w, https:\/\/bluergo.it\/wp-content\/uploads\/2017\/09\/GDX_3235-1-600x600.jpg 600w, https:\/\/bluergo.it\/wp-content\/uploads\/2017\/09\/GDX_3235-1-550x550.jpg 550w\" sizes=\"auto, (max-width: 300px) 100vw, 300px\" \/>\t    <\/a>\n\n\t    <div class=\"edgtf-add-to-cart-holder\">\n\t        <div class=\"edgtf-add-to-cart-holder-inner\">\n\t            <div class=\"edgtf-add-to-cart-inner\">\n\t\t\t\t    <\/a><a href=\"https:\/\/bluergo.it\/de\/prodotti\/anwendung-haushaltsgerate\/statorspulen-fuer-getriebemotoren\" aria-describedby=\"woocommerce_loop_add_to_cart_link_describedby_44307\" data-quantity=\"1\" class=\"button product_type_simple\" data-product_id=\"44307\" data-product_sku=\"\" aria-label=\"Lese mehr \u00fcber &#8222;Statorspulen f\u00fcr Getriebemotoren&#8220;\" rel=\"nofollow\" data-success_message=\"\">Read more<\/a>\t<span id=\"woocommerce_loop_add_to_cart_link_describedby_44307\" class=\"screen-reader-text\">\n\t\t\t<\/span>\n                <\/div>\n            <\/div>\n        <\/div>\n    <\/div>\n\n    <div class=\"edgtf-product-info-holder\">\n        <h6 class=\"edgtf-product-list-product-title\"><a href=\"https:\/\/bluergo.it\/de\/prodotti\/anwendung-haushaltsgerate\/statorspulen-fuer-getriebemotoren\">Statorspulen f\u00fcr Getriebemotoren<\/a><\/h6>\n    <\/div>\n<\/li><li class=\"post-44204 product type-product status-publish has-post-thumbnail product_cat-anwendung-haushaltsgerate last instock shipping-taxable product-type-simple\">\n\n\t\n    <div class=\"edgtf-product-featured-image-holder\">\n        \n\t\t<a class=\"edgtf-product-link-holder\" href=\"https:\/\/bluergo.it\/de\/prodotti\/anwendung-haushaltsgerate\/statorspulen-fuer-entladungspumpen\">\n\n\t\t\t<img loading=\"lazy\" decoding=\"async\" width=\"300\" height=\"300\" src=\"https:\/\/bluergo.it\/wp-content\/uploads\/2015\/09\/GDX_3198-3-300x300.jpg\" class=\"attachment-woocommerce_thumbnail size-woocommerce_thumbnail\" alt=\"Statorspulen f\u00fcr Entladungspumpen\" srcset=\"https:\/\/bluergo.it\/wp-content\/uploads\/2015\/09\/GDX_3198-3-300x300.jpg 300w, https:\/\/bluergo.it\/wp-content\/uploads\/2015\/09\/GDX_3198-3-150x150.jpg 150w, https:\/\/bluergo.it\/wp-content\/uploads\/2015\/09\/GDX_3198-3-180x180.jpg 180w, https:\/\/bluergo.it\/wp-content\/uploads\/2015\/09\/GDX_3198-3-600x600.jpg 600w, https:\/\/bluergo.it\/wp-content\/uploads\/2015\/09\/GDX_3198-3-550x550.jpg 550w\" sizes=\"auto, (max-width: 300px) 100vw, 300px\" \/>\t    <\/a>\n\n\t    <div class=\"edgtf-add-to-cart-holder\">\n\t        <div class=\"edgtf-add-to-cart-holder-inner\">\n\t            <div class=\"edgtf-add-to-cart-inner\">\n\t\t\t\t    <\/a><a href=\"https:\/\/bluergo.it\/de\/prodotti\/anwendung-haushaltsgerate\/statorspulen-fuer-entladungspumpen\" aria-describedby=\"woocommerce_loop_add_to_cart_link_describedby_44204\" data-quantity=\"1\" class=\"button product_type_simple\" data-product_id=\"44204\" data-product_sku=\"\" aria-label=\"Lese mehr \u00fcber &#8222;Statorspulen f\u00fcr Entladungspumpen&#8220;\" rel=\"nofollow\" data-success_message=\"\">Read more<\/a>\t<span id=\"woocommerce_loop_add_to_cart_link_describedby_44204\" class=\"screen-reader-text\">\n\t\t\t<\/span>\n                <\/div>\n            <\/div>\n        <\/div>\n    <\/div>\n\n    <div class=\"edgtf-product-info-holder\">\n        <h6 class=\"edgtf-product-list-product-title\"><a href=\"https:\/\/bluergo.it\/de\/prodotti\/anwendung-haushaltsgerate\/statorspulen-fuer-entladungspumpen\">Statorspulen f\u00fcr Entladungspumpen<\/a><\/h6>\n    <\/div>\n<\/li><\/ul>\n<\/div>[\/vc_column][\/vc_row]<\/p>\n<\/div>","protected":false},"excerpt":{"rendered":"<p>[vc_row el_class=&#8220;pspace&#8220;][vc_column][\/vc_column][\/vc_row][vc_row content_width=&#8220;grid&#8220; anchor=&#8220;home-appliance&#8220; css=&#8220;.vc_custom_1505826199741{padding-top: 50px !important;padding-bottom: 50px !important;}&#8220; el_id=&#8220;home-appliance&#8220;][vc_column][vc_column_text css=&#8220;.vc_custom_1506006294121{padding-top: 25px !important;padding-bottom: 75px !important;}&#8220;] PRODUKTE [\/vc_column_text][\/vc_column][\/vc_row]<\/p>\n","protected":false},"author":1,"featured_media":0,"parent":44196,"menu_order":0,"comment_status":"closed","ping_status":"closed","template":"full-width.php","meta":{"_acf_changed":false,"footnotes":""},"class_list":["post-44211","page","type-page","status-publish","hentry"],"acf":[],"yoast_head":"<!-- This site is optimized with the Yoast SEO plugin v27.4 - https:\/\/yoast.com\/product\/yoast-seo-wordpress\/ -->\n<title>Elektrische Komponenten f\u00fcr Haushaltsger\u00e4te - Bluergo: Elektromagnetische Verfahrenstechnik<\/title>\n<meta name=\"description\" content=\"Bluergo produziert Geschwindigkeitssensoren f\u00fcr Waschmaschinen und Sp\u00fclmaschinen, Statorspulen f\u00fcr Wasserabf\u00fchrpumpen, Spulen f\u00fcr \u00d6fen und PFC.\" \/>\n<meta name=\"robots\" content=\"index, follow, max-snippet:-1, max-image-preview:large, max-video-preview:-1\" \/>\n<link rel=\"canonical\" href=\"https:\/\/bluergo.it\/de\/produkte\/anwendung-haushaltsgerate\" \/>\n<meta property=\"og:locale\" content=\"de_DE\" \/>\n<meta property=\"og:type\" content=\"article\" \/>\n<meta property=\"og:title\" content=\"Elektrische Komponenten f\u00fcr Haushaltsger\u00e4te - Bluergo: Elektromagnetische Verfahrenstechnik\" \/>\n<meta property=\"og:description\" content=\"Bluergo produziert Geschwindigkeitssensoren f\u00fcr Waschmaschinen und Sp\u00fclmaschinen, Statorspulen f\u00fcr Wasserabf\u00fchrpumpen, Spulen f\u00fcr \u00d6fen und PFC.\" \/>\n<meta property=\"og:url\" content=\"https:\/\/bluergo.it\/de\/produkte\/anwendung-haushaltsgerate\" \/>\n<meta property=\"og:site_name\" content=\"Bluergo: Elektromagnetische Verfahrenstechnik\" \/>\n<meta property=\"article:modified_time\" content=\"2018-01-10T14:22:41+00:00\" \/>\n<meta name=\"twitter:card\" content=\"summary_large_image\" \/>\n<meta name=\"twitter:label1\" content=\"Gesch\u00e4tzte Lesezeit\" \/>\n\t<meta name=\"twitter:data1\" content=\"2\u00a0Minuten\" \/>\n<script type=\"application\/ld+json\" class=\"yoast-schema-graph\">{\"@context\":\"https:\\\/\\\/schema.org\",\"@graph\":[{\"@type\":\"WebPage\",\"@id\":\"https:\\\/\\\/bluergo.it\\\/de\\\/produkte\\\/anwendung-haushaltsgerate\",\"url\":\"https:\\\/\\\/bluergo.it\\\/de\\\/produkte\\\/anwendung-haushaltsgerate\",\"name\":\"Elektrische Komponenten f\u00fcr Haushaltsger\u00e4te - Bluergo: Elektromagnetische Verfahrenstechnik\",\"isPartOf\":{\"@id\":\"https:\\\/\\\/bluergo.it\\\/#website\"},\"datePublished\":\"2015-10-21T09:37:21+00:00\",\"dateModified\":\"2018-01-10T14:22:41+00:00\",\"description\":\"Bluergo produziert Geschwindigkeitssensoren f\u00fcr Waschmaschinen und Sp\u00fclmaschinen, Statorspulen f\u00fcr Wasserabf\u00fchrpumpen, Spulen f\u00fcr \u00d6fen und PFC.\",\"breadcrumb\":{\"@id\":\"https:\\\/\\\/bluergo.it\\\/de\\\/produkte\\\/anwendung-haushaltsgerate#breadcrumb\"},\"inLanguage\":\"de\",\"potentialAction\":[{\"@type\":\"ReadAction\",\"target\":[\"https:\\\/\\\/bluergo.it\\\/de\\\/produkte\\\/anwendung-haushaltsgerate\"]}]},{\"@type\":\"BreadcrumbList\",\"@id\":\"https:\\\/\\\/bluergo.it\\\/de\\\/produkte\\\/anwendung-haushaltsgerate#breadcrumb\",\"itemListElement\":[{\"@type\":\"ListItem\",\"position\":1,\"name\":\"Home\",\"item\":\"https:\\\/\\\/bluergo.it\\\/de\"},{\"@type\":\"ListItem\",\"position\":2,\"name\":\"Produkte\",\"item\":\"https:\\\/\\\/bluergo.it\\\/de\\\/produkte\"},{\"@type\":\"ListItem\",\"position\":3,\"name\":\"Haushaltsger\u00e4te\"}]},{\"@type\":\"WebSite\",\"@id\":\"https:\\\/\\\/bluergo.it\\\/#website\",\"url\":\"https:\\\/\\\/bluergo.it\\\/\",\"name\":\"Bluergo: Elektromagnetische Verfahrenstechnik\",\"description\":\"Design und Produktion von elektromagnetischen Komponenten\",\"potentialAction\":[{\"@type\":\"SearchAction\",\"target\":{\"@type\":\"EntryPoint\",\"urlTemplate\":\"https:\\\/\\\/bluergo.it\\\/?s={search_term_string}\"},\"query-input\":{\"@type\":\"PropertyValueSpecification\",\"valueRequired\":true,\"valueName\":\"search_term_string\"}}],\"inLanguage\":\"de\"}]}<\/script>\n<!-- \/ Yoast SEO plugin. -->","yoast_head_json":{"title":"Elektrische Komponenten f\u00fcr Haushaltsger\u00e4te - Bluergo: Elektromagnetische Verfahrenstechnik","description":"Bluergo produziert Geschwindigkeitssensoren f\u00fcr Waschmaschinen und Sp\u00fclmaschinen, Statorspulen f\u00fcr Wasserabf\u00fchrpumpen, Spulen f\u00fcr \u00d6fen und PFC.","robots":{"index":"index","follow":"follow","max-snippet":"max-snippet:-1","max-image-preview":"max-image-preview:large","max-video-preview":"max-video-preview:-1"},"canonical":"https:\/\/bluergo.it\/de\/produkte\/anwendung-haushaltsgerate","og_locale":"de_DE","og_type":"article","og_title":"Elektrische Komponenten f\u00fcr Haushaltsger\u00e4te - Bluergo: Elektromagnetische Verfahrenstechnik","og_description":"Bluergo produziert Geschwindigkeitssensoren f\u00fcr Waschmaschinen und Sp\u00fclmaschinen, Statorspulen f\u00fcr Wasserabf\u00fchrpumpen, Spulen f\u00fcr \u00d6fen und PFC.","og_url":"https:\/\/bluergo.it\/de\/produkte\/anwendung-haushaltsgerate","og_site_name":"Bluergo: Elektromagnetische Verfahrenstechnik","article_modified_time":"2018-01-10T14:22:41+00:00","twitter_card":"summary_large_image","twitter_misc":{"Gesch\u00e4tzte Lesezeit":"2\u00a0Minuten"},"schema":{"@context":"https:\/\/schema.org","@graph":[{"@type":"WebPage","@id":"https:\/\/bluergo.it\/de\/produkte\/anwendung-haushaltsgerate","url":"https:\/\/bluergo.it\/de\/produkte\/anwendung-haushaltsgerate","name":"Elektrische Komponenten f\u00fcr Haushaltsger\u00e4te - Bluergo: Elektromagnetische Verfahrenstechnik","isPartOf":{"@id":"https:\/\/bluergo.it\/#website"},"datePublished":"2015-10-21T09:37:21+00:00","dateModified":"2018-01-10T14:22:41+00:00","description":"Bluergo produziert Geschwindigkeitssensoren f\u00fcr Waschmaschinen und Sp\u00fclmaschinen, Statorspulen f\u00fcr Wasserabf\u00fchrpumpen, Spulen f\u00fcr \u00d6fen und PFC.","breadcrumb":{"@id":"https:\/\/bluergo.it\/de\/produkte\/anwendung-haushaltsgerate#breadcrumb"},"inLanguage":"de","potentialAction":[{"@type":"ReadAction","target":["https:\/\/bluergo.it\/de\/produkte\/anwendung-haushaltsgerate"]}]},{"@type":"BreadcrumbList","@id":"https:\/\/bluergo.it\/de\/produkte\/anwendung-haushaltsgerate#breadcrumb","itemListElement":[{"@type":"ListItem","position":1,"name":"Home","item":"https:\/\/bluergo.it\/de"},{"@type":"ListItem","position":2,"name":"Produkte","item":"https:\/\/bluergo.it\/de\/produkte"},{"@type":"ListItem","position":3,"name":"Haushaltsger\u00e4te"}]},{"@type":"WebSite","@id":"https:\/\/bluergo.it\/#website","url":"https:\/\/bluergo.it\/","name":"Bluergo: Elektromagnetische Verfahrenstechnik","description":"Design und Produktion von elektromagnetischen Komponenten","potentialAction":[{"@type":"SearchAction","target":{"@type":"EntryPoint","urlTemplate":"https:\/\/bluergo.it\/?s={search_term_string}"},"query-input":{"@type":"PropertyValueSpecification","valueRequired":true,"valueName":"search_term_string"}}],"inLanguage":"de"}]}},"_links":{"self":[{"href":"https:\/\/bluergo.it\/de\/wp-json\/wp\/v2\/pages\/44211","targetHints":{"allow":["GET"]}}],"collection":[{"href":"https:\/\/bluergo.it\/de\/wp-json\/wp\/v2\/pages"}],"about":[{"href":"https:\/\/bluergo.it\/de\/wp-json\/wp\/v2\/types\/page"}],"author":[{"embeddable":true,"href":"https:\/\/bluergo.it\/de\/wp-json\/wp\/v2\/users\/1"}],"replies":[{"embeddable":true,"href":"https:\/\/bluergo.it\/de\/wp-json\/wp\/v2\/comments?post=44211"}],"version-history":[{"count":6,"href":"https:\/\/bluergo.it\/de\/wp-json\/wp\/v2\/pages\/44211\/revisions"}],"predecessor-version":[{"id":44212,"href":"https:\/\/bluergo.it\/de\/wp-json\/wp\/v2\/pages\/44211\/revisions\/44212"}],"up":[{"embeddable":true,"href":"https:\/\/bluergo.it\/de\/wp-json\/wp\/v2\/pages\/44196"}],"wp:attachment":[{"href":"https:\/\/bluergo.it\/de\/wp-json\/wp\/v2\/media?parent=44211"}],"curies":[{"name":"wp","href":"https:\/\/api.w.org\/{rel}","templated":true}]}}