{"id":44196,"date":"2015-10-21T11:36:12","date_gmt":"2015-10-21T09:36:12","guid":{"rendered":"http:\/\/larindev.com\/bluergo\/de\/products"},"modified":"2018-01-10T14:46:03","modified_gmt":"2018-01-10T13:46:03","slug":"produkte","status":"publish","type":"page","link":"https:\/\/bluergo.it\/de\/produkte","title":{"rendered":"Produkte"},"content":{"rendered":"<div class=\"wpb-content-wrapper\"><p>[vc_row el_class=&#8220;pspace&#8220;][vc_column]<div class=\"edgtf-elements-holder edgtf-two-columns edgtf-responsive-mode-1024\" style=\"background-color:#fbf8f6;\"><div class=\"edgtf-elements-holder-item edgtf-vertical-alignment-middle edgtf-horizontal-alignment-left\"  >\n\t<div class=\"edgtf-elements-holder-item-inner\">\n\t\t<div class=\"edgtf-elements-holder-item-content edgtf-elements-holder-custom-515255\" style=\"padding: 12% 9% 12.5% 11%\">\n\t\t\t\t\t\t<style type=\"text\/css\" data-type=\"edgtf-elements-custom-padding\" scoped>\n\t\t\t\t\t\t\t\t\t@media only screen and (min-width: 1024px) and (max-width: 1280px) {\n\t\t\t\t\t\t.edgtf-elements-holder .edgtf-elements-holder-item-content.edgtf-elements-holder-custom-515255 {\n\t\t\t\t\t\t\tpadding: 9% 9% 9% 10% !important;\n\t\t\t\t\t\t}\n\t\t\t\t\t}\n\t\t\t\t\t\t\t\t\t\t\t\t@media only screen and (min-width: 768px) and (max-width: 1024px) {\n\t\t\t\t\t.edgtf-elements-holder .edgtf-elements-holder-item-content.edgtf-elements-holder-custom-515255 {\n\t\t\t\t\t\tpadding: 10.5% 9% 10.5% 10% !important;\n\t\t\t\t\t}\n\t\t\t\t}\n\t\t\t\t\t\t\t\t\t\t\t\t@media only screen and (min-width: 600px) and (max-width: 768px) {\n\t\t\t\t\t.edgtf-elements-holder .edgtf-elements-holder-item-content.edgtf-elements-holder-custom-515255 {\n\t\t\t\t\t\tpadding: 11% 9% 11% 9% !important;\n\t\t\t\t\t}\n\t\t\t\t}\n\t\t\t\t\t\t\t\t\t\t\t\t@media only screen and (min-width: 480px) and (max-width: 600px) {\n\t\t\t\t\t.edgtf-elements-holder .edgtf-elements-holder-item-content.edgtf-elements-holder-custom-515255 {\n\t\t\t\t\t\tpadding: 11% 6% 11% 6% !important;\n\t\t\t\t\t}\n\t\t\t\t}\n\t\t\t\t\t\t\t\t\t\t\t\t@media only screen and (max-width: 480px) {\n\t\t\t\t\t.edgtf-elements-holder .edgtf-elements-holder-item-content.edgtf-elements-holder-custom-515255 {\n\t\t\t\t\t\tpadding: 16% 4% 15% 4% !important;\n\t\t\t\t\t}\n\t\t\t\t}\n\t\t\t\t\t\t\t\t<\/style>\n\t\t\t\t\t\t[vc_column_text]<\/p>\n<h2>UNSERE PRODUKTE<\/h2>\n<p>[\/vc_column_text]<div class=\"edgtf-separator-holder clearfix  edgtf-separator-center edgtf-separator-normal\">\n\t<div class=\"edgtf-separator\" style=\"border-color: #fbf8f6;border-width: 1px;margin-top: 19px;margin-bottom: 0px\"><\/div>\n<\/div>\n[vc_column_text]<\/p>\n<h4>Von der Standard bis zur vollen Anpassung<\/h4>\n<p>[\/vc_column_text]<div class=\"edgtf-separator-holder clearfix  edgtf-separator-center edgtf-separator-normal\">\n\t<div class=\"edgtf-separator\" style=\"border-color: #fbf8f6;border-width: 1px;margin-top: 30px;margin-bottom: 0px\"><\/div>\n<\/div>\n[vc_column_text]Seit mehr als 30 Jahren entwickelt und fertigt Bluergo elektromagnetische und elektronische Komponenten. Es handelt sich dabei um Wicklungen aus emaillierten, kapillaren Kupferdr\u00e4hten, die sich je nach Produkttyp und Anwendungsbereich unterscheiden.<\/p>\n<p>Das Unternehmen verwendet ausschlie\u00dflich hochwertige und wertvolle Materialien mit dem Ziel, anpassungsf\u00e4hige L\u00f6sungen mit einem hohen Grad an Innovation anbieten zu k\u00f6nnen.[\/vc_column_text]<div class=\"edgtf-separator-holder clearfix  edgtf-separator-center edgtf-separator-normal\">\n\t<div class=\"edgtf-separator\" style=\"border-color: #fbf8f6;border-width: 1px;margin-top: 42px;margin-bottom: 0px\"><\/div>\n<\/div>\n\t\t<\/div>\n\t<\/div>\n<\/div><div class=\"edgtf-elements-holder-item edgtf-vertical-alignment-bottom edgtf-horizontal-alignment-center\" style=\"background-image: url(https:\/\/bluergo.it\/wp-content\/uploads\/2015\/10\/p.4.jpg)\" >\n\t<div class=\"edgtf-elements-holder-item-inner\">\n\t\t<div class=\"edgtf-elements-holder-item-content edgtf-elements-holder-custom-153763\" >\n\t\t\t\t\t\t<style type=\"text\/css\" data-type=\"edgtf-elements-custom-padding\" scoped>\n\t\t\t\t\t\t\t\t\t@media only screen and (min-width: 1024px) and (max-width: 1280px) {\n\t\t\t\t\t\t.edgtf-elements-holder .edgtf-elements-holder-item-content.edgtf-elements-holder-custom-153763 {\n\t\t\t\t\t\t\tpadding:  !important;\n\t\t\t\t\t\t}\n\t\t\t\t\t}\n\t\t\t\t\t\t\t\t\t\t\t\t@media only screen and (min-width: 768px) and (max-width: 1024px) {\n\t\t\t\t\t.edgtf-elements-holder .edgtf-elements-holder-item-content.edgtf-elements-holder-custom-153763 {\n\t\t\t\t\t\tpadding: 15% 0 !important;\n\t\t\t\t\t}\n\t\t\t\t}\n\t\t\t\t\t\t\t\t\t\t\t\t@media only screen and (min-width: 600px) and (max-width: 768px) {\n\t\t\t\t\t.edgtf-elements-holder .edgtf-elements-holder-item-content.edgtf-elements-holder-custom-153763 {\n\t\t\t\t\t\tpadding: 13% 0 !important;\n\t\t\t\t\t}\n\t\t\t\t}\n\t\t\t\t\t\t\t\t\t\t\t\t@media only screen and (min-width: 480px) and (max-width: 600px) {\n\t\t\t\t\t.edgtf-elements-holder .edgtf-elements-holder-item-content.edgtf-elements-holder-custom-153763 {\n\t\t\t\t\t\tpadding: 13% 0 !important;\n\t\t\t\t\t}\n\t\t\t\t}\n\t\t\t\t\t\t\t\t\t\t\t\t@media only screen and (max-width: 480px) {\n\t\t\t\t\t.edgtf-elements-holder .edgtf-elements-holder-item-content.edgtf-elements-holder-custom-153763 {\n\t\t\t\t\t\tpadding:  !important;\n\t\t\t\t\t}\n\t\t\t\t}\n\t\t\t\t\t\t\t\t<\/style>\n\t\t\t\t\t\t<div class=\"edgtf-separator-holder clearfix  edgtf-separator-center edgtf-separator-normal\">\n\t<div class=\"edgtf-separator\" style=\"border-color: #fbf8f6;border-width: 1px;margin-top: 250px;margin-bottom: 0px\"><\/div>\n<\/div>\n\t\t<\/div>\n\t<\/div>\n<\/div><\/div>[\/vc_column][\/vc_row][vc_row el_class=&#8220;flex-stretch&#8220;][vc_column css=&#8220;.vc_custom_1505829133158{padding-top: 2% !important;padding-right: 5% !important;padding-bottom: 2% !important;padding-left: 5% !important;background-color: #476db1 !important;}&#8220; offset=&#8220;vc_col-lg-6 vc_col-md-6&#8243;]<div class=\"edgtf-separator-holder clearfix  edgtf-separator-center edgtf-separator-normal\">\n\t<div class=\"edgtf-separator\" style=\"border-color: #fbf8f6;border-width: 1px;margin-top: 42px;margin-bottom: 0px\"><\/div>\n<\/div>\n[vc_column_text]<\/p>\n<h3 style=\"color: #fff;\">ANPASSBARE PRODUKTE<\/h3>\n<p>[\/vc_column_text]<div class=\"edgtf-separator-holder clearfix  edgtf-separator-center edgtf-separator-normal\">\n\t<div class=\"edgtf-separator\" style=\"border-color: #fbf8f6;border-width: 1px;margin-top: 28px;margin-bottom: 0px\"><\/div>\n<\/div>\n<div class=\"edgtf-iwt clearfix edgtf-iwt-icon-left edgtf-iwt-icon-small edgtf-iwt-with-text-separator edgtf-iwt-vertical-middle\">\n    <div class=\"edgtf-iwt-icon-holder\">\n                    \n    <span class=\"edgtf-icon-shortcode normal\" style=\"margin: 0 5px 0 0\" data-hover-color=\"#476db1\" data-color=\"#ffffff\">\n        \n        <i class=\"edgtf-icon-linea-icon icon-software-layers2 edgtf-icon-element\" style=\"color: #ffffff;font-size:58px\" ><\/i>\n            <\/span>\n\n            <\/div>\n    <div class=\"edgtf-iwt-content-holder\" >\n                <div class=\"edgtf-iwt-text-holder\">\n            <p style=\"color: #ffffff\">Jedes Produkt von Bluergo kann je nach den Bed\u00fcrfnissen des Kunden und der Art der Endanwendung auf spezielle Anfrage angepasst und entwickelt werden. Bluergo legt seinen Fokus kontinuierlich auf Forschung und Innovation. Dem Unternehmen ist es somit gelungen, Montage-, Stanz-, Schwei\u00df- und Polymergu\u00df-Systeme zu kombinieren, um ein komplettes Produkt anbieten zu k\u00f6nnen.<\/p>\n\n                    <\/div>\n    <\/div>\n<\/div><div class=\"edgtf-separator-holder clearfix  edgtf-separator-center edgtf-separator-normal\">\n\t<div class=\"edgtf-separator\" style=\"border-color: #fbf8f6;border-width: 1px;margin-top: 40px;margin-bottom: 0px\"><\/div>\n<\/div>\n[\/vc_column][vc_column css=&#8220;.vc_custom_1505829141978{padding-top: 2% !important;padding-right: 5% !important;padding-bottom: 2% !important;padding-left: 5% !important;background-color: #fbf8f6 !important;}&#8220; offset=&#8220;vc_col-lg-6 vc_col-md-6&#8243;]<div class=\"edgtf-separator-holder clearfix  edgtf-separator-center edgtf-separator-normal\">\n\t<div class=\"edgtf-separator\" style=\"border-color: #fbf8f6;border-width: 1px;margin-top: 42px;margin-bottom: 0px\"><\/div>\n<\/div>\n[vc_column_text]<\/p>\n<h3><span style=\"color: #476db1;\">LE@F: STANDARDISIERTE PRODUKTE<\/span><\/h3>\n<p>[\/vc_column_text]<div class=\"edgtf-separator-holder clearfix  edgtf-separator-center edgtf-separator-normal\">\n\t<div class=\"edgtf-separator\" style=\"border-color: #fbf8f6;border-width: 1px;margin-top: 28px;margin-bottom: 0px\"><\/div>\n<\/div>\n<div class=\"edgtf-iwt clearfix edgtf-iwt-icon-left edgtf-iwt-icon-small edgtf-iwt-with-text-separator edgtf-iwt-vertical-middle\">\n    <div class=\"edgtf-iwt-icon-holder\">\n                    \n    <span class=\"edgtf-icon-shortcode normal\" style=\"margin: 0 5px 0 0\" data-hover-color=\"#476db1\" data-color=\"#414140\">\n        \n        <i class=\"edgtf-icon-linea-icon icon-software-reflect-horizontal edgtf-icon-element\" style=\"color: #414140;font-size:58px\" ><\/i>\n            <\/span>\n\n            <\/div>\n    <div class=\"edgtf-iwt-content-holder\" >\n                <div class=\"edgtf-iwt-text-holder\">\n            <p style=\"color: #414140\">Bluergo hat mit der eigenen Marke Le@f eine Produktlinie von standardisierten Produkten auf dem Markt eingef\u00fchrt. Die Produktlinie besteht aus Transformatoren und Leiterplatten-Netzteilen. Diese sind in den Gr\u00f6\u00dfen EI30 bis E42 erh\u00e4ltlich.<\/p>\n\n                    <\/div>\n    <\/div>\n<\/div><div class=\"edgtf-separator-holder clearfix  edgtf-separator-center edgtf-separator-normal\">\n\t<div class=\"edgtf-separator\" style=\"border-color: #fbf8f6;border-width: 1px;margin-top: 40px;margin-bottom: 0px\"><\/div>\n<\/div>\n[\/vc_column][\/vc_row][vc_row css=&#8220;.vc_custom_1505223416999{padding-top: 50px !important;padding-bottom: 75px !important;}&#8220;][vc_column][vc_column_text css=&#8220;.vc_custom_1506011629942{padding-top: 25px !important;padding-bottom: 75px !important;}&#8220;]<\/p>\n<h2 style=\"text-align: center;\">PRODUKTE<\/h2>\n<p>[\/vc_column_text][vc_row_inner][vc_column_inner width=&#8220;1\/3&#8243;][vc_single_image image=&#8220;44125&#8243; img_size=&#8220;full&#8220; alignment=&#8220;center&#8220; onclick=&#8220;custom_link&#8220; link=&#8220;https:\/\/bluergo.it\/de\/produkte\/anwendung-haushaltsgerate&#8220;]<div class=\"edgtf-separator-holder clearfix  edgtf-separator-center edgtf-separator-normal\">\n\t<div class=\"edgtf-separator\" style=\"border-color: #fbf8f6;border-width: 1px;margin-top: 42px;margin-bottom: 0px\"><\/div>\n<\/div>\n[vc_column_text]<\/p>\n<h3 style=\"text-align: center;\"><a href=\"https:\/\/bluergo.it\/de\/produkte\/anwendung-haushaltsgerate\"><span style=\"color: #476db1;\">HAUSHALTSGER\u00c4TE<\/span><\/a><\/h3>\n<p>[\/vc_column_text]<div class=\"edgtf-separator-holder clearfix  edgtf-separator-center edgtf-separator-normal\">\n\t<div class=\"edgtf-separator\" style=\"border-color: #476db1;border-style: solid;width: 91px;border-width: 1px;margin-top: 15px;margin-bottom: 15px\"><\/div>\n<\/div>\n[vc_column_text css=&#8220;.vc_custom_1505997625468{padding-right: 25px !important;padding-bottom: 25px !important;padding-left: 25px !important;}&#8220;]<\/p>\n<p style=\"text-align: center;\">Bluergo: seit \u00fcber drei\u00dfig Jahren f\u00fchrend in der Entwicklung von Kupferwicklungen f\u00fcr Haushaltszubeh\u00f6r, wei\u00df und braun im Besonderen.<\/p>\n<p>[\/vc_column_text][\/vc_column_inner][vc_column_inner width=&#8220;1\/3&#8243;][vc_single_image image=&#8220;44128&#8243; img_size=&#8220;full&#8220; alignment=&#8220;center&#8220; onclick=&#8220;custom_link&#8220; link=&#8220;https:\/\/bluergo.it\/de\/produkte\/automotive&#8220;]<div class=\"edgtf-separator-holder clearfix  edgtf-separator-center edgtf-separator-normal\">\n\t<div class=\"edgtf-separator\" style=\"border-color: #fbf8f6;border-width: 1px;margin-top: 42px;margin-bottom: 0px\"><\/div>\n<\/div>\n[vc_column_text]<\/p>\n<h3 style=\"text-align: center;\"><a href=\"https:\/\/bluergo.it\/de\/produkte\/automotive\"><span style=\"color: #476db1;\">AUTOMOBILAPPLIKATIONEN<\/span><\/a><\/h3>\n<p>[\/vc_column_text]<div class=\"edgtf-separator-holder clearfix  edgtf-separator-center edgtf-separator-normal\">\n\t<div class=\"edgtf-separator\" style=\"border-color: #476db1;border-style: solid;width: 91px;border-width: 1px;margin-top: 15px;margin-bottom: 15px\"><\/div>\n<\/div>\n[vc_column_text css=&#8220;.vc_custom_1505997711353{padding-right: 25px !important;padding-bottom: 25px !important;padding-left: 25px !important;}&#8220;]<\/p>\n<p style=\"text-align: center;\">Das Unternehmen ist spezialisiert auf Entwicklung, Prototypenbau und Fertigung von kombiniert geformten Spulen f\u00fcr die Automobilindustrie.<\/p>\n<p>[\/vc_column_text][\/vc_column_inner][vc_column_inner width=&#8220;1\/3&#8243;][vc_single_image image=&#8220;44130&#8243; img_size=&#8220;full&#8220; alignment=&#8220;center&#8220; onclick=&#8220;custom_link&#8220; link=&#8220;https:\/\/bluergo.it\/de\/produkte\/home-automation&#8220;]<div class=\"edgtf-separator-holder clearfix  edgtf-separator-center edgtf-separator-normal\">\n\t<div class=\"edgtf-separator\" style=\"border-color: #fbf8f6;border-width: 1px;margin-top: 42px;margin-bottom: 0px\"><\/div>\n<\/div>\n[vc_column_text]<\/p>\n<h3 style=\"text-align: center;\"><a href=\"https:\/\/bluergo.it\/de\/produkte\/home-automation\"><span style=\"color: #476db1;\">HEIMAUTOMATISIERUNGS<\/span><\/a><\/h3>\n<p>[\/vc_column_text]<div class=\"edgtf-separator-holder clearfix  edgtf-separator-center edgtf-separator-normal\">\n\t<div class=\"edgtf-separator\" style=\"border-color: #476db1;border-style: solid;width: 91px;border-width: 1px;margin-top: 15px;margin-bottom: 15px\"><\/div>\n<\/div>\n[vc_column_text css=&#8220;.vc_custom_1505997795346{padding-right: 25px !important;padding-bottom: 25px !important;padding-left: 25px !important;}&#8220;]<\/p>\n<p style=\"text-align: center;\">Bluergo entwirft, entwickelt und produziert lamellenf\u00f6rmige Transformatoren und Stromversorgungen mit unterschiedlichen Konfigurationen f\u00fcr Home Automation &amp; Geb\u00e4ude- und Industrietechnik.<\/p>\n<p>[\/vc_column_text][\/vc_column_inner][\/vc_row_inner][\/vc_column][\/vc_row]<\/p>\n<\/div>","protected":false},"excerpt":{"rendered":"<p>[vc_row el_class=&#8220;pspace&#8220;][vc_column][\/vc_column][\/vc_row][vc_row el_class=&#8220;flex-stretch&#8220;][vc_column css=&#8220;.vc_custom_1505829133158{padding-top: 2% !important;padding-right: 5% !important;padding-bottom: 2% !important;padding-left: 5% !important;background-color: #476db1 !important;}&#8220; offset=&#8220;vc_col-lg-6 vc_col-md-6&#8243;][vc_column_text] ANPASSBARE PRODUKTE [\/vc_column_text][\/vc_column][vc_column css=&#8220;.vc_custom_1505829141978{padding-top: 2% !important;padding-right: 5% !important;padding-bottom: 2% !important;padding-left: 5% !important;background-color: #fbf8f6 !important;}&#8220; offset=&#8220;vc_col-lg-6 vc_col-md-6&#8243;][vc_column_text] LE@F: STANDARDISIERTE PRODUKTE [\/vc_column_text][\/vc_column][\/vc_row][vc_row css=&#8220;.vc_custom_1505223416999{padding-top: 50px !important;padding-bottom: 75px !important;}&#8220;][vc_column][vc_column_text css=&#8220;.vc_custom_1506011629942{padding-top: 25px !important;padding-bottom: 75px [&hellip;]<\/p>\n","protected":false},"author":1,"featured_media":0,"parent":0,"menu_order":0,"comment_status":"closed","ping_status":"closed","template":"full-width.php","meta":{"_acf_changed":false,"footnotes":""},"class_list":["post-44196","page","type-page","status-publish","hentry"],"acf":[],"yoast_head":"<!-- This site is optimized with the Yoast SEO plugin v27.4 - https:\/\/yoast.com\/product\/yoast-seo-wordpress\/ -->\n<title>Elektromagnetische und elektronische Komponenten - Bluergo: Elektromagnetische Verfahrenstechnik<\/title>\n<meta name=\"description\" content=\"Bluergo entwickelt und fertigt kundenspezifische oder standardisierte elektromagnetische, elektronische Komponenten f\u00fcr Haushaltsger\u00e4te, Automobile, Hausautomation.\" \/>\n<meta name=\"robots\" content=\"index, follow, max-snippet:-1, max-image-preview:large, max-video-preview:-1\" \/>\n<link rel=\"canonical\" href=\"https:\/\/bluergo.it\/de\/produkte\" \/>\n<meta property=\"og:locale\" content=\"de_DE\" \/>\n<meta property=\"og:type\" content=\"article\" \/>\n<meta property=\"og:title\" content=\"Elektromagnetische und elektronische Komponenten - Bluergo: Elektromagnetische Verfahrenstechnik\" \/>\n<meta property=\"og:description\" content=\"Bluergo entwickelt und fertigt kundenspezifische oder standardisierte elektromagnetische, elektronische Komponenten f\u00fcr Haushaltsger\u00e4te, Automobile, Hausautomation.\" \/>\n<meta property=\"og:url\" content=\"https:\/\/bluergo.it\/de\/produkte\" \/>\n<meta property=\"og:site_name\" content=\"Bluergo: Elektromagnetische Verfahrenstechnik\" \/>\n<meta property=\"article:modified_time\" content=\"2018-01-10T13:46:03+00:00\" \/>\n<meta name=\"twitter:card\" content=\"summary_large_image\" \/>\n<meta name=\"twitter:label1\" content=\"Gesch\u00e4tzte Lesezeit\" \/>\n\t<meta name=\"twitter:data1\" content=\"5\u00a0Minuten\" \/>\n<script type=\"application\/ld+json\" class=\"yoast-schema-graph\">{\"@context\":\"https:\\\/\\\/schema.org\",\"@graph\":[{\"@type\":\"WebPage\",\"@id\":\"https:\\\/\\\/bluergo.it\\\/de\\\/produkte\",\"url\":\"https:\\\/\\\/bluergo.it\\\/de\\\/produkte\",\"name\":\"Elektromagnetische und elektronische Komponenten - Bluergo: Elektromagnetische Verfahrenstechnik\",\"isPartOf\":{\"@id\":\"https:\\\/\\\/bluergo.it\\\/#website\"},\"datePublished\":\"2015-10-21T09:36:12+00:00\",\"dateModified\":\"2018-01-10T13:46:03+00:00\",\"description\":\"Bluergo entwickelt und fertigt kundenspezifische oder standardisierte elektromagnetische, elektronische Komponenten f\u00fcr Haushaltsger\u00e4te, Automobile, Hausautomation.\",\"breadcrumb\":{\"@id\":\"https:\\\/\\\/bluergo.it\\\/de\\\/produkte#breadcrumb\"},\"inLanguage\":\"de\",\"potentialAction\":[{\"@type\":\"ReadAction\",\"target\":[\"https:\\\/\\\/bluergo.it\\\/de\\\/produkte\"]}]},{\"@type\":\"BreadcrumbList\",\"@id\":\"https:\\\/\\\/bluergo.it\\\/de\\\/produkte#breadcrumb\",\"itemListElement\":[{\"@type\":\"ListItem\",\"position\":1,\"name\":\"Home\",\"item\":\"https:\\\/\\\/bluergo.it\\\/de\"},{\"@type\":\"ListItem\",\"position\":2,\"name\":\"Produkte\"}]},{\"@type\":\"WebSite\",\"@id\":\"https:\\\/\\\/bluergo.it\\\/#website\",\"url\":\"https:\\\/\\\/bluergo.it\\\/\",\"name\":\"Bluergo: Elektromagnetische Verfahrenstechnik\",\"description\":\"Design und Produktion von elektromagnetischen Komponenten\",\"potentialAction\":[{\"@type\":\"SearchAction\",\"target\":{\"@type\":\"EntryPoint\",\"urlTemplate\":\"https:\\\/\\\/bluergo.it\\\/?s={search_term_string}\"},\"query-input\":{\"@type\":\"PropertyValueSpecification\",\"valueRequired\":true,\"valueName\":\"search_term_string\"}}],\"inLanguage\":\"de\"}]}<\/script>\n<!-- \/ Yoast SEO plugin. -->","yoast_head_json":{"title":"Elektromagnetische und elektronische Komponenten - Bluergo: Elektromagnetische Verfahrenstechnik","description":"Bluergo entwickelt und fertigt kundenspezifische oder standardisierte elektromagnetische, elektronische Komponenten f\u00fcr Haushaltsger\u00e4te, Automobile, Hausautomation.","robots":{"index":"index","follow":"follow","max-snippet":"max-snippet:-1","max-image-preview":"max-image-preview:large","max-video-preview":"max-video-preview:-1"},"canonical":"https:\/\/bluergo.it\/de\/produkte","og_locale":"de_DE","og_type":"article","og_title":"Elektromagnetische und elektronische Komponenten - Bluergo: Elektromagnetische Verfahrenstechnik","og_description":"Bluergo entwickelt und fertigt kundenspezifische oder standardisierte elektromagnetische, elektronische Komponenten f\u00fcr Haushaltsger\u00e4te, Automobile, Hausautomation.","og_url":"https:\/\/bluergo.it\/de\/produkte","og_site_name":"Bluergo: Elektromagnetische Verfahrenstechnik","article_modified_time":"2018-01-10T13:46:03+00:00","twitter_card":"summary_large_image","twitter_misc":{"Gesch\u00e4tzte Lesezeit":"5\u00a0Minuten"},"schema":{"@context":"https:\/\/schema.org","@graph":[{"@type":"WebPage","@id":"https:\/\/bluergo.it\/de\/produkte","url":"https:\/\/bluergo.it\/de\/produkte","name":"Elektromagnetische und elektronische Komponenten - Bluergo: Elektromagnetische Verfahrenstechnik","isPartOf":{"@id":"https:\/\/bluergo.it\/#website"},"datePublished":"2015-10-21T09:36:12+00:00","dateModified":"2018-01-10T13:46:03+00:00","description":"Bluergo entwickelt und fertigt kundenspezifische oder standardisierte elektromagnetische, elektronische Komponenten f\u00fcr Haushaltsger\u00e4te, Automobile, Hausautomation.","breadcrumb":{"@id":"https:\/\/bluergo.it\/de\/produkte#breadcrumb"},"inLanguage":"de","potentialAction":[{"@type":"ReadAction","target":["https:\/\/bluergo.it\/de\/produkte"]}]},{"@type":"BreadcrumbList","@id":"https:\/\/bluergo.it\/de\/produkte#breadcrumb","itemListElement":[{"@type":"ListItem","position":1,"name":"Home","item":"https:\/\/bluergo.it\/de"},{"@type":"ListItem","position":2,"name":"Produkte"}]},{"@type":"WebSite","@id":"https:\/\/bluergo.it\/#website","url":"https:\/\/bluergo.it\/","name":"Bluergo: Elektromagnetische Verfahrenstechnik","description":"Design und Produktion von elektromagnetischen Komponenten","potentialAction":[{"@type":"SearchAction","target":{"@type":"EntryPoint","urlTemplate":"https:\/\/bluergo.it\/?s={search_term_string}"},"query-input":{"@type":"PropertyValueSpecification","valueRequired":true,"valueName":"search_term_string"}}],"inLanguage":"de"}]}},"_links":{"self":[{"href":"https:\/\/bluergo.it\/de\/wp-json\/wp\/v2\/pages\/44196","targetHints":{"allow":["GET"]}}],"collection":[{"href":"https:\/\/bluergo.it\/de\/wp-json\/wp\/v2\/pages"}],"about":[{"href":"https:\/\/bluergo.it\/de\/wp-json\/wp\/v2\/types\/page"}],"author":[{"embeddable":true,"href":"https:\/\/bluergo.it\/de\/wp-json\/wp\/v2\/users\/1"}],"replies":[{"embeddable":true,"href":"https:\/\/bluergo.it\/de\/wp-json\/wp\/v2\/comments?post=44196"}],"version-history":[{"count":8,"href":"https:\/\/bluergo.it\/de\/wp-json\/wp\/v2\/pages\/44196\/revisions"}],"predecessor-version":[{"id":44596,"href":"https:\/\/bluergo.it\/de\/wp-json\/wp\/v2\/pages\/44196\/revisions\/44596"}],"wp:attachment":[{"href":"https:\/\/bluergo.it\/de\/wp-json\/wp\/v2\/media?parent=44196"}],"curies":[{"name":"wp","href":"https:\/\/api.w.org\/{rel}","templated":true}]}}